{"id":12440,"date":"2021-04-01T12:17:10","date_gmt":"2021-04-01T15:17:10","guid":{"rendered":"https:\/\/www.taller-palabras.com\/WordPress_04\/?post_type=product&#038;p=12440"},"modified":"2026-04-01T12:23:08","modified_gmt":"2026-04-01T15:23:08","slug":"las-lanzas-coloradas-arturo-uslar-pietri-ebook","status":"publish","type":"product","link":"https:\/\/www.taller-palabras.com\/WordPress_04\/producto\/las-lanzas-coloradas-arturo-uslar-pietri-ebook","title":{"rendered":"Las lanzas coloradas &#8211; Arturo Uslar Pietri \/ebook"},"content":{"rendered":"<figure id=\"attachment_12432\" aria-describedby=\"caption-attachment-12432\" style=\"width: 150px\" class=\"wp-caption alignleft\"><img loading=\"lazy\" decoding=\"async\" class=\"wp-image-12432 size-thumbnail\" src=\"https:\/\/www.taller-palabras.com\/WordPress_04\/wp-content\/uploads\/2026\/04\/Arturo-Pietri-150x150.jpg\" alt=\"\" width=\"150\" height=\"150\" srcset=\"https:\/\/www.taller-palabras.com\/WordPress_04\/wp-content\/uploads\/2026\/04\/Arturo-Pietri-150x150.jpg 150w, https:\/\/www.taller-palabras.com\/WordPress_04\/wp-content\/uploads\/2026\/04\/Arturo-Pietri-100x100.jpg 100w, https:\/\/www.taller-palabras.com\/WordPress_04\/wp-content\/uploads\/2026\/04\/Arturo-Pietri.jpg 189w\" sizes=\"auto, (max-width: 150px) 100vw, 150px\" \/><figcaption id=\"caption-attachment-12432\" class=\"wp-caption-text\">Autor Arturo Uslar Pietri<\/figcaption><\/figure>\n<p>\u00abLas lanzas coloradas\u00bb tiene por contexto la guerra de independencia en lo que fuera la Capitan\u00eda General de Venezuela. En la breve extensi\u00f3n de la novela se condensa una variedad de personajes de distinta condici\u00f3n, destacando entre ellos el hacendado Fernando Fonta, joven so\u00f1ador y de escaso temple, seducido por el idealismo de la causa independentista; y su brutal capataz, Presentaci\u00f3n Campos, mulato fuerte, bravuc\u00f3n y de imponente presencia; \u00e1vido de acci\u00f3n y de gloria guerrera, Campos solivianta a los esclavos que dirige, destruye la hacienda y se pliega al ej\u00e9rcito del general Boves, jefe realista famoso por su crueldad. Mientras Campos va en busca de la guerra y disfruta de sus atrocidades, el hacendado la padece. En compa\u00f1\u00eda muy diversa \u2013Fonta con sus dos amigos, uno de ellos un oficial ingl\u00e9s, Campos a la cabeza de los esclavos sublevados\u2014, guiados por motivos contrapuestos, recorren ambos los amplios llanos venezolanos hasta toparse con los bandos en liza. La que hay es una guerra salvaje. Uslar Pietri no se va con medias tintas al representarla, pero tampoco hace de su novela libelo acusatorio ni follet\u00edn propagand\u00edstico. Lejos de formular discursos aleccionadores, se aplica a enfocar la lente en la violencia desatada, en la que los personajes no sirven m\u00e1s que de peones. El hombre que ha perdido su hacienda y cree muerta a su hermana, ese Fernando Fonta que en Caracas se uniera a los conspiradores que alentaban la instauraci\u00f3n de la rep\u00fablica, debe empu\u00f1ar un arma cuando sus escasos arrestos se han extinguido. Por su parte, Campos, quien se ha unido al bando realista s\u00f3lo por parecerle el m\u00e1s fuerte \u2013y es que toda se\u00f1al de debilidad lo asquea\u2014, se luce en la refriega, complacido de enrojecer su lanza con la sangre del enemigo. No es la justicia de una causa o las iniquidades de su contraria lo que conduce la narraci\u00f3n, en la parte medular, sino la ferocidad de la guerra y el salvajismo desbocado de los hombres del llano.<\/p>\n","protected":false},"excerpt":{"rendered":"<p>\u00abLas lanzas coloradas\u00bb tiene por contexto la guerra de independencia en lo que fuera la Capitan\u00eda General de Venezuela. En la breve extensi\u00f3n de la novela se condensa una variedad de personajes de distinta condici\u00f3n, destacando entre ellos el hacendado Fernando Fonta, joven so\u00f1ador y de escaso temple, seducido por el idealismo de la causa [&hellip;]<\/p>\n","protected":false},"featured_media":12443,"template":"","meta":[],"product_brand":[1706],"product_cat":[25],"product_tag":[1711,136,1714,55],"class_list":{"0":"post-12440","1":"product","2":"type-product","3":"status-publish","4":"has-post-thumbnail","6":"product_brand-grupo1","7":"product_cat-libros-digitales-ebooks","8":"product_tag-arturo-uslar-pietri","9":"product_tag-decargar-ebook","10":"product_tag-las-lanzas-coloradas","11":"product_tag-novelas","13":"first","14":"instock","15":"shipping-taxable","16":"purchasable","17":"product-type-variable","18":"has-default-attributes"},"_links":{"self":[{"href":"https:\/\/www.taller-palabras.com\/WordPress_04\/wp-json\/wp\/v2\/product\/12440","targetHints":{"allow":["GET"]}}],"collection":[{"href":"https:\/\/www.taller-palabras.com\/WordPress_04\/wp-json\/wp\/v2\/product"}],"about":[{"href":"https:\/\/www.taller-palabras.com\/WordPress_04\/wp-json\/wp\/v2\/types\/product"}],"wp:featuredmedia":[{"embeddable":true,"href":"https:\/\/www.taller-palabras.com\/WordPress_04\/wp-json\/wp\/v2\/media\/12443"}],"wp:attachment":[{"href":"https:\/\/www.taller-palabras.com\/WordPress_04\/wp-json\/wp\/v2\/media?parent=12440"}],"wp:term":[{"taxonomy":"product_brand","embeddable":true,"href":"https:\/\/www.taller-palabras.com\/WordPress_04\/wp-json\/wp\/v2\/product_brand?post=12440"},{"taxonomy":"product_cat","embeddable":true,"href":"https:\/\/www.taller-palabras.com\/WordPress_04\/wp-json\/wp\/v2\/product_cat?post=12440"},{"taxonomy":"product_tag","embeddable":true,"href":"https:\/\/www.taller-palabras.com\/WordPress_04\/wp-json\/wp\/v2\/product_tag?post=12440"}],"curies":[{"name":"wp","href":"https:\/\/api.w.org\/{rel}","templated":true}]}}