{"id":12480,"date":"2018-10-12T16:15:25","date_gmt":"2018-10-12T19:15:25","guid":{"rendered":"https:\/\/www.taller-palabras.com\/WordPress_04\/?post_type=product&#038;p=12480"},"modified":"2026-04-04T13:30:03","modified_gmt":"2026-04-04T16:30:03","slug":"el-turista-accidental-anne-tyler-ebook","status":"publish","type":"product","link":"https:\/\/www.taller-palabras.com\/WordPress_04\/producto\/el-turista-accidental-anne-tyler-ebook","title":{"rendered":"El turista accidental &#8211; Anne Tyler \/ebook"},"content":{"rendered":"<p><img loading=\"lazy\" decoding=\"async\" class=\"wp-image-12473 size-full alignleft\" src=\"https:\/\/www.taller-palabras.com\/WordPress_04\/wp-content\/uploads\/2026\/04\/Anne-Tyler.jpg\" alt=\"\" width=\"182\" height=\"182\" srcset=\"https:\/\/www.taller-palabras.com\/WordPress_04\/wp-content\/uploads\/2026\/04\/Anne-Tyler.jpg 182w, https:\/\/www.taller-palabras.com\/WordPress_04\/wp-content\/uploads\/2026\/04\/Anne-Tyler-150x150.jpg 150w, https:\/\/www.taller-palabras.com\/WordPress_04\/wp-content\/uploads\/2026\/04\/Anne-Tyler-100x100.jpg 100w\" sizes=\"auto, (max-width: 182px) 100vw, 182px\" \/>Tras la p\u00e9rdida de su hijo, un aburrido escritor de gu\u00edas de viaje para hombres de negocios se sumerge en una crisis de tristeza y melancol\u00eda que desemboca en la ruptura de su matrimonio\u2026 Justo entonces conoce a una adiestradora de perros dicharachera y jovial con la que entabla una relaci\u00f3n que le llevar\u00e1 a recuperar el optimismo y las ganas de vivir\u2026 Una intensa historia de personajes y emociones que dio origen a la aclamada pel\u00edcula del mismo t\u00edtulo, dirigida en 1988 por Lawrence Kasdan e interpretada por William Hurt, Geena Davis y Kathleen Turner.<\/p>\n","protected":false},"excerpt":{"rendered":"<p>Tras la p\u00e9rdida de su hijo, un aburrido escritor de gu\u00edas de viaje para hombres de negocios se sumerge en una crisis de tristeza y melancol\u00eda que desemboca en la ruptura de su matrimonio\u2026 Justo entonces conoce a una adiestradora de perros dicharachera y jovial con la que entabla una relaci\u00f3n que le llevar\u00e1 a [&hellip;]<\/p>\n","protected":false},"featured_media":12483,"template":"","meta":[],"product_brand":[],"product_cat":[25],"product_tag":[62,54,1721,55],"class_list":{"0":"post-12480","1":"product","2":"type-product","3":"status-publish","4":"has-post-thumbnail","6":"product_cat-libros-digitales-ebooks","7":"product_tag-anne-tyler","8":"product_tag-descargar-ebook","9":"product_tag-el-turista-accidental","10":"product_tag-novelas","12":"first","13":"instock","14":"shipping-taxable","15":"purchasable","16":"product-type-variable","17":"has-default-attributes"},"_links":{"self":[{"href":"https:\/\/www.taller-palabras.com\/WordPress_04\/wp-json\/wp\/v2\/product\/12480","targetHints":{"allow":["GET"]}}],"collection":[{"href":"https:\/\/www.taller-palabras.com\/WordPress_04\/wp-json\/wp\/v2\/product"}],"about":[{"href":"https:\/\/www.taller-palabras.com\/WordPress_04\/wp-json\/wp\/v2\/types\/product"}],"wp:featuredmedia":[{"embeddable":true,"href":"https:\/\/www.taller-palabras.com\/WordPress_04\/wp-json\/wp\/v2\/media\/12483"}],"wp:attachment":[{"href":"https:\/\/www.taller-palabras.com\/WordPress_04\/wp-json\/wp\/v2\/media?parent=12480"}],"wp:term":[{"taxonomy":"product_brand","embeddable":true,"href":"https:\/\/www.taller-palabras.com\/WordPress_04\/wp-json\/wp\/v2\/product_brand?post=12480"},{"taxonomy":"product_cat","embeddable":true,"href":"https:\/\/www.taller-palabras.com\/WordPress_04\/wp-json\/wp\/v2\/product_cat?post=12480"},{"taxonomy":"product_tag","embeddable":true,"href":"https:\/\/www.taller-palabras.com\/WordPress_04\/wp-json\/wp\/v2\/product_tag?post=12480"}],"curies":[{"name":"wp","href":"https:\/\/api.w.org\/{rel}","templated":true}]}}