{"id":12488,"date":"2018-10-12T16:16:40","date_gmt":"2018-10-12T19:16:40","guid":{"rendered":"https:\/\/www.taller-palabras.com\/WordPress_04\/?post_type=product&#038;p=12488"},"modified":"2026-04-04T13:34:29","modified_gmt":"2026-04-04T16:34:29","slug":"reunion-en-el-restaurante-nostalgia-anne-tyler-ebook","status":"publish","type":"product","link":"https:\/\/www.taller-palabras.com\/WordPress_04\/producto\/reunion-en-el-restaurante-nostalgia-anne-tyler-ebook","title":{"rendered":"Reuni\u00f3n en el restaurante Nostalgia &#8211; Anne Tyler \/ebook"},"content":{"rendered":"<p><img loading=\"lazy\" decoding=\"async\" class=\"wp-image-12473 size-full alignleft\" src=\"https:\/\/www.taller-palabras.com\/WordPress_04\/wp-content\/uploads\/2026\/04\/Anne-Tyler.jpg\" alt=\"\" width=\"182\" height=\"182\" srcset=\"https:\/\/www.taller-palabras.com\/WordPress_04\/wp-content\/uploads\/2026\/04\/Anne-Tyler.jpg 182w, https:\/\/www.taller-palabras.com\/WordPress_04\/wp-content\/uploads\/2026\/04\/Anne-Tyler-150x150.jpg 150w, https:\/\/www.taller-palabras.com\/WordPress_04\/wp-content\/uploads\/2026\/04\/Anne-Tyler-100x100.jpg 100w\" sizes=\"auto, (max-width: 182px) 100vw, 182px\" \/>Quiz\u00e1 se equivoc\u00f3 quien dijo que todas las familias felices se parecen, porque incluso la charla cordial de una familia reunida alrededor de la mesa revela el malestar de quien come y calla, la angustia de quien habla demasiado, y el vac\u00edo que deja ese plato puesto para alguien que nunca acudir\u00e1 a la cena. Pearl, una mujer de ochenta y cinco a\u00f1os, no quiere caminar hacia la muerte sin recordar antes los momentos importantes de su vida, empezando por aquella noche de domingo de 1944 en que su marido puso cuatro trapos en una maleta y le cont\u00f3 que se iba, sin explicar d\u00f3nde, sin decir si y cu\u00e1ndo volver\u00eda. A la ma\u00f1ana siguiente, faltaba alguien en la mesa del desayuno, pero la mujer no se atrevi\u00f3 a contar la verdad a sus hijos; lo que hizo fue aprender a disimular, educando a Cody, Jenny y Ezra como mejor supo, pero olvid\u00e1ndose a menudo de regalarles caricias y buenas palabras. Los a\u00f1os fueron pasando, y ahora Cody es un hombre obsesionado por acumular afecto y dinero que no le pertenecen y Jenny busca una felicidad improbable en los hombres que la acompa\u00f1an. Ezra es el \u00fanico que parece disfrutar de la vida entre las cuatro paredes de su restaurante: es all\u00ed donde la familia se re\u00fane, pero siempre hay un sitio vac\u00edo a la espera de que alguien llegue o vuelva\u2026 Alrededor de ese vac\u00edo, de ese plato abandonado, Anne Tyler ha construido un mundo donde cada lector encontrar\u00e1 su propia historia.<\/p>\n","protected":false},"excerpt":{"rendered":"<p>Quiz\u00e1 se equivoc\u00f3 quien dijo que todas las familias felices se parecen, porque incluso la charla cordial de una familia reunida alrededor de la mesa revela el malestar de quien come y calla, la angustia de quien habla demasiado, y el vac\u00edo que deja ese plato puesto para alguien que nunca acudir\u00e1 a la cena. [&hellip;]<\/p>\n","protected":false},"featured_media":12491,"template":"","meta":[],"product_brand":[],"product_cat":[25],"product_tag":[62,54,55,1722],"class_list":{"0":"post-12488","1":"product","2":"type-product","3":"status-publish","4":"has-post-thumbnail","6":"product_cat-libros-digitales-ebooks","7":"product_tag-anne-tyler","8":"product_tag-descargar-ebook","9":"product_tag-novelas","10":"product_tag-reunion-en-el-restaurante-nostalgia","12":"first","13":"instock","14":"shipping-taxable","15":"purchasable","16":"product-type-variable","17":"has-default-attributes"},"_links":{"self":[{"href":"https:\/\/www.taller-palabras.com\/WordPress_04\/wp-json\/wp\/v2\/product\/12488","targetHints":{"allow":["GET"]}}],"collection":[{"href":"https:\/\/www.taller-palabras.com\/WordPress_04\/wp-json\/wp\/v2\/product"}],"about":[{"href":"https:\/\/www.taller-palabras.com\/WordPress_04\/wp-json\/wp\/v2\/types\/product"}],"wp:featuredmedia":[{"embeddable":true,"href":"https:\/\/www.taller-palabras.com\/WordPress_04\/wp-json\/wp\/v2\/media\/12491"}],"wp:attachment":[{"href":"https:\/\/www.taller-palabras.com\/WordPress_04\/wp-json\/wp\/v2\/media?parent=12488"}],"wp:term":[{"taxonomy":"product_brand","embeddable":true,"href":"https:\/\/www.taller-palabras.com\/WordPress_04\/wp-json\/wp\/v2\/product_brand?post=12488"},{"taxonomy":"product_cat","embeddable":true,"href":"https:\/\/www.taller-palabras.com\/WordPress_04\/wp-json\/wp\/v2\/product_cat?post=12488"},{"taxonomy":"product_tag","embeddable":true,"href":"https:\/\/www.taller-palabras.com\/WordPress_04\/wp-json\/wp\/v2\/product_tag?post=12488"}],"curies":[{"name":"wp","href":"https:\/\/api.w.org\/{rel}","templated":true}]}}