{"id":12495,"date":"2023-04-01T13:42:08","date_gmt":"2023-04-01T16:42:08","guid":{"rendered":"https:\/\/www.taller-palabras.com\/WordPress_04\/?post_type=product&#038;p=12495"},"modified":"2026-04-04T17:22:56","modified_gmt":"2026-04-04T20:22:56","slug":"tres-tristes-tigres-guillermo-cabrera-infante-ebook","status":"publish","type":"product","link":"https:\/\/www.taller-palabras.com\/WordPress_04\/producto\/tres-tristes-tigres-guillermo-cabrera-infante-ebook","title":{"rendered":"Tres tristes tigres &#8211; Guillermo Cabrera Infante \/ebook"},"content":{"rendered":"<figure id=\"attachment_12451\" aria-describedby=\"caption-attachment-12451\" style=\"width: 150px\" class=\"wp-caption alignleft\"><img loading=\"lazy\" decoding=\"async\" class=\"wp-image-12451 size-thumbnail\" src=\"https:\/\/www.taller-palabras.com\/WordPress_04\/wp-content\/uploads\/2026\/04\/Guillermo-Infante-150x150.jpg\" alt=\"\" width=\"150\" height=\"150\" srcset=\"https:\/\/www.taller-palabras.com\/WordPress_04\/wp-content\/uploads\/2026\/04\/Guillermo-Infante-150x150.jpg 150w, https:\/\/www.taller-palabras.com\/WordPress_04\/wp-content\/uploads\/2026\/04\/Guillermo-Infante-100x100.jpg 100w, https:\/\/www.taller-palabras.com\/WordPress_04\/wp-content\/uploads\/2026\/04\/Guillermo-Infante.jpg 283w\" sizes=\"auto, (max-width: 150px) 100vw, 150px\" \/><figcaption id=\"caption-attachment-12451\" class=\"wp-caption-text\">Autor Guillermo Cabrera Infante<\/figcaption><\/figure>\n<p>Tres tristes tigres es la novela m\u00e1s audaz del llamado boom hispanoamericano de los a\u00f1os sesenta, un hito esencial en la narrativa hisp\u00e1nica y una de su mayores muestras en la traducci\u00f3n moderna y posmoderna. Publicada en 1967, a\u00f1o clave en la historia del boom \u2014coincide con Cien a\u00f1os de soledad\u2014, representa dentro de ese cuerpo de por s\u00ed experimental un experimento mayor con el lenguaje, con las estructuras narrativas y con la imaginaci\u00f3n literaria. El texto escrito, seg\u00fan Cabrera Infante, \u00aben cubano\u00bb, que no en espa\u00f1ol, se caracteriza por sus abundantes juegos de palabras que parten del relajo o humor t\u00edpico del pueblo cubano. Tres tristes tigres es, en palabras de su autor, \u00abuna galer\u00eda de voces, casi un museo del habla cubana, en la que generaciones por venir podr\u00edan o\u00edr hablar a sus ancestros\u00bb. Una recreaci\u00f3n nost\u00e1lgica de La Habana de 1958, y en especial de su vida nocturna. Un canto a la ciudad, que recrea y mitifica, rescribiendo la \u00abhistoria\u00bb de la cultura habanera.<\/p>\n","protected":false},"excerpt":{"rendered":"<p>Tres tristes tigres es la novela m\u00e1s audaz del llamado boom hispanoamericano de los a\u00f1os sesenta, un hito esencial en la narrativa hisp\u00e1nica y una de su mayores muestras en la traducci\u00f3n moderna y posmoderna. Publicada en 1967, a\u00f1o clave en la historia del boom \u2014coincide con Cien a\u00f1os de soledad\u2014, representa dentro de ese [&hellip;]<\/p>\n","protected":false},"featured_media":12498,"template":"","meta":[],"product_brand":[1706],"product_cat":[25],"product_tag":[136,1715,55,1723],"class_list":{"0":"post-12495","1":"product","2":"type-product","3":"status-publish","4":"has-post-thumbnail","6":"product_brand-grupo1","7":"product_cat-libros-digitales-ebooks","8":"product_tag-decargar-ebook","9":"product_tag-guillermo-cabrera-infante","10":"product_tag-novelas","11":"product_tag-tres-tristes-tigres","13":"first","14":"instock","15":"shipping-taxable","16":"purchasable","17":"product-type-variable","18":"has-default-attributes"},"_links":{"self":[{"href":"https:\/\/www.taller-palabras.com\/WordPress_04\/wp-json\/wp\/v2\/product\/12495","targetHints":{"allow":["GET"]}}],"collection":[{"href":"https:\/\/www.taller-palabras.com\/WordPress_04\/wp-json\/wp\/v2\/product"}],"about":[{"href":"https:\/\/www.taller-palabras.com\/WordPress_04\/wp-json\/wp\/v2\/types\/product"}],"wp:featuredmedia":[{"embeddable":true,"href":"https:\/\/www.taller-palabras.com\/WordPress_04\/wp-json\/wp\/v2\/media\/12498"}],"wp:attachment":[{"href":"https:\/\/www.taller-palabras.com\/WordPress_04\/wp-json\/wp\/v2\/media?parent=12495"}],"wp:term":[{"taxonomy":"product_brand","embeddable":true,"href":"https:\/\/www.taller-palabras.com\/WordPress_04\/wp-json\/wp\/v2\/product_brand?post=12495"},{"taxonomy":"product_cat","embeddable":true,"href":"https:\/\/www.taller-palabras.com\/WordPress_04\/wp-json\/wp\/v2\/product_cat?post=12495"},{"taxonomy":"product_tag","embeddable":true,"href":"https:\/\/www.taller-palabras.com\/WordPress_04\/wp-json\/wp\/v2\/product_tag?post=12495"}],"curies":[{"name":"wp","href":"https:\/\/api.w.org\/{rel}","templated":true}]}}