{"id":12502,"date":"2018-10-12T16:17:59","date_gmt":"2018-10-12T19:17:59","guid":{"rendered":"https:\/\/www.taller-palabras.com\/WordPress_04\/?post_type=product&#038;p=12502"},"modified":"2026-04-05T12:38:19","modified_gmt":"2026-04-05T15:38:19","slug":"si-llega-a-amanecer-anne-tyler-ebook","status":"publish","type":"product","link":"https:\/\/www.taller-palabras.com\/WordPress_04\/producto\/si-llega-a-amanecer-anne-tyler-ebook","title":{"rendered":"Si llega a amanecer &#8211; Anne Tyler \/ebook"},"content":{"rendered":"<p><img loading=\"lazy\" decoding=\"async\" class=\"wp-image-12473 size-full alignleft\" src=\"https:\/\/www.taller-palabras.com\/WordPress_04\/wp-content\/uploads\/2026\/04\/Anne-Tyler.jpg\" alt=\"\" width=\"182\" height=\"182\" srcset=\"https:\/\/www.taller-palabras.com\/WordPress_04\/wp-content\/uploads\/2026\/04\/Anne-Tyler.jpg 182w, https:\/\/www.taller-palabras.com\/WordPress_04\/wp-content\/uploads\/2026\/04\/Anne-Tyler-150x150.jpg 150w, https:\/\/www.taller-palabras.com\/WordPress_04\/wp-content\/uploads\/2026\/04\/Anne-Tyler-100x100.jpg 100w\" sizes=\"auto, (max-width: 182px) 100vw, 182px\" \/>Si llega a amanecer es la novela de un viaje: un viaje de retorno al pa\u00eds de la memoria. En un tono sencillo, dentro de las coordenadas de la literatura minimalista norteamericana, Anne Tyler, en este su primer libro de 1964 nos describe un regreso al mundo de la adolescencia por parte de un hombre que tal vez, como Peter Pan, no quiere crecer, el reencuentro con un mundo poblado por las mujeres que rodearon su infancia y en el que espera encontrar la respuesta a interrogantes acumulados a lo largo de los a\u00f1os. Ben Joe no es un h\u00e9roe ni un anti-h\u00e9roe; es sencillamente un joven que vive una crisis personal de b\u00fasqueda de identidad acosado por la nostalgia. Su viaje es necesario. Hay algo de simb\u00f3lico en ese retorno a las ra\u00edces de la vida y los espacios que dejara atr\u00e1s, un mundo del que no podr\u00e1 desprenderse aunque su destino deba ser solitario, individual. Novela elaborada, que bajo su aparente sencillez esconde una notable complejidad de significados.<\/p>\n","protected":false},"excerpt":{"rendered":"<p>Si llega a amanecer es la novela de un viaje: un viaje de retorno al pa\u00eds de la memoria. En un tono sencillo, dentro de las coordenadas de la literatura minimalista norteamericana, Anne Tyler, en este su primer libro de 1964 nos describe un regreso al mundo de la adolescencia por parte de un hombre [&hellip;]<\/p>\n","protected":false},"featured_media":12505,"template":"","meta":[],"product_brand":[],"product_cat":[25],"product_tag":[62,54,55,1724],"class_list":{"0":"post-12502","1":"product","2":"type-product","3":"status-publish","4":"has-post-thumbnail","6":"product_cat-libros-digitales-ebooks","7":"product_tag-anne-tyler","8":"product_tag-descargar-ebook","9":"product_tag-novelas","10":"product_tag-si-llega-a-amanecer","12":"first","13":"instock","14":"shipping-taxable","15":"purchasable","16":"product-type-variable","17":"has-default-attributes"},"_links":{"self":[{"href":"https:\/\/www.taller-palabras.com\/WordPress_04\/wp-json\/wp\/v2\/product\/12502","targetHints":{"allow":["GET"]}}],"collection":[{"href":"https:\/\/www.taller-palabras.com\/WordPress_04\/wp-json\/wp\/v2\/product"}],"about":[{"href":"https:\/\/www.taller-palabras.com\/WordPress_04\/wp-json\/wp\/v2\/types\/product"}],"wp:featuredmedia":[{"embeddable":true,"href":"https:\/\/www.taller-palabras.com\/WordPress_04\/wp-json\/wp\/v2\/media\/12505"}],"wp:attachment":[{"href":"https:\/\/www.taller-palabras.com\/WordPress_04\/wp-json\/wp\/v2\/media?parent=12502"}],"wp:term":[{"taxonomy":"product_brand","embeddable":true,"href":"https:\/\/www.taller-palabras.com\/WordPress_04\/wp-json\/wp\/v2\/product_brand?post=12502"},{"taxonomy":"product_cat","embeddable":true,"href":"https:\/\/www.taller-palabras.com\/WordPress_04\/wp-json\/wp\/v2\/product_cat?post=12502"},{"taxonomy":"product_tag","embeddable":true,"href":"https:\/\/www.taller-palabras.com\/WordPress_04\/wp-json\/wp\/v2\/product_tag?post=12502"}],"curies":[{"name":"wp","href":"https:\/\/api.w.org\/{rel}","templated":true}]}}