{"id":12509,"date":"2018-10-12T16:13:07","date_gmt":"2018-10-12T19:13:07","guid":{"rendered":"https:\/\/www.taller-palabras.com\/WordPress_04\/?post_type=product&#038;p=12509"},"modified":"2026-04-05T13:12:36","modified_gmt":"2026-04-05T16:12:36","slug":"el-hombre-que-dijo-adios-anne-tyler-ebook","status":"publish","type":"product","link":"https:\/\/www.taller-palabras.com\/WordPress_04\/producto\/el-hombre-que-dijo-adios-anne-tyler-ebook","title":{"rendered":"El hombre que dijo adi\u00f3s &#8211; Anne Tyler \/ebook"},"content":{"rendered":"<figure id=\"attachment_12473\" aria-describedby=\"caption-attachment-12473\" style=\"width: 150px\" class=\"wp-caption alignleft\"><img loading=\"lazy\" decoding=\"async\" class=\"wp-image-12473 size-thumbnail\" src=\"https:\/\/www.taller-palabras.com\/WordPress_04\/wp-content\/uploads\/2026\/04\/Anne-Tyler-150x150.jpg\" alt=\"\" width=\"150\" height=\"150\" srcset=\"https:\/\/www.taller-palabras.com\/WordPress_04\/wp-content\/uploads\/2026\/04\/Anne-Tyler-150x150.jpg 150w, https:\/\/www.taller-palabras.com\/WordPress_04\/wp-content\/uploads\/2026\/04\/Anne-Tyler-100x100.jpg 100w, https:\/\/www.taller-palabras.com\/WordPress_04\/wp-content\/uploads\/2026\/04\/Anne-Tyler.jpg 182w\" sizes=\"auto, (max-width: 150px) 100vw, 150px\" \/><figcaption id=\"caption-attachment-12473\" class=\"wp-caption-text\">Autora Anne Tyler<\/figcaption><\/figure>\n<p>Aaron parece un hombre cualquiera, acomodado a la rutina del barrio donde vive, ocupado en su trabajo de editor y poco m\u00e1s. Sin embargo, la extravagancia humana suele agazaparse en los detalles: al acercarnos a \u00e9l, descubrimos que este viudo de mediana edad tiene car\u00e1cter como para llevar con desenvoltura una malformaci\u00f3n f\u00edsica que arrastra desde ni\u00f1o, y no solo eso: puede enfrentarse a una hermana algo d\u00e9spota e incluso pasear de la mano de su esposa Dorothy, muerta hace unos meses pero viva en su imaginaci\u00f3n, tan viva que Aaron se extra\u00f1a de que los dem\u00e1s no noten su presencia. El rostro de Dorothy, su pelo moreno y mal cortado, su cuerpo desgarbado y su manera tan expeditiva de resolver los asuntos del coraz\u00f3n acompa\u00f1an a Aaron mientras el hombre se empe\u00f1a en reconstruir su casa, ahora sepultada bajo un \u00e1rbol gigante que al caer provoc\u00f3 la muerte de su esposa. Gracias a ese ir y venir de peque\u00f1os acontecimientos, que perturban pero renuevan su modo de entender la vida, Aaron descubrir\u00e1 la manera de decir adi\u00f3s a Dorothy y de despedirse de ella con las palabras adecuadas.<\/p>\n","protected":false},"excerpt":{"rendered":"<p>Aaron parece un hombre cualquiera, acomodado a la rutina del barrio donde vive, ocupado en su trabajo de editor y poco m\u00e1s. Sin embargo, la extravagancia humana suele agazaparse en los detalles: al acercarnos a \u00e9l, descubrimos que este viudo de mediana edad tiene car\u00e1cter como para llevar con desenvoltura una malformaci\u00f3n f\u00edsica que arrastra [&hellip;]<\/p>\n","protected":false},"featured_media":12512,"template":"","meta":[],"product_brand":[],"product_cat":[25],"product_tag":[62,54,1725,55],"class_list":{"0":"post-12509","1":"product","2":"type-product","3":"status-publish","4":"has-post-thumbnail","6":"product_cat-libros-digitales-ebooks","7":"product_tag-anne-tyler","8":"product_tag-descargar-ebook","9":"product_tag-el-hombre-que-dijo-adios","10":"product_tag-novelas","12":"first","13":"instock","14":"shipping-taxable","15":"purchasable","16":"product-type-variable","17":"has-default-attributes"},"_links":{"self":[{"href":"https:\/\/www.taller-palabras.com\/WordPress_04\/wp-json\/wp\/v2\/product\/12509","targetHints":{"allow":["GET"]}}],"collection":[{"href":"https:\/\/www.taller-palabras.com\/WordPress_04\/wp-json\/wp\/v2\/product"}],"about":[{"href":"https:\/\/www.taller-palabras.com\/WordPress_04\/wp-json\/wp\/v2\/types\/product"}],"wp:featuredmedia":[{"embeddable":true,"href":"https:\/\/www.taller-palabras.com\/WordPress_04\/wp-json\/wp\/v2\/media\/12512"}],"wp:attachment":[{"href":"https:\/\/www.taller-palabras.com\/WordPress_04\/wp-json\/wp\/v2\/media?parent=12509"}],"wp:term":[{"taxonomy":"product_brand","embeddable":true,"href":"https:\/\/www.taller-palabras.com\/WordPress_04\/wp-json\/wp\/v2\/product_brand?post=12509"},{"taxonomy":"product_cat","embeddable":true,"href":"https:\/\/www.taller-palabras.com\/WordPress_04\/wp-json\/wp\/v2\/product_cat?post=12509"},{"taxonomy":"product_tag","embeddable":true,"href":"https:\/\/www.taller-palabras.com\/WordPress_04\/wp-json\/wp\/v2\/product_tag?post=12509"}],"curies":[{"name":"wp","href":"https:\/\/api.w.org\/{rel}","templated":true}]}}