{"id":12524,"date":"2018-04-05T18:12:21","date_gmt":"2018-04-05T21:12:21","guid":{"rendered":"https:\/\/www.taller-palabras.com\/WordPress_04\/?post_type=product&#038;p=12524"},"modified":"2026-04-07T10:36:03","modified_gmt":"2026-04-07T13:36:03","slug":"el-papa-verde-miguel-angel-asturias-ebook","status":"publish","type":"product","link":"https:\/\/www.taller-palabras.com\/WordPress_04\/producto\/el-papa-verde-miguel-angel-asturias-ebook","title":{"rendered":"Saga: El Papa verde (2) &#8211; Miguel \u00c1ngel Asturias \/ebook"},"content":{"rendered":"<p><img loading=\"lazy\" decoding=\"async\" class=\"wp-image-12519 size-full alignleft\" src=\"https:\/\/www.taller-palabras.com\/WordPress_04\/wp-content\/uploads\/2026\/04\/Miguel-Asturias.jpg\" alt=\"\" width=\"198\" height=\"198\" srcset=\"https:\/\/www.taller-palabras.com\/WordPress_04\/wp-content\/uploads\/2026\/04\/Miguel-Asturias.jpg 198w, https:\/\/www.taller-palabras.com\/WordPress_04\/wp-content\/uploads\/2026\/04\/Miguel-Asturias-150x150.jpg 150w, https:\/\/www.taller-palabras.com\/WordPress_04\/wp-content\/uploads\/2026\/04\/Miguel-Asturias-100x100.jpg 100w\" sizes=\"auto, (max-width: 198px) 100vw, 198px\" \/>El autor se resiste a aceptar el genocidio cultural y humano que la realidad colonial parece imponerle a su pueblo, y reafirma la vitalidad de este \u00faltimo, encarando una empresa literaria que pone como principales protagonistas a aquellas v\u00edctimas sometidas al yugo de la dominaci\u00f3n imperialista que, no obstante su situaci\u00f3n, resisten a la opresi\u00f3n, manteniendo y reproduciendo en las condiciones m\u00e1s adversas una identidad propia. Insisti\u00f3 en parecidos temas en sus siguientes obras, como en la pol\u00e9mica trilog\u00eda novel\u00edstica conocida como \u201cLa trilog\u00eda de la rep\u00fablica de la banana\u201d que es conformada por: Viento fuerte (1950), El Papa verde (1954) y Los ojos de los enterrados (1960). El teatro de Miguel \u00c1ngel Asturias es menos conocido, si bien abunda en el inconformismo y la cr\u00edtica social: Chantaje y Dique seco, ambas de 1964.<\/p>\n","protected":false},"excerpt":{"rendered":"<p>El autor se resiste a aceptar el genocidio cultural y humano que la realidad colonial parece imponerle a su pueblo, y reafirma la vitalidad de este \u00faltimo, encarando una empresa literaria que pone como principales protagonistas a aquellas v\u00edctimas sometidas al yugo de la dominaci\u00f3n imperialista que, no obstante su situaci\u00f3n, resisten a la opresi\u00f3n, [&hellip;]<\/p>\n","protected":false},"featured_media":12529,"template":"","meta":[],"product_brand":[1706],"product_cat":[25,47],"product_tag":[136,1728,1726,55],"class_list":{"0":"post-12524","1":"product","2":"type-product","3":"status-publish","4":"has-post-thumbnail","6":"product_brand-grupo1","7":"product_cat-libros-digitales-ebooks","8":"product_cat-libros-digitales-sagas","9":"product_tag-decargar-ebook","10":"product_tag-el-papa-verde","11":"product_tag-miguel-angel-asturias","12":"product_tag-novelas","14":"first","15":"instock","16":"shipping-taxable","17":"purchasable","18":"product-type-variable","19":"has-default-attributes"},"_links":{"self":[{"href":"https:\/\/www.taller-palabras.com\/WordPress_04\/wp-json\/wp\/v2\/product\/12524","targetHints":{"allow":["GET"]}}],"collection":[{"href":"https:\/\/www.taller-palabras.com\/WordPress_04\/wp-json\/wp\/v2\/product"}],"about":[{"href":"https:\/\/www.taller-palabras.com\/WordPress_04\/wp-json\/wp\/v2\/types\/product"}],"wp:featuredmedia":[{"embeddable":true,"href":"https:\/\/www.taller-palabras.com\/WordPress_04\/wp-json\/wp\/v2\/media\/12529"}],"wp:attachment":[{"href":"https:\/\/www.taller-palabras.com\/WordPress_04\/wp-json\/wp\/v2\/media?parent=12524"}],"wp:term":[{"taxonomy":"product_brand","embeddable":true,"href":"https:\/\/www.taller-palabras.com\/WordPress_04\/wp-json\/wp\/v2\/product_brand?post=12524"},{"taxonomy":"product_cat","embeddable":true,"href":"https:\/\/www.taller-palabras.com\/WordPress_04\/wp-json\/wp\/v2\/product_cat?post=12524"},{"taxonomy":"product_tag","embeddable":true,"href":"https:\/\/www.taller-palabras.com\/WordPress_04\/wp-json\/wp\/v2\/product_tag?post=12524"}],"curies":[{"name":"wp","href":"https:\/\/api.w.org\/{rel}","templated":true}]}}