{"id":12531,"date":"2018-04-05T18:13:00","date_gmt":"2018-04-05T21:13:00","guid":{"rendered":"https:\/\/www.taller-palabras.com\/WordPress_04\/?post_type=product&#038;p=12531"},"modified":"2026-04-07T10:35:35","modified_gmt":"2026-04-07T13:35:35","slug":"viento-fuerte-miguel-angel-asturias-ebook","status":"publish","type":"product","link":"https:\/\/www.taller-palabras.com\/WordPress_04\/producto\/viento-fuerte-miguel-angel-asturias-ebook","title":{"rendered":"Saga: Viento fuerte (1) &#8211; Miguel \u00c1ngel Asturias \/ebook"},"content":{"rendered":"<p><img loading=\"lazy\" decoding=\"async\" class=\"wp-image-12519 size-full alignleft\" src=\"https:\/\/www.taller-palabras.com\/WordPress_04\/wp-content\/uploads\/2026\/04\/Miguel-Asturias.jpg\" alt=\"\" width=\"198\" height=\"198\" srcset=\"https:\/\/www.taller-palabras.com\/WordPress_04\/wp-content\/uploads\/2026\/04\/Miguel-Asturias.jpg 198w, https:\/\/www.taller-palabras.com\/WordPress_04\/wp-content\/uploads\/2026\/04\/Miguel-Asturias-150x150.jpg 150w, https:\/\/www.taller-palabras.com\/WordPress_04\/wp-content\/uploads\/2026\/04\/Miguel-Asturias-100x100.jpg 100w\" sizes=\"auto, (max-width: 198px) 100vw, 198px\" \/>\u201cUna fuerza que nada deje en pie. Lo ped\u00eda Hermenegilo Puac. Un viento que soplara por debajo. Constante, fuerte, m\u00e1s fuerte, cada vez m\u00e1s fuerte y m\u00e1s bajo, desenraizando los bananales de la Tropicaltanera, arranc\u00e1ndolos para siempre. El viento que clava los dientes en la tierra, sucio, atmosf\u00e9rico, salobre y desentierra todo, hasta los muertos. Lo ped\u00eda Hermenegilo Puac con la presencia de su muerte de coraz\u00f3n y la entrega de su cabeza a Rito. Soy Perraj. \u00bfSe le cambiar\u00e1 la forma a todo? Se le cambiar\u00e1. Las l\u00edneas del ferrocarril se mover\u00e1n como serpientes. Nada quedar\u00e1 en su sitio. La pobre resistencia vegetal a los elementos desenfrenados dentro de lo natural, ser\u00e1 abatida por un solo elemento desencadenado dentro de lo sobrenatural y m\u00e1gico con la voluntad destructiva del hombre, la fuerza de las bestias marinas y el golpeteo incesante en las ra\u00edces, los cimientos, las patas de los animales, los pies de los horrorizados habitantes. Lo ped\u00eda Hermenegilo Puac. Y la avalancha huracanada de terremoto a\u00e9reo, de maremoto seco, ser\u00eda, vendr\u00eda, sobrevendr\u00eda por el pedido de Hermenegilo Puac a Rito Perraj, el que maneja con sus dedos los alientos fluido y p\u00e9treo de Hurac\u00e1n y Cabrac\u00e1n.\u201d<\/p>\n","protected":false},"excerpt":{"rendered":"<p>\u201cUna fuerza que nada deje en pie. Lo ped\u00eda Hermenegilo Puac. Un viento que soplara por debajo. Constante, fuerte, m\u00e1s fuerte, cada vez m\u00e1s fuerte y m\u00e1s bajo, desenraizando los bananales de la Tropicaltanera, arranc\u00e1ndolos para siempre. El viento que clava los dientes en la tierra, sucio, atmosf\u00e9rico, salobre y desentierra todo, hasta los muertos. [&hellip;]<\/p>\n","protected":false},"featured_media":12534,"template":"","meta":[],"product_brand":[1706],"product_cat":[25,47],"product_tag":[136,1726,55,1729],"class_list":{"0":"post-12531","1":"product","2":"type-product","3":"status-publish","4":"has-post-thumbnail","6":"product_brand-grupo1","7":"product_cat-libros-digitales-ebooks","8":"product_cat-libros-digitales-sagas","9":"product_tag-decargar-ebook","10":"product_tag-miguel-angel-asturias","11":"product_tag-novelas","12":"product_tag-viento-fuerte","14":"first","15":"instock","16":"shipping-taxable","17":"purchasable","18":"product-type-variable","19":"has-default-attributes"},"_links":{"self":[{"href":"https:\/\/www.taller-palabras.com\/WordPress_04\/wp-json\/wp\/v2\/product\/12531","targetHints":{"allow":["GET"]}}],"collection":[{"href":"https:\/\/www.taller-palabras.com\/WordPress_04\/wp-json\/wp\/v2\/product"}],"about":[{"href":"https:\/\/www.taller-palabras.com\/WordPress_04\/wp-json\/wp\/v2\/types\/product"}],"wp:featuredmedia":[{"embeddable":true,"href":"https:\/\/www.taller-palabras.com\/WordPress_04\/wp-json\/wp\/v2\/media\/12534"}],"wp:attachment":[{"href":"https:\/\/www.taller-palabras.com\/WordPress_04\/wp-json\/wp\/v2\/media?parent=12531"}],"wp:term":[{"taxonomy":"product_brand","embeddable":true,"href":"https:\/\/www.taller-palabras.com\/WordPress_04\/wp-json\/wp\/v2\/product_brand?post=12531"},{"taxonomy":"product_cat","embeddable":true,"href":"https:\/\/www.taller-palabras.com\/WordPress_04\/wp-json\/wp\/v2\/product_cat?post=12531"},{"taxonomy":"product_tag","embeddable":true,"href":"https:\/\/www.taller-palabras.com\/WordPress_04\/wp-json\/wp\/v2\/product_tag?post=12531"}],"curies":[{"name":"wp","href":"https:\/\/api.w.org\/{rel}","templated":true}]}}