{"id":12547,"date":"2018-04-05T18:15:52","date_gmt":"2018-04-05T21:15:52","guid":{"rendered":"https:\/\/www.taller-palabras.com\/WordPress_04\/?post_type=product&#038;p=12547"},"modified":"2026-04-07T13:09:59","modified_gmt":"2026-04-07T16:09:59","slug":"el-senor-presidente-miguel-angel-asturias-ebook","status":"publish","type":"product","link":"https:\/\/www.taller-palabras.com\/WordPress_04\/producto\/el-senor-presidente-miguel-angel-asturias-ebook","title":{"rendered":"El Se\u00f1or Presidente &#8211; Miguel \u00c1ngel Asturias \/ebook"},"content":{"rendered":"<p><img loading=\"lazy\" decoding=\"async\" class=\"wp-image-12519 size-full alignleft\" src=\"https:\/\/www.taller-palabras.com\/WordPress_04\/wp-content\/uploads\/2026\/04\/Miguel-Asturias.jpg\" alt=\"\" width=\"198\" height=\"198\" srcset=\"https:\/\/www.taller-palabras.com\/WordPress_04\/wp-content\/uploads\/2026\/04\/Miguel-Asturias.jpg 198w, https:\/\/www.taller-palabras.com\/WordPress_04\/wp-content\/uploads\/2026\/04\/Miguel-Asturias-150x150.jpg 150w, https:\/\/www.taller-palabras.com\/WordPress_04\/wp-content\/uploads\/2026\/04\/Miguel-Asturias-100x100.jpg 100w\" sizes=\"auto, (max-width: 198px) 100vw, 198px\" \/>\u2026\u00a1Alumbra, lumbre de alumbre, Luzbel de piedralumbre! \u2026 \u00a1Alumbra, lumbre de alumbre sobre la podredumbre!&#8230;\u201d Como en todos los buenos libros, podemos encontrar aqu\u00ed todos los g\u00e9neros, las voces, los temas. Es pues una historia pol\u00edtica, una obra que denuncia la estupidez y corrupci\u00f3n, es un espejo que retrata sin miramientos, con la misma minuciosidad, la opulencia y la miseria, porque aqu\u00ed hay (como en la vida) cobardes, personas con voluntad, s\u00e1tiros, cr\u00e9dulos, ignorantes, ignorados, crueles y pac\u00edficos. El libro mantiene siempre un tono \u00e1cido, refrescante, es una comedia que lleva impl\u00edcita una historia tr\u00e1gica, es la voz de las mujeres mudas, de los obtusos presidentes, de los maquiav\u00e9licos funcionarios, de los oprimidos, de los privados de la libertad, de los hambrientos de palabras y de pan, sobre todo de pan. Es por \u00faltimo, una historia de amor frustrado, donde el personaje termina privado de todo, conserva sus sue\u00f1os, le acompa\u00f1an casi hasta el final, pero eso tambi\u00e9n pueden quit\u00e1rselo. El despojo de un hombre es lo que queda en esa \u00faltima escena \u00bfCu\u00e1ntos estamos dispuestos a defender eso, eso que pensamos que nadie puede robarnos? Qu\u00e9 pod\u00eda hacer el cara de \u00e1ngel. S\u00ed, Miguel \u00c1ngel Asturias irrumpe en el panorama de mis lecturas para mostrar que Guatemala tambi\u00e9n existe, siempre ha estado ah\u00ed, con los mismos cr\u00edmenes impunes, que quiz\u00e1 hubieran cesado ya, si mir\u00e1ramos a tiempo\u201d<\/p>\n","protected":false},"excerpt":{"rendered":"<p>\u2026\u00a1Alumbra, lumbre de alumbre, Luzbel de piedralumbre! \u2026 \u00a1Alumbra, lumbre de alumbre sobre la podredumbre!&#8230;\u201d Como en todos los buenos libros, podemos encontrar aqu\u00ed todos los g\u00e9neros, las voces, los temas. Es pues una historia pol\u00edtica, una obra que denuncia la estupidez y corrupci\u00f3n, es un espejo que retrata sin miramientos, con la misma minuciosidad, [&hellip;]<\/p>\n","protected":false},"featured_media":12550,"template":"","meta":[],"product_brand":[1706],"product_cat":[25],"product_tag":[136,1731,1726,55],"class_list":{"0":"post-12547","1":"product","2":"type-product","3":"status-publish","4":"has-post-thumbnail","6":"product_brand-grupo1","7":"product_cat-libros-digitales-ebooks","8":"product_tag-decargar-ebook","9":"product_tag-el-senor-presidente","10":"product_tag-miguel-angel-asturias","11":"product_tag-novelas","13":"first","14":"instock","15":"shipping-taxable","16":"purchasable","17":"product-type-variable","18":"has-default-attributes"},"_links":{"self":[{"href":"https:\/\/www.taller-palabras.com\/WordPress_04\/wp-json\/wp\/v2\/product\/12547","targetHints":{"allow":["GET"]}}],"collection":[{"href":"https:\/\/www.taller-palabras.com\/WordPress_04\/wp-json\/wp\/v2\/product"}],"about":[{"href":"https:\/\/www.taller-palabras.com\/WordPress_04\/wp-json\/wp\/v2\/types\/product"}],"wp:featuredmedia":[{"embeddable":true,"href":"https:\/\/www.taller-palabras.com\/WordPress_04\/wp-json\/wp\/v2\/media\/12550"}],"wp:attachment":[{"href":"https:\/\/www.taller-palabras.com\/WordPress_04\/wp-json\/wp\/v2\/media?parent=12547"}],"wp:term":[{"taxonomy":"product_brand","embeddable":true,"href":"https:\/\/www.taller-palabras.com\/WordPress_04\/wp-json\/wp\/v2\/product_brand?post=12547"},{"taxonomy":"product_cat","embeddable":true,"href":"https:\/\/www.taller-palabras.com\/WordPress_04\/wp-json\/wp\/v2\/product_cat?post=12547"},{"taxonomy":"product_tag","embeddable":true,"href":"https:\/\/www.taller-palabras.com\/WordPress_04\/wp-json\/wp\/v2\/product_tag?post=12547"}],"curies":[{"name":"wp","href":"https:\/\/api.w.org\/{rel}","templated":true}]}}