{"id":12572,"date":"2019-04-10T13:12:46","date_gmt":"2019-04-10T16:12:46","guid":{"rendered":"https:\/\/www.taller-palabras.com\/WordPress_04\/?post_type=product&#038;p=12572"},"modified":"2026-04-10T13:30:08","modified_gmt":"2026-04-10T16:30:08","slug":"los-lanzallamas-roberto-arlt-ebook","status":"publish","type":"product","link":"https:\/\/www.taller-palabras.com\/WordPress_04\/producto\/los-lanzallamas-roberto-arlt-ebook","title":{"rendered":"Los lanzallamas &#8211; Roberto Arlt \/ebook"},"content":{"rendered":"<figure id=\"attachment_12576\" aria-describedby=\"caption-attachment-12576\" style=\"width: 150px\" class=\"wp-caption alignleft\"><img loading=\"lazy\" decoding=\"async\" class=\"wp-image-12576 size-thumbnail\" src=\"https:\/\/www.taller-palabras.com\/WordPress_04\/wp-content\/uploads\/2026\/04\/roberto-arlt-150x150.jpg\" alt=\"\" width=\"150\" height=\"150\" srcset=\"https:\/\/www.taller-palabras.com\/WordPress_04\/wp-content\/uploads\/2026\/04\/roberto-arlt-150x150.jpg 150w, https:\/\/www.taller-palabras.com\/WordPress_04\/wp-content\/uploads\/2026\/04\/roberto-arlt-100x100.jpg 100w, https:\/\/www.taller-palabras.com\/WordPress_04\/wp-content\/uploads\/2026\/04\/roberto-arlt.jpg 283w\" sizes=\"auto, (max-width: 150px) 100vw, 150px\" \/><figcaption id=\"caption-attachment-12576\" class=\"wp-caption-text\">Autor Roberto Arlt<\/figcaption><\/figure>\n<p>Tras Los siete locos, Roberto Arlt emprendi\u00f3 una nueva novela con los mismos personajes y la voluntad de complementar aquella. La titul\u00f3 Los lanzallamas, y en su pr\u00f3logo afirmaba que con ella finalizaba Los siete locos. Aunque se trata de novelas independientes, que no precisan una de la otra para una comprensi\u00f3n cabal de ambas, es evidente que conforman de hecho una unidad que refleja, como ning\u00fan otro texto, el universo arltiano. En Los siete locos, Erdosain, su protagonista, es un regenerador del mundo, pero tambi\u00e9n un personaje que anhela castigarse sumergi\u00e9ndose en la abyecci\u00f3n. En Los lanzallamas, Erdosain se convierte en cierto modo en la v\u00edctima del Astr\u00f3logo, el otro h\u00e9roe del libro, que se revela como un competente gerente de la monstruosidad, un nuevo dios: el enga\u00f1ador. En Los lanzallamas no hay tragedia; la aniquilaci\u00f3n es racional, cient\u00edfica, como lo es la guerra qu\u00edmica o bacteriol\u00f3gica. \u00c9ste y otros aspectos de estas dos grandes novelas convierten a Roberto Arlt en uno de los pocos narradores en lengua espa\u00f1ola que han ofrecido una interpretaci\u00f3n del caos y la incertidumbre del mundo contempor\u00e1neo.<\/p>\n","protected":false},"excerpt":{"rendered":"<p>Tras Los siete locos, Roberto Arlt emprendi\u00f3 una nueva novela con los mismos personajes y la voluntad de complementar aquella. La titul\u00f3 Los lanzallamas, y en su pr\u00f3logo afirmaba que con ella finalizaba Los siete locos. Aunque se trata de novelas independientes, que no precisan una de la otra para una comprensi\u00f3n cabal de ambas, [&hellip;]<\/p>\n","protected":false},"featured_media":12575,"template":"","meta":[],"product_brand":[],"product_cat":[25],"product_tag":[136,1736,55,1735],"class_list":{"0":"post-12572","1":"product","2":"type-product","3":"status-publish","4":"has-post-thumbnail","6":"product_cat-libros-digitales-ebooks","7":"product_tag-decargar-ebook","8":"product_tag-los-lanzallamas","9":"product_tag-novelas","10":"product_tag-roberto-arlt","12":"first","13":"instock","14":"shipping-taxable","15":"purchasable","16":"product-type-variable","17":"has-default-attributes"},"_links":{"self":[{"href":"https:\/\/www.taller-palabras.com\/WordPress_04\/wp-json\/wp\/v2\/product\/12572","targetHints":{"allow":["GET"]}}],"collection":[{"href":"https:\/\/www.taller-palabras.com\/WordPress_04\/wp-json\/wp\/v2\/product"}],"about":[{"href":"https:\/\/www.taller-palabras.com\/WordPress_04\/wp-json\/wp\/v2\/types\/product"}],"wp:featuredmedia":[{"embeddable":true,"href":"https:\/\/www.taller-palabras.com\/WordPress_04\/wp-json\/wp\/v2\/media\/12575"}],"wp:attachment":[{"href":"https:\/\/www.taller-palabras.com\/WordPress_04\/wp-json\/wp\/v2\/media?parent=12572"}],"wp:term":[{"taxonomy":"product_brand","embeddable":true,"href":"https:\/\/www.taller-palabras.com\/WordPress_04\/wp-json\/wp\/v2\/product_brand?post=12572"},{"taxonomy":"product_cat","embeddable":true,"href":"https:\/\/www.taller-palabras.com\/WordPress_04\/wp-json\/wp\/v2\/product_cat?post=12572"},{"taxonomy":"product_tag","embeddable":true,"href":"https:\/\/www.taller-palabras.com\/WordPress_04\/wp-json\/wp\/v2\/product_tag?post=12572"}],"curies":[{"name":"wp","href":"https:\/\/api.w.org\/{rel}","templated":true}]}}