{"id":12580,"date":"2019-04-10T13:13:00","date_gmt":"2019-04-10T16:13:00","guid":{"rendered":"https:\/\/www.taller-palabras.com\/WordPress_04\/?post_type=product&#038;p=12580"},"modified":"2026-04-10T13:29:44","modified_gmt":"2026-04-10T16:29:44","slug":"los-siete-locos-roberto-arlt-ebook","status":"publish","type":"product","link":"https:\/\/www.taller-palabras.com\/WordPress_04\/producto\/los-siete-locos-roberto-arlt-ebook","title":{"rendered":"Los siete locos &#8211; Roberto Arlt \/ebook"},"content":{"rendered":"<figure id=\"attachment_12576\" aria-describedby=\"caption-attachment-12576\" style=\"width: 150px\" class=\"wp-caption alignleft\"><img loading=\"lazy\" decoding=\"async\" class=\"wp-image-12576 size-thumbnail\" src=\"https:\/\/www.taller-palabras.com\/WordPress_04\/wp-content\/uploads\/2026\/04\/roberto-arlt-150x150.jpg\" alt=\"\" width=\"150\" height=\"150\" srcset=\"https:\/\/www.taller-palabras.com\/WordPress_04\/wp-content\/uploads\/2026\/04\/roberto-arlt-150x150.jpg 150w, https:\/\/www.taller-palabras.com\/WordPress_04\/wp-content\/uploads\/2026\/04\/roberto-arlt-100x100.jpg 100w, https:\/\/www.taller-palabras.com\/WordPress_04\/wp-content\/uploads\/2026\/04\/roberto-arlt.jpg 283w\" sizes=\"auto, (max-width: 150px) 100vw, 150px\" \/><figcaption id=\"caption-attachment-12576\" class=\"wp-caption-text\">Autor Roberto Arlt<\/figcaption><\/figure>\n<p>De Los siete locos, que llev\u00f3 al cine Leopoldo Torre Nilsson y que presentamos con un esclarecedor pr\u00f3logo de Mirta Arlt, ha escrito Juan Carlos Onetti: \u00ab&#8230;hab\u00eda nacido para escribir sus desdichas infantiles, adolescentes, adultas. Lo hizo con rabia y con genio, cosas que le sobraban. Todo Buenos Aires, por lo menos, ley\u00f3 este libro. Los intelectuales interrumpieron los dry martinis para encoger los hombros y rezongar piadosamente que Arlt no sab\u00eda escribir. No sab\u00eda, es cierto, y desde\u00f1aba el idioma de los mandarines; pero s\u00ed dominaba la lengua y los problemas de millones de argentinos, incapaces de comentarlo en art\u00edculos literarios, capaces de comprenderlo y sentirlo como amigo que acude \u2014hosco, silencioso o c\u00ednico\u2014 en la hora de la angustia. Hablo de arte y de un gran, extra\u00f1o artista.\u00bb<br \/>\nLos siete locos es una novela del escritor argentino Roberto Arlt editada en el mes de octubre de 1929. En la misma se desarrollan algunos de los problemas planteados por el existencialismo filos\u00f3fico. Las cuestiones morales, la soledad, la angustia ante el sin sentido de la vida y la desolaci\u00f3n de la muerte son temas recurrentes en la arquitectura metaf\u00edsica de sus protagonistas. Es una obra de l\u00facida cr\u00edtica social a la Argentina de los a\u00f1os 30. Los siete locos culmina con Los lanzallamas, novela que Arlt editar\u00eda en 1931.<\/p>\n","protected":false},"excerpt":{"rendered":"<p>De Los siete locos, que llev\u00f3 al cine Leopoldo Torre Nilsson y que presentamos con un esclarecedor pr\u00f3logo de Mirta Arlt, ha escrito Juan Carlos Onetti: \u00ab&#8230;hab\u00eda nacido para escribir sus desdichas infantiles, adolescentes, adultas. Lo hizo con rabia y con genio, cosas que le sobraban. Todo Buenos Aires, por lo menos, ley\u00f3 este libro. [&hellip;]<\/p>\n","protected":false},"featured_media":12583,"template":"","meta":[],"product_brand":[],"product_cat":[25],"product_tag":[136,1737,55,1735],"class_list":{"0":"post-12580","1":"product","2":"type-product","3":"status-publish","4":"has-post-thumbnail","6":"product_cat-libros-digitales-ebooks","7":"product_tag-decargar-ebook","8":"product_tag-los-siete-locos","9":"product_tag-novelas","10":"product_tag-roberto-arlt","12":"first","13":"instock","14":"shipping-taxable","15":"purchasable","16":"product-type-variable","17":"has-default-attributes"},"_links":{"self":[{"href":"https:\/\/www.taller-palabras.com\/WordPress_04\/wp-json\/wp\/v2\/product\/12580","targetHints":{"allow":["GET"]}}],"collection":[{"href":"https:\/\/www.taller-palabras.com\/WordPress_04\/wp-json\/wp\/v2\/product"}],"about":[{"href":"https:\/\/www.taller-palabras.com\/WordPress_04\/wp-json\/wp\/v2\/types\/product"}],"wp:featuredmedia":[{"embeddable":true,"href":"https:\/\/www.taller-palabras.com\/WordPress_04\/wp-json\/wp\/v2\/media\/12583"}],"wp:attachment":[{"href":"https:\/\/www.taller-palabras.com\/WordPress_04\/wp-json\/wp\/v2\/media?parent=12580"}],"wp:term":[{"taxonomy":"product_brand","embeddable":true,"href":"https:\/\/www.taller-palabras.com\/WordPress_04\/wp-json\/wp\/v2\/product_brand?post=12580"},{"taxonomy":"product_cat","embeddable":true,"href":"https:\/\/www.taller-palabras.com\/WordPress_04\/wp-json\/wp\/v2\/product_cat?post=12580"},{"taxonomy":"product_tag","embeddable":true,"href":"https:\/\/www.taller-palabras.com\/WordPress_04\/wp-json\/wp\/v2\/product_tag?post=12580"}],"curies":[{"name":"wp","href":"https:\/\/api.w.org\/{rel}","templated":true}]}}