{"id":12596,"date":"2019-04-10T13:16:19","date_gmt":"2019-04-10T16:16:19","guid":{"rendered":"https:\/\/www.taller-palabras.com\/WordPress_04\/?post_type=product&#038;p=12596"},"modified":"2026-04-17T13:58:13","modified_gmt":"2026-04-17T16:58:13","slug":"odas-seculares-leopoldo-lugones-gratuito-ebook","status":"publish","type":"product","link":"https:\/\/www.taller-palabras.com\/WordPress_04\/producto\/odas-seculares-leopoldo-lugones-gratuito-ebook","title":{"rendered":"Odas seculares &#8211; Leopoldo Lugones (gratuito) \/ebook"},"content":{"rendered":"<figure id=\"attachment_12593\" aria-describedby=\"caption-attachment-12593\" style=\"width: 150px\" class=\"wp-caption alignleft\"><img loading=\"lazy\" decoding=\"async\" class=\"wp-image-12593 size-thumbnail\" src=\"https:\/\/www.taller-palabras.com\/WordPress_04\/wp-content\/uploads\/2026\/04\/LEOPOLDO-LUGONES-150x150.jpg\" alt=\"\" width=\"150\" height=\"150\" srcset=\"https:\/\/www.taller-palabras.com\/WordPress_04\/wp-content\/uploads\/2026\/04\/LEOPOLDO-LUGONES-150x150.jpg 150w, https:\/\/www.taller-palabras.com\/WordPress_04\/wp-content\/uploads\/2026\/04\/LEOPOLDO-LUGONES-100x100.jpg 100w, https:\/\/www.taller-palabras.com\/WordPress_04\/wp-content\/uploads\/2026\/04\/LEOPOLDO-LUGONES.jpg 283w\" sizes=\"auto, (max-width: 150px) 100vw, 150px\" \/><figcaption id=\"caption-attachment-12593\" class=\"wp-caption-text\">Autor Leopoldo Lugones<\/figcaption><\/figure>\n<p>Odas seculares de Leopoldo Lugones es un libro que rinde un sentido homenaje al centenario de la independencia argentina. En esta obra, el poeta se erige como el rapsoda de su naci\u00f3n, entrelazando la poes\u00eda con la historia y la identidad de su pa\u00eds. Lugones enaltece los valores patri\u00f3ticos y exalta el hero\u00edsmo de aquellos que lucharon por la libertad de Argentina. A trav\u00e9s de sus versos, el poeta busca transmitir un profundo sentido de pertenencia y orgullo hacia la patria, resaltando la grandeza de su historia y el esp\u00edritu indomable de su pueblo. En Odas seculares, Lugones utiliza un lenguaje po\u00e9tico poderoso y evocador para expresar su devoci\u00f3n por la naci\u00f3n y su admiraci\u00f3n por los h\u00e9roes que forjaron la independencia. Los poemas se sumergen en la gloriosa gesta de la independencia argentina, evocando im\u00e1genes v\u00edvidas y emociones intensas. A trav\u00e9s de esta obra, Lugones busca transmitir una exaltaci\u00f3n l\u00edrica de la patria, convirti\u00e9ndose en el voz de una naci\u00f3n que celebra su pasado y se proyecta hacia el futuro. Sus poemas son un canto a la identidad nacional y un recordatorio constante de los sacrificios y logros que dieron forma a la Argentina independiente.<\/p>\n","protected":false},"excerpt":{"rendered":"<p>Odas seculares de Leopoldo Lugones es un libro que rinde un sentido homenaje al centenario de la independencia argentina. En esta obra, el poeta se erige como el rapsoda de su naci\u00f3n, entrelazando la poes\u00eda con la historia y la identidad de su pa\u00eds. Lugones enaltece los valores patri\u00f3ticos y exalta el hero\u00edsmo de aquellos [&hellip;]<\/p>\n","protected":false},"featured_media":12602,"template":"","meta":[],"product_brand":[],"product_cat":[25],"product_tag":[136,1742,1740,55,1741],"class_list":{"0":"post-12596","1":"product","2":"type-product","3":"status-publish","4":"has-post-thumbnail","6":"product_cat-libros-digitales-ebooks","7":"product_tag-decargar-ebook","8":"product_tag-ebook-descarga-gratuita","9":"product_tag-leopoldo-lugone","10":"product_tag-novelas","11":"product_tag-odas-seculares","13":"first","14":"instock","15":"downloadable","16":"virtual","17":"product-type-simple"},"_links":{"self":[{"href":"https:\/\/www.taller-palabras.com\/WordPress_04\/wp-json\/wp\/v2\/product\/12596","targetHints":{"allow":["GET"]}}],"collection":[{"href":"https:\/\/www.taller-palabras.com\/WordPress_04\/wp-json\/wp\/v2\/product"}],"about":[{"href":"https:\/\/www.taller-palabras.com\/WordPress_04\/wp-json\/wp\/v2\/types\/product"}],"wp:featuredmedia":[{"embeddable":true,"href":"https:\/\/www.taller-palabras.com\/WordPress_04\/wp-json\/wp\/v2\/media\/12602"}],"wp:attachment":[{"href":"https:\/\/www.taller-palabras.com\/WordPress_04\/wp-json\/wp\/v2\/media?parent=12596"}],"wp:term":[{"taxonomy":"product_brand","embeddable":true,"href":"https:\/\/www.taller-palabras.com\/WordPress_04\/wp-json\/wp\/v2\/product_brand?post=12596"},{"taxonomy":"product_cat","embeddable":true,"href":"https:\/\/www.taller-palabras.com\/WordPress_04\/wp-json\/wp\/v2\/product_cat?post=12596"},{"taxonomy":"product_tag","embeddable":true,"href":"https:\/\/www.taller-palabras.com\/WordPress_04\/wp-json\/wp\/v2\/product_tag?post=12596"}],"curies":[{"name":"wp","href":"https:\/\/api.w.org\/{rel}","templated":true}]}}