{"id":12605,"date":"2021-12-15T13:46:26","date_gmt":"2021-12-15T16:46:26","guid":{"rendered":"https:\/\/www.taller-palabras.com\/WordPress_04\/?post_type=product&#038;p=12605"},"modified":"2026-04-26T13:52:00","modified_gmt":"2026-04-26T16:52:00","slug":"el-corazon-del-tartaro-rosa-montero-ebook","status":"publish","type":"product","link":"https:\/\/www.taller-palabras.com\/WordPress_04\/producto\/el-corazon-del-tartaro-rosa-montero-ebook","title":{"rendered":"El coraz\u00f3n del T\u00e1rtaro &#8211; Rosa Montero \/ebook"},"content":{"rendered":"<figure id=\"attachment_4945\" aria-describedby=\"caption-attachment-4945\" style=\"width: 150px\" class=\"wp-caption alignleft\"><img loading=\"lazy\" decoding=\"async\" class=\"wp-image-4945 size-thumbnail\" src=\"https:\/\/www.taller-palabras.com\/WordPress_04\/wp-content\/uploads\/2021\/12\/RosaMontero-150x150.jpg\" alt=\"\" width=\"150\" height=\"150\" srcset=\"https:\/\/www.taller-palabras.com\/WordPress_04\/wp-content\/uploads\/2021\/12\/RosaMontero-150x150.jpg 150w, https:\/\/www.taller-palabras.com\/WordPress_04\/wp-content\/uploads\/2021\/12\/RosaMontero-100x100.jpg 100w\" sizes=\"auto, (max-width: 150px) 100vw, 150px\" \/><figcaption id=\"caption-attachment-4945\" class=\"wp-caption-text\">Autora Rosa Montero<\/figcaption><\/figure>\n<p>La editora de libros medievales Sof\u00eda Zarzamala nunca pens\u00f3 que el pasado pudiera irrumpir en su vida para sumergirla en los infiernos. \u00abTe he encontrado\u00bb, dice la voz de un hombre al otro lado de la l\u00ednea telef\u00f3nica, y con eso basta para que Sof\u00eda se vista a toda prisa y huya de su apartamento&#8230; El descenso de Sof\u00eda a los bajos fondos de la ciudad se alterna con su misterioso pasado. Veinticuatro horas repletas de ca\u00f3ticas experiencias. Aunque est\u00e1 aterrorizada, decide dedicar toda su energ\u00eda a hacerle frente a este hombre, lo cual obliga a revivir los peores a\u00f1os de su vida. De forma paralela, se cuenta la historia del libro que en ese momento est\u00e1 editando Sacha: en el siglo XII una mujer convive con dos ni\u00f1os, pr\u00e1cticamente de la misma edad, uno es hijo de ella y de su marido y el otro de su marido y otra mujer. La historia y las pasiones entre los dos hermanastros se mezclan con las narraciones m\u00edticas de Chr\u00e9tien de Troyes.<\/p>\n","protected":false},"excerpt":{"rendered":"<p>La editora de libros medievales Sof\u00eda Zarzamala nunca pens\u00f3 que el pasado pudiera irrumpir en su vida para sumergirla en los infiernos. \u00abTe he encontrado\u00bb, dice la voz de un hombre al otro lado de la l\u00ednea telef\u00f3nica, y con eso basta para que Sof\u00eda se vista a toda prisa y huya de su apartamento&#8230; [&hellip;]<\/p>\n","protected":false},"featured_media":12608,"template":"","meta":[],"product_brand":[],"product_cat":[25],"product_tag":[54,1743,225,672],"class_list":{"0":"post-12605","1":"product","2":"type-product","3":"status-publish","4":"has-post-thumbnail","6":"product_cat-libros-digitales-ebooks","7":"product_tag-descargar-ebook","8":"product_tag-el-corazon-del-tartaro","9":"product_tag-mejores-novelas","10":"product_tag-rosa-montero","12":"first","13":"instock","14":"shipping-taxable","15":"purchasable","16":"product-type-variable","17":"has-default-attributes"},"_links":{"self":[{"href":"https:\/\/www.taller-palabras.com\/WordPress_04\/wp-json\/wp\/v2\/product\/12605","targetHints":{"allow":["GET"]}}],"collection":[{"href":"https:\/\/www.taller-palabras.com\/WordPress_04\/wp-json\/wp\/v2\/product"}],"about":[{"href":"https:\/\/www.taller-palabras.com\/WordPress_04\/wp-json\/wp\/v2\/types\/product"}],"wp:featuredmedia":[{"embeddable":true,"href":"https:\/\/www.taller-palabras.com\/WordPress_04\/wp-json\/wp\/v2\/media\/12608"}],"wp:attachment":[{"href":"https:\/\/www.taller-palabras.com\/WordPress_04\/wp-json\/wp\/v2\/media?parent=12605"}],"wp:term":[{"taxonomy":"product_brand","embeddable":true,"href":"https:\/\/www.taller-palabras.com\/WordPress_04\/wp-json\/wp\/v2\/product_brand?post=12605"},{"taxonomy":"product_cat","embeddable":true,"href":"https:\/\/www.taller-palabras.com\/WordPress_04\/wp-json\/wp\/v2\/product_cat?post=12605"},{"taxonomy":"product_tag","embeddable":true,"href":"https:\/\/www.taller-palabras.com\/WordPress_04\/wp-json\/wp\/v2\/product_tag?post=12605"}],"curies":[{"name":"wp","href":"https:\/\/api.w.org\/{rel}","templated":true}]}}