{"id":12612,"date":"2021-12-15T13:49:18","date_gmt":"2021-12-15T16:49:18","guid":{"rendered":"https:\/\/www.taller-palabras.com\/WordPress_04\/?post_type=product&#038;p=12612"},"modified":"2026-04-26T14:20:47","modified_gmt":"2026-04-26T17:20:47","slug":"te-tratare-como-a-una-reina-rosa-montero-ebook","status":"publish","type":"product","link":"https:\/\/www.taller-palabras.com\/WordPress_04\/producto\/te-tratare-como-a-una-reina-rosa-montero-ebook","title":{"rendered":"Te tratar\u00e9 como a una reina &#8211; Rosa Montero \/ebook"},"content":{"rendered":"<figure id=\"attachment_4945\" aria-describedby=\"caption-attachment-4945\" style=\"width: 150px\" class=\"wp-caption alignleft\"><img loading=\"lazy\" decoding=\"async\" class=\"wp-image-4945 size-thumbnail\" src=\"https:\/\/www.taller-palabras.com\/WordPress_04\/wp-content\/uploads\/2021\/12\/RosaMontero-150x150.jpg\" alt=\"\" width=\"150\" height=\"150\" srcset=\"https:\/\/www.taller-palabras.com\/WordPress_04\/wp-content\/uploads\/2021\/12\/RosaMontero-150x150.jpg 150w, https:\/\/www.taller-palabras.com\/WordPress_04\/wp-content\/uploads\/2021\/12\/RosaMontero-100x100.jpg 100w\" sizes=\"auto, (max-width: 150px) 100vw, 150px\" \/><figcaption id=\"caption-attachment-4945\" class=\"wp-caption-text\">Autora Rosa Montero<\/figcaption><\/figure>\n<p>Por el Desir\u00e9 desfilan los sue\u00f1os y realidades de un elenco de personajes memorables encabezado por Bella, cantante de boleros; Poco, un viejo enigm\u00e1tico de origen incierto; la solterona y c\u00e1ndida Antonia y su hermano Dami\u00e1n. Sus vidas son una demostraci\u00f3n imponente de la distancia, a veces insalvable, que media entre los deseos de felicidad y las posibilidades reales de alcanzarla. Como el anverso y el reverso de un bolero, esta sobrecogedora novela juega con una contraposici\u00f3n: sobre el espacio urbano degradado de un local nocturno madrile\u00f1o, el Desir\u00e9, se proyecta la postal pintarrajeada de un improbable y suntuoso Tropicana, el legendario club cubano en sus mejores tiempos, convertido en mito y refugio de un pu\u00f1ado de so\u00f1adores. Te tratar\u00e9 como a una reina, la tercera novela de Rosa Montero, puede ser vista como una farsa negra y como una tragedia rosa. La fuerza e intensidad con que est\u00e1 narrada, la contundencia de personajes que pueden tocarse, permiten ver, con \u00e1cida verdad, un mundo desportillado que descubre la soledad de todos, bajo los falsos colores de una pintura que se resquebraja.<\/p>\n","protected":false},"excerpt":{"rendered":"<p>Por el Desir\u00e9 desfilan los sue\u00f1os y realidades de un elenco de personajes memorables encabezado por Bella, cantante de boleros; Poco, un viejo enigm\u00e1tico de origen incierto; la solterona y c\u00e1ndida Antonia y su hermano Dami\u00e1n. Sus vidas son una demostraci\u00f3n imponente de la distancia, a veces insalvable, que media entre los deseos de felicidad [&hellip;]<\/p>\n","protected":false},"featured_media":12615,"template":"","meta":[],"product_brand":[],"product_cat":[25],"product_tag":[54,225,672,1744],"class_list":{"0":"post-12612","1":"product","2":"type-product","3":"status-publish","4":"has-post-thumbnail","6":"product_cat-libros-digitales-ebooks","7":"product_tag-descargar-ebook","8":"product_tag-mejores-novelas","9":"product_tag-rosa-montero","10":"product_tag-te-tratare-como-a-una-reina","12":"first","13":"instock","14":"shipping-taxable","15":"purchasable","16":"product-type-variable","17":"has-default-attributes"},"_links":{"self":[{"href":"https:\/\/www.taller-palabras.com\/WordPress_04\/wp-json\/wp\/v2\/product\/12612","targetHints":{"allow":["GET"]}}],"collection":[{"href":"https:\/\/www.taller-palabras.com\/WordPress_04\/wp-json\/wp\/v2\/product"}],"about":[{"href":"https:\/\/www.taller-palabras.com\/WordPress_04\/wp-json\/wp\/v2\/types\/product"}],"wp:featuredmedia":[{"embeddable":true,"href":"https:\/\/www.taller-palabras.com\/WordPress_04\/wp-json\/wp\/v2\/media\/12615"}],"wp:attachment":[{"href":"https:\/\/www.taller-palabras.com\/WordPress_04\/wp-json\/wp\/v2\/media?parent=12612"}],"wp:term":[{"taxonomy":"product_brand","embeddable":true,"href":"https:\/\/www.taller-palabras.com\/WordPress_04\/wp-json\/wp\/v2\/product_brand?post=12612"},{"taxonomy":"product_cat","embeddable":true,"href":"https:\/\/www.taller-palabras.com\/WordPress_04\/wp-json\/wp\/v2\/product_cat?post=12612"},{"taxonomy":"product_tag","embeddable":true,"href":"https:\/\/www.taller-palabras.com\/WordPress_04\/wp-json\/wp\/v2\/product_tag?post=12612"}],"curies":[{"name":"wp","href":"https:\/\/api.w.org\/{rel}","templated":true}]}}