{"id":12619,"date":"2024-08-23T13:23:23","date_gmt":"2024-08-23T16:23:23","guid":{"rendered":"https:\/\/www.taller-palabras.com\/WordPress_04\/?post_type=product&#038;p=12619"},"modified":"2026-04-28T17:00:56","modified_gmt":"2026-04-28T20:00:56","slug":"el-oceano-al-final-del-camino-neil-gaiman-ebook","status":"publish","type":"product","link":"https:\/\/www.taller-palabras.com\/WordPress_04\/producto\/el-oceano-al-final-del-camino-neil-gaiman-ebook","title":{"rendered":"El oc\u00e9ano al final del camino &#8211; Neil Gaiman \/ebook"},"content":{"rendered":"<figure id=\"attachment_7374\" aria-describedby=\"caption-attachment-7374\" style=\"width: 150px\" class=\"wp-caption alignleft\"><img loading=\"lazy\" decoding=\"async\" class=\"wp-image-7374 size-thumbnail\" src=\"https:\/\/www.taller-palabras.com\/WordPress_04\/wp-content\/uploads\/2023\/08\/Neil-Gaiman-150x150.jpg\" alt=\"\" width=\"150\" height=\"150\" srcset=\"https:\/\/www.taller-palabras.com\/WordPress_04\/wp-content\/uploads\/2023\/08\/Neil-Gaiman-150x150.jpg 150w, https:\/\/www.taller-palabras.com\/WordPress_04\/wp-content\/uploads\/2023\/08\/Neil-Gaiman-100x100.jpg 100w, https:\/\/www.taller-palabras.com\/WordPress_04\/wp-content\/uploads\/2023\/08\/Neil-Gaiman.jpg 283w\" sizes=\"auto, (max-width: 150px) 100vw, 150px\" \/><figcaption id=\"caption-attachment-7374\" class=\"wp-caption-text\">Autor Neil Gaiman<\/figcaption><\/figure>\n<p>Un hombre vuelve a la zona donde vivi\u00f3 hace cuarenta a\u00f1os para asistir a un funeral. En un arranque incomprensible e inesperado, decide acercarse a la casa de su amiga de la infancia, Lettie. Y es ah\u00ed donde los recuerdos que no sab\u00eda que ten\u00eda empiezan a fluir, como el oc\u00e9ano que Lettie insist\u00eda que era, en realidad, su estanque. La memoria se mezcla con la fantas\u00eda mientras el protagonista nos cuenta un viaje imposible, en un mundo que puede o no existir, repleto de monstruos imaginarios que se hacen reales en el relato de ese ni\u00f1o de siete a\u00f1os. Tan reales como los monstruos que los adultos s\u00ed podemos entender y temer, y ante los que la \u00fanica defensa con la que cuenta el ni\u00f1o son las tres mujeres extravagantes mujeres que viven al final del camino.<\/p>\n","protected":false},"excerpt":{"rendered":"<p>Un hombre vuelve a la zona donde vivi\u00f3 hace cuarenta a\u00f1os para asistir a un funeral. En un arranque incomprensible e inesperado, decide acercarse a la casa de su amiga de la infancia, Lettie. Y es ah\u00ed donde los recuerdos que no sab\u00eda que ten\u00eda empiezan a fluir, como el oc\u00e9ano que Lettie insist\u00eda que [&hellip;]<\/p>\n","protected":false},"featured_media":12622,"template":"","meta":[],"product_brand":[],"product_cat":[25],"product_tag":[54,1745,225,1075],"class_list":{"0":"post-12619","1":"product","2":"type-product","3":"status-publish","4":"has-post-thumbnail","6":"product_cat-libros-digitales-ebooks","7":"product_tag-descargar-ebook","8":"product_tag-el-oceano-al-final-del-camino","9":"product_tag-mejores-novelas","10":"product_tag-neil-gaiman","12":"first","13":"instock","14":"shipping-taxable","15":"purchasable","16":"product-type-variable","17":"has-default-attributes"},"_links":{"self":[{"href":"https:\/\/www.taller-palabras.com\/WordPress_04\/wp-json\/wp\/v2\/product\/12619","targetHints":{"allow":["GET"]}}],"collection":[{"href":"https:\/\/www.taller-palabras.com\/WordPress_04\/wp-json\/wp\/v2\/product"}],"about":[{"href":"https:\/\/www.taller-palabras.com\/WordPress_04\/wp-json\/wp\/v2\/types\/product"}],"wp:featuredmedia":[{"embeddable":true,"href":"https:\/\/www.taller-palabras.com\/WordPress_04\/wp-json\/wp\/v2\/media\/12622"}],"wp:attachment":[{"href":"https:\/\/www.taller-palabras.com\/WordPress_04\/wp-json\/wp\/v2\/media?parent=12619"}],"wp:term":[{"taxonomy":"product_brand","embeddable":true,"href":"https:\/\/www.taller-palabras.com\/WordPress_04\/wp-json\/wp\/v2\/product_brand?post=12619"},{"taxonomy":"product_cat","embeddable":true,"href":"https:\/\/www.taller-palabras.com\/WordPress_04\/wp-json\/wp\/v2\/product_cat?post=12619"},{"taxonomy":"product_tag","embeddable":true,"href":"https:\/\/www.taller-palabras.com\/WordPress_04\/wp-json\/wp\/v2\/product_tag?post=12619"}],"curies":[{"name":"wp","href":"https:\/\/api.w.org\/{rel}","templated":true}]}}