{"id":12633,"date":"2026-04-30T17:02:42","date_gmt":"2026-04-30T20:02:42","guid":{"rendered":"https:\/\/www.taller-palabras.com\/WordPress_04\/?post_type=product&#038;p=12633"},"modified":"2026-04-30T17:06:30","modified_gmt":"2026-04-30T20:06:30","slug":"patas-arriba-eduardo-galeano-ebook","status":"publish","type":"product","link":"https:\/\/www.taller-palabras.com\/WordPress_04\/producto\/patas-arriba-eduardo-galeano-ebook","title":{"rendered":"Patas arriba &#8211; Eduardo Galeano \/ebook"},"content":{"rendered":"<p><img loading=\"lazy\" decoding=\"async\" class=\"wp-image-12636 size-full alignleft\" src=\"https:\/\/www.taller-palabras.com\/WordPress_04\/wp-content\/uploads\/2026\/04\/Eduardo-Galeano.jpg\" alt=\"\" width=\"225\" height=\"225\" \/><\/p>\n<p>Hace ciento treinta a\u00f1os, despu\u00e9s de visitar el pa\u00eds de las maravillas, Alicia se meti\u00f3 en un espejo para descubrir el mundo al rev\u00e9s. Si Alicia renaciera en nuestros d\u00edas, no necesitar\u00eda atravesar ning\u00fan espejo: le bastar\u00eda con asomarse a la ventana. Al fin del milenio, el mundo al rev\u00e9s est\u00e1 a la vista: es el mundo tal cual es, con la izquierda a la derecha, el ombligo en la espalda y la cabeza en los pies.<\/p>\n","protected":false},"excerpt":{"rendered":"<p>Hace ciento treinta a\u00f1os, despu\u00e9s de visitar el pa\u00eds de las maravillas, Alicia se meti\u00f3 en un espejo para descubrir el mundo al rev\u00e9s. Si Alicia renaciera en nuestros d\u00edas, no necesitar\u00eda atravesar ning\u00fan espejo: le bastar\u00eda con asomarse a la ventana. Al fin del milenio, el mundo al rev\u00e9s est\u00e1 a la vista: es [&hellip;]<\/p>\n","protected":false},"featured_media":12639,"template":"","meta":[],"product_brand":[1706],"product_cat":[25],"product_tag":[136,1747,55,1748],"class_list":{"0":"post-12633","1":"product","2":"type-product","3":"status-publish","4":"has-post-thumbnail","6":"product_brand-grupo1","7":"product_cat-libros-digitales-ebooks","8":"product_tag-decargar-ebook","9":"product_tag-eduardo-galeano","10":"product_tag-novelas","11":"product_tag-patas-arriba","13":"first","14":"instock","15":"shipping-taxable","16":"purchasable","17":"product-type-variable","18":"has-default-attributes"},"_links":{"self":[{"href":"https:\/\/www.taller-palabras.com\/WordPress_04\/wp-json\/wp\/v2\/product\/12633","targetHints":{"allow":["GET"]}}],"collection":[{"href":"https:\/\/www.taller-palabras.com\/WordPress_04\/wp-json\/wp\/v2\/product"}],"about":[{"href":"https:\/\/www.taller-palabras.com\/WordPress_04\/wp-json\/wp\/v2\/types\/product"}],"wp:featuredmedia":[{"embeddable":true,"href":"https:\/\/www.taller-palabras.com\/WordPress_04\/wp-json\/wp\/v2\/media\/12639"}],"wp:attachment":[{"href":"https:\/\/www.taller-palabras.com\/WordPress_04\/wp-json\/wp\/v2\/media?parent=12633"}],"wp:term":[{"taxonomy":"product_brand","embeddable":true,"href":"https:\/\/www.taller-palabras.com\/WordPress_04\/wp-json\/wp\/v2\/product_brand?post=12633"},{"taxonomy":"product_cat","embeddable":true,"href":"https:\/\/www.taller-palabras.com\/WordPress_04\/wp-json\/wp\/v2\/product_cat?post=12633"},{"taxonomy":"product_tag","embeddable":true,"href":"https:\/\/www.taller-palabras.com\/WordPress_04\/wp-json\/wp\/v2\/product_tag?post=12633"}],"curies":[{"name":"wp","href":"https:\/\/api.w.org\/{rel}","templated":true}]}}