{"id":12643,"date":"2021-11-30T12:13:39","date_gmt":"2021-11-30T15:13:39","guid":{"rendered":"https:\/\/www.taller-palabras.com\/WordPress_04\/?post_type=product&#038;p=12643"},"modified":"2026-05-07T12:13:44","modified_gmt":"2026-05-07T15:13:44","slug":"paraiso-inhabitado-ana-maria-matute-ebook","status":"publish","type":"product","link":"https:\/\/www.taller-palabras.com\/WordPress_04\/producto\/paraiso-inhabitado-ana-maria-matute-ebook","title":{"rendered":"Para\u00edso inhabitado  &#8211; Ana Mar\u00eda Matute \/ebook"},"content":{"rendered":"<p><img loading=\"lazy\" decoding=\"async\" class=\"size-full wp-image-12647 alignleft\" src=\"https:\/\/www.taller-palabras.com\/WordPress_04\/wp-content\/uploads\/2026\/05\/Ana-Maria-Matute.jpg\" alt=\"\" width=\"253\" height=\"253\" srcset=\"https:\/\/www.taller-palabras.com\/WordPress_04\/wp-content\/uploads\/2026\/05\/Ana-Maria-Matute.jpg 253w, https:\/\/www.taller-palabras.com\/WordPress_04\/wp-content\/uploads\/2026\/05\/Ana-Maria-Matute-150x150.jpg 150w, https:\/\/www.taller-palabras.com\/WordPress_04\/wp-content\/uploads\/2026\/05\/Ana-Maria-Matute-100x100.jpg 100w\" sizes=\"auto, (max-width: 253px) 100vw, 253px\" \/>\u00abNac\u00ed cuando mis padres ya no se quer\u00edan\u00bb, recuerda Adriana, mucho despu\u00e9s de que todo haya sucedido. Por ello, la ni\u00f1a se crea un para\u00edso propio, poblado por amigos imaginarios y una familia de su elecci\u00f3n. \u00abUno de mis recuerdos m\u00e1s lejanos se remonta a la noche en que vi correr al Unicornio que viv\u00eda enmarcado en la reproducci\u00f3n de un famoso tapiz. Con asombrosa nitidez, le vi echar a correr y desaparecer por un \u00e1ngulo del marco, para reaparecer enseguida y retomar su lugar; hermoso, blanqu\u00edsimo y enigm\u00e1tico\u00bb. Esta felicidad a medida se ve perturbada cuando Adriana debe iniciar el periplo escolar y entrar definitivamente en el mundo de los adultos, un entorno que le resulta ajeno cuando no hostil. Sin embargo, siempre queda un refugio bajo las relucientes estrellas escondidas en los cristales de la l\u00e1mpara del sal\u00f3n.<\/p>\n","protected":false},"excerpt":{"rendered":"<p>\u00abNac\u00ed cuando mis padres ya no se quer\u00edan\u00bb, recuerda Adriana, mucho despu\u00e9s de que todo haya sucedido. Por ello, la ni\u00f1a se crea un para\u00edso propio, poblado por amigos imaginarios y una familia de su elecci\u00f3n. \u00abUno de mis recuerdos m\u00e1s lejanos se remonta a la noche en que vi correr al Unicornio que viv\u00eda [&hellip;]<\/p>\n","protected":false},"featured_media":12646,"template":"","meta":[],"product_brand":[],"product_cat":[25],"product_tag":[650,54,225,1749],"class_list":{"0":"post-12643","1":"product","2":"type-product","3":"status-publish","4":"has-post-thumbnail","6":"product_cat-libros-digitales-ebooks","7":"product_tag-ana-maria-matute","8":"product_tag-descargar-ebook","9":"product_tag-mejores-novelas","10":"product_tag-paraiso-inhabitado","12":"first","13":"instock","14":"shipping-taxable","15":"purchasable","16":"product-type-variable","17":"has-default-attributes"},"_links":{"self":[{"href":"https:\/\/www.taller-palabras.com\/WordPress_04\/wp-json\/wp\/v2\/product\/12643","targetHints":{"allow":["GET"]}}],"collection":[{"href":"https:\/\/www.taller-palabras.com\/WordPress_04\/wp-json\/wp\/v2\/product"}],"about":[{"href":"https:\/\/www.taller-palabras.com\/WordPress_04\/wp-json\/wp\/v2\/types\/product"}],"wp:featuredmedia":[{"embeddable":true,"href":"https:\/\/www.taller-palabras.com\/WordPress_04\/wp-json\/wp\/v2\/media\/12646"}],"wp:attachment":[{"href":"https:\/\/www.taller-palabras.com\/WordPress_04\/wp-json\/wp\/v2\/media?parent=12643"}],"wp:term":[{"taxonomy":"product_brand","embeddable":true,"href":"https:\/\/www.taller-palabras.com\/WordPress_04\/wp-json\/wp\/v2\/product_brand?post=12643"},{"taxonomy":"product_cat","embeddable":true,"href":"https:\/\/www.taller-palabras.com\/WordPress_04\/wp-json\/wp\/v2\/product_cat?post=12643"},{"taxonomy":"product_tag","embeddable":true,"href":"https:\/\/www.taller-palabras.com\/WordPress_04\/wp-json\/wp\/v2\/product_tag?post=12643"}],"curies":[{"name":"wp","href":"https:\/\/api.w.org\/{rel}","templated":true}]}}