{"id":128,"date":"2018-10-08T12:19:07","date_gmt":"2018-10-08T15:19:07","guid":{"rendered":"https:\/\/www.taller-palabras.com\/WordPress_04\/?post_type=product&#038;p=128"},"modified":"2026-03-23T11:32:41","modified_gmt":"2026-03-23T14:32:41","slug":"el-angel-roto-gloria-v-casanas-ebook","status":"publish","type":"product","link":"https:\/\/www.taller-palabras.com\/WordPress_04\/producto\/el-angel-roto-gloria-v-casanas-ebook","title":{"rendered":"El \u00e1ngel roto &#8211; Gloria V. Casa\u00f1as \/ebook"},"content":{"rendered":"<figure id=\"attachment_124\" aria-describedby=\"caption-attachment-124\" style=\"width: 150px\" class=\"wp-caption alignleft\"><img loading=\"lazy\" decoding=\"async\" class=\"wp-image-124 size-thumbnail\" src=\"https:\/\/www.taller-palabras.com\/WordPress_04\/wp-content\/uploads\/2018\/10\/Gloria-V.-Casanas-150x150.jpg\" alt=\"\" width=\"150\" height=\"150\" srcset=\"https:\/\/www.taller-palabras.com\/WordPress_04\/wp-content\/uploads\/2018\/10\/Gloria-V.-Casanas-150x150.jpg 150w, https:\/\/www.taller-palabras.com\/WordPress_04\/wp-content\/uploads\/2018\/10\/Gloria-V.-Casanas-100x100.jpg 100w\" sizes=\"auto, (max-width: 150px) 100vw, 150px\" \/><figcaption id=\"caption-attachment-124\" class=\"wp-caption-text\">Autora Gloria V. Casa\u00f1as.<\/figcaption><\/figure>\n<p>Corre el a\u00f1o 1876, y la presidencia de Nicol\u00e1s Avellaneda se estremece bajo los ecos de una frustrada revoluci\u00f3n. La crisis econ\u00f3mica sacude al pa\u00eds y el encono partidario entre mitristas y alsinistas desborda los caf\u00e9s y las calles de Buenos Aires. La colonizaci\u00f3n agr\u00edcola se yergue como una promesa en los rostros de los inmigrantes que llegan en oleadas: los tanos, los turcos, los gaitas y los rusos cambian la fisonom\u00eda de una ciudad que deja atr\u00e1s su pasado de Gran Aldea. A ese escenario turbulento regresa Juli\u00e1n Zald\u00edvar y Durand, y retoma los lazos que lo un\u00edan a la clase dirigente. Sin embargo, no es el mismo de antes. La sociedad porte\u00f1a se horrorizar\u00eda si supiese lo que el soltero m\u00e1s codiciado del momento esconde en su propia casa. El hombre que regresa a su tierra a lamerse las heridas, como el le\u00f3n a su madriguera, se ver\u00e1 envuelto en toda clase de intrigas: pol\u00edticas y de alcoba. \u00c9l, que hab\u00eda jurado no volver a enamorarse. Una mujer il\u00edcita, una viuda intrigante, una joven desamparada y un antiguo amor ponen a prueba esa decisi\u00f3n. Entre los debates de los hacendados en la Sociedad Rural, la xenofobia en las pampas y los misterios del universo femenino, Juli\u00e1n Zald\u00edvar, porte\u00f1o nacido en cuna de oro, se enfrentar\u00e1 a los fantasmas de su propio pasado. En la m\u00e1s intimista de todas sus novelas, la autora pinta un fresco de la Buenos Aires de las \u00faltimas d\u00e9cadas del siglo XIX, con todos los matices que la convirtieron en la Reina del Plata.<\/p>\n","protected":false},"excerpt":{"rendered":"<p>Corre el a\u00f1o 1876, y la presidencia de Nicol\u00e1s Avellaneda se estremece bajo los ecos de una frustrada revoluci\u00f3n. La crisis econ\u00f3mica sacude al pa\u00eds y el encono partidario entre mitristas y alsinistas desborda los caf\u00e9s y las calles de Buenos Aires. La colonizaci\u00f3n agr\u00edcola se yergue como una promesa en los rostros de los [&hellip;]<\/p>\n","protected":false},"featured_media":10352,"template":"","meta":[],"product_brand":[],"product_cat":[25],"product_tag":[54,59,58,55],"class_list":{"0":"post-128","1":"product","2":"type-product","3":"status-publish","4":"has-post-thumbnail","6":"product_cat-libros-digitales-ebooks","7":"product_tag-descargar-ebook","8":"product_tag-el-angel-roto","9":"product_tag-gloria-casanas","10":"product_tag-novelas","12":"first","13":"instock","14":"shipping-taxable","15":"purchasable","16":"product-type-variable","17":"has-default-attributes"},"_links":{"self":[{"href":"https:\/\/www.taller-palabras.com\/WordPress_04\/wp-json\/wp\/v2\/product\/128","targetHints":{"allow":["GET"]}}],"collection":[{"href":"https:\/\/www.taller-palabras.com\/WordPress_04\/wp-json\/wp\/v2\/product"}],"about":[{"href":"https:\/\/www.taller-palabras.com\/WordPress_04\/wp-json\/wp\/v2\/types\/product"}],"wp:featuredmedia":[{"embeddable":true,"href":"https:\/\/www.taller-palabras.com\/WordPress_04\/wp-json\/wp\/v2\/media\/10352"}],"wp:attachment":[{"href":"https:\/\/www.taller-palabras.com\/WordPress_04\/wp-json\/wp\/v2\/media?parent=128"}],"wp:term":[{"taxonomy":"product_brand","embeddable":true,"href":"https:\/\/www.taller-palabras.com\/WordPress_04\/wp-json\/wp\/v2\/product_brand?post=128"},{"taxonomy":"product_cat","embeddable":true,"href":"https:\/\/www.taller-palabras.com\/WordPress_04\/wp-json\/wp\/v2\/product_cat?post=128"},{"taxonomy":"product_tag","embeddable":true,"href":"https:\/\/www.taller-palabras.com\/WordPress_04\/wp-json\/wp\/v2\/product_tag?post=128"}],"curies":[{"name":"wp","href":"https:\/\/api.w.org\/{rel}","templated":true}]}}