{"id":135,"date":"2018-10-08T12:40:13","date_gmt":"2018-10-08T15:40:13","guid":{"rendered":"https:\/\/www.taller-palabras.com\/WordPress_04\/?post_type=product&#038;p=135"},"modified":"2025-02-16T11:55:49","modified_gmt":"2025-02-16T14:55:49","slug":"el-cuarto-arcano-florencia-bonelli-ebook","status":"publish","type":"product","link":"https:\/\/www.taller-palabras.com\/WordPress_04\/producto\/el-cuarto-arcano-florencia-bonelli-ebook","title":{"rendered":"El Cuarto Arcano 1\u00ba parte &#8211; Florencia Bonelli \/ebook"},"content":{"rendered":"<figure id=\"attachment_133\" aria-describedby=\"caption-attachment-133\" style=\"width: 150px\" class=\"wp-caption alignleft\"><img loading=\"lazy\" decoding=\"async\" class=\"wp-image-133 size-thumbnail\" src=\"https:\/\/www.taller-palabras.com\/WordPress_04\/wp-content\/uploads\/2018\/10\/florencia-bonelli-150x150.jpg\" alt=\"\" width=\"150\" height=\"150\" srcset=\"https:\/\/www.taller-palabras.com\/WordPress_04\/wp-content\/uploads\/2018\/10\/florencia-bonelli-150x150.jpg 150w, https:\/\/www.taller-palabras.com\/WordPress_04\/wp-content\/uploads\/2018\/10\/florencia-bonelli-324x324.jpg 324w, https:\/\/www.taller-palabras.com\/WordPress_04\/wp-content\/uploads\/2018\/10\/florencia-bonelli-100x100.jpg 100w\" sizes=\"auto, (max-width: 150px) 100vw, 150px\" \/><figcaption id=\"caption-attachment-133\" class=\"wp-caption-text\">Autora Florencia Bonelli<\/figcaption><\/figure>\n<p>El amor y la lucha forjan la historia de un pa\u00eds.<br \/>\nBuenos Aires 1806. Dentro del marco hist\u00f3rico en que las colonias espa\u00f1olas de Am\u00e9rica inician sus procesos revolucionarios, Melody inicia sus comienzos en el camino de un amor que revolucionar\u00e1 su vida.<br \/>\n1806 a\u00f1o de las primeras invasiones inglesas y la ciudad de Buenos Aires arde en intrigas y se convulsiona buscando su independencia. Los complots se urden en cada esquina y los bandos se dividen y se mezclan con tanto encono como suspicacia. Nada es mucho, todo es poco para alcanzar los ideales de libertad y para muchos nada es suficiente para mantener indemne en medio de ese caldo de cultivo de odio el honor y la lealtad.<\/p>\n<p>Estos formatos digitales los puedes leer en cualquier \u00abLector digital\u00bb o en los celulares y\/o tablets con una aplicaci\u00f3n que puedes bajar\u00a0<a href=\"https:\/\/www.uptodown.com\/android\/buscar\/ebooks\" target=\"_blank\" rel=\"noopener noreferrer\">AQU\u00cd<\/a>. O si lo quieres leer en tu PC y\/o Laptop puedes bajarte este programa\u00a0<a href=\"http:\/\/www.adobe.com\/es\/solutions\/ebook\/digital-editions\/download.html\" target=\"_blank\" rel=\"noopener noreferrer\">AQU\u00cd\u00a0\u00a0<\/a>Tambi\u00e9n puedes bajar un lector de tu store preferido \ud83d\ude09<\/p>\n","protected":false},"excerpt":{"rendered":"<p>El amor y la lucha forjan la historia de un pa\u00eds. Buenos Aires 1806. Dentro del marco hist\u00f3rico en que las colonias espa\u00f1olas de Am\u00e9rica inician sus procesos revolucionarios, Melody inicia sus comienzos en el camino de un amor que revolucionar\u00e1 su vida. 1806 a\u00f1o de las primeras invasiones inglesas y la ciudad de Buenos [&hellip;]<\/p>\n","protected":false},"featured_media":134,"template":"","meta":[],"product_brand":[],"product_cat":[25],"product_tag":[54,61,60,43],"class_list":{"0":"post-135","1":"product","2":"type-product","3":"status-publish","4":"has-post-thumbnail","6":"product_cat-libros-digitales-ebooks","7":"product_tag-descargar-ebook","8":"product_tag-el-cuarto-arcano","9":"product_tag-florencia-bonelli","10":"product_tag-novelas-romanticas","12":"first","13":"instock","14":"shipping-taxable","15":"purchasable","16":"product-type-variable","17":"has-default-attributes"},"_links":{"self":[{"href":"https:\/\/www.taller-palabras.com\/WordPress_04\/wp-json\/wp\/v2\/product\/135","targetHints":{"allow":["GET"]}}],"collection":[{"href":"https:\/\/www.taller-palabras.com\/WordPress_04\/wp-json\/wp\/v2\/product"}],"about":[{"href":"https:\/\/www.taller-palabras.com\/WordPress_04\/wp-json\/wp\/v2\/types\/product"}],"wp:featuredmedia":[{"embeddable":true,"href":"https:\/\/www.taller-palabras.com\/WordPress_04\/wp-json\/wp\/v2\/media\/134"}],"wp:attachment":[{"href":"https:\/\/www.taller-palabras.com\/WordPress_04\/wp-json\/wp\/v2\/media?parent=135"}],"wp:term":[{"taxonomy":"product_brand","embeddable":true,"href":"https:\/\/www.taller-palabras.com\/WordPress_04\/wp-json\/wp\/v2\/product_brand?post=135"},{"taxonomy":"product_cat","embeddable":true,"href":"https:\/\/www.taller-palabras.com\/WordPress_04\/wp-json\/wp\/v2\/product_cat?post=135"},{"taxonomy":"product_tag","embeddable":true,"href":"https:\/\/www.taller-palabras.com\/WordPress_04\/wp-json\/wp\/v2\/product_tag?post=135"}],"curies":[{"name":"wp","href":"https:\/\/api.w.org\/{rel}","templated":true}]}}