{"id":140,"date":"2018-10-12T16:12:04","date_gmt":"2018-10-12T19:12:04","guid":{"rendered":"https:\/\/www.taller-palabras.com\/WordPress_04\/?post_type=product&#038;p=140"},"modified":"2026-04-05T13:02:55","modified_gmt":"2026-04-05T16:02:55","slug":"el-hilo-azul-anne-tyler-ebook","status":"publish","type":"product","link":"https:\/\/www.taller-palabras.com\/WordPress_04\/producto\/el-hilo-azul-anne-tyler-ebook","title":{"rendered":"El hilo azul &#8211; Anne Tyler \/ebook"},"content":{"rendered":"<figure id=\"attachment_12473\" aria-describedby=\"caption-attachment-12473\" style=\"width: 150px\" class=\"wp-caption alignleft\"><img loading=\"lazy\" decoding=\"async\" class=\"wp-image-12473 size-thumbnail\" src=\"https:\/\/www.taller-palabras.com\/WordPress_04\/wp-content\/uploads\/2026\/04\/Anne-Tyler-150x150.jpg\" alt=\"\" width=\"150\" height=\"150\" srcset=\"https:\/\/www.taller-palabras.com\/WordPress_04\/wp-content\/uploads\/2026\/04\/Anne-Tyler-150x150.jpg 150w, https:\/\/www.taller-palabras.com\/WordPress_04\/wp-content\/uploads\/2026\/04\/Anne-Tyler-100x100.jpg 100w, https:\/\/www.taller-palabras.com\/WordPress_04\/wp-content\/uploads\/2026\/04\/Anne-Tyler.jpg 182w\" sizes=\"auto, (max-width: 150px) 100vw, 150px\" \/><figcaption id=\"caption-attachment-12473\" class=\"wp-caption-text\">Autora Anne Tyler<\/figcaption><\/figure>\n<p>En El hilo Azul, Abby y Red Whitshank son los protagonistas. Un matrimonio de jubilados que luego de una vida intensa se sostienen mutuamente en el final. La familia est\u00e1 compuesta por dos hijas mujeres y dos hijos varones que han seguido cada uno de ellos su propio derrotero. Las hijas se han casado y su hijo menor tambi\u00e9n pero Denny a pesar de su treintena sigue siendo la oveja negra de la familia. Un pasado, una ni\u00f1ez en com\u00fan parece no ser suficiente para unirlos a la hora de tomar las riendas de una situaci\u00f3n insostenible: los padres no pueden vivir solos.<br \/>\nPero la vida no empieza para esa familia con ellos mismo. La casa donde han crecido los hijos, la casa que de golpe se ha vuelto excesivamente enorme para ellos dos solos, es un protagonista m\u00e1s.<br \/>\nSimple, movilizadora, austera, la historia no peca de soberbia sino que se ata y nos ata como lectores a una vida tan simple, tan austera y tan poco soberbia como la de cada uno de nosotros. El coloquial que predomina tanto en los di\u00e1logos como en el discurso narrativo es tan cercano a nuestra cotidianidad que no podemos menos que sentir que estamos entablando una charla con todos y cada uno de los personajes y con la autora Anne Tyler tambi\u00e9n.<\/p>\n","protected":false},"excerpt":{"rendered":"<p>En El hilo Azul, Abby y Red Whitshank son los protagonistas. Un matrimonio de jubilados que luego de una vida intensa se sostienen mutuamente en el final. La familia est\u00e1 compuesta por dos hijas mujeres y dos hijos varones que han seguido cada uno de ellos su propio derrotero. Las hijas se han casado y [&hellip;]<\/p>\n","protected":false},"featured_media":7898,"template":"","meta":[],"product_brand":[],"product_cat":[25],"product_tag":[62,54,63,55],"class_list":{"0":"post-140","1":"product","2":"type-product","3":"status-publish","4":"has-post-thumbnail","6":"product_cat-libros-digitales-ebooks","7":"product_tag-anne-tyler","8":"product_tag-descargar-ebook","9":"product_tag-el-hilo-azul","10":"product_tag-novelas","12":"first","13":"instock","14":"shipping-taxable","15":"purchasable","16":"product-type-variable","17":"has-default-attributes"},"_links":{"self":[{"href":"https:\/\/www.taller-palabras.com\/WordPress_04\/wp-json\/wp\/v2\/product\/140","targetHints":{"allow":["GET"]}}],"collection":[{"href":"https:\/\/www.taller-palabras.com\/WordPress_04\/wp-json\/wp\/v2\/product"}],"about":[{"href":"https:\/\/www.taller-palabras.com\/WordPress_04\/wp-json\/wp\/v2\/types\/product"}],"wp:featuredmedia":[{"embeddable":true,"href":"https:\/\/www.taller-palabras.com\/WordPress_04\/wp-json\/wp\/v2\/media\/7898"}],"wp:attachment":[{"href":"https:\/\/www.taller-palabras.com\/WordPress_04\/wp-json\/wp\/v2\/media?parent=140"}],"wp:term":[{"taxonomy":"product_brand","embeddable":true,"href":"https:\/\/www.taller-palabras.com\/WordPress_04\/wp-json\/wp\/v2\/product_brand?post=140"},{"taxonomy":"product_cat","embeddable":true,"href":"https:\/\/www.taller-palabras.com\/WordPress_04\/wp-json\/wp\/v2\/product_cat?post=140"},{"taxonomy":"product_tag","embeddable":true,"href":"https:\/\/www.taller-palabras.com\/WordPress_04\/wp-json\/wp\/v2\/product_tag?post=140"}],"curies":[{"name":"wp","href":"https:\/\/api.w.org\/{rel}","templated":true}]}}