{"id":1904,"date":"2020-04-29T17:00:04","date_gmt":"2020-04-29T20:00:04","guid":{"rendered":"https:\/\/www.taller-palabras.com\/WordPress_04\/?post_type=product&#038;p=1904"},"modified":"2023-11-12T13:48:29","modified_gmt":"2023-11-12T16:48:29","slug":"el-club-dante-matthew-pearl-ebook","status":"publish","type":"product","link":"https:\/\/www.taller-palabras.com\/WordPress_04\/producto\/el-club-dante-matthew-pearl-ebook","title":{"rendered":"El club Dante &#8211; Matthew Pearl  \/ebook"},"content":{"rendered":"<figure id=\"attachment_1903\" aria-describedby=\"caption-attachment-1903\" style=\"width: 150px\" class=\"wp-caption alignleft\"><img loading=\"lazy\" decoding=\"async\" class=\"wp-image-1903 size-thumbnail\" src=\"https:\/\/www.taller-palabras.com\/WordPress_04\/wp-content\/uploads\/2020\/04\/MatthewPearl-150x150.jpg\" alt=\"\" width=\"150\" height=\"150\" srcset=\"https:\/\/www.taller-palabras.com\/WordPress_04\/wp-content\/uploads\/2020\/04\/MatthewPearl-150x150.jpg 150w, https:\/\/www.taller-palabras.com\/WordPress_04\/wp-content\/uploads\/2020\/04\/MatthewPearl-298x300.jpg 298w, https:\/\/www.taller-palabras.com\/WordPress_04\/wp-content\/uploads\/2020\/04\/MatthewPearl-100x100.jpg 100w, https:\/\/www.taller-palabras.com\/WordPress_04\/wp-content\/uploads\/2020\/04\/MatthewPearl.jpg 318w\" sizes=\"auto, (max-width: 150px) 100vw, 150px\" \/><figcaption id=\"caption-attachment-1903\" class=\"wp-caption-text\">Autor Matthew Pearl<\/figcaption><\/figure>\n<p>Boston, 1865. Importantes personalidades est\u00e1n siendo brutalmente asesinadas por un criminal inspirado en los tormentos del Infierno de Dante. S\u00f3lo los miembros del club Dante \u2014poetas y profesores de Harvard dirigidos por Henry Wadsworth Longfellow\u2014 pueden anticiparse al asesino e identificarle. Mientras preparan la primera traducci\u00f3n americana de La divina comedia enfrent\u00e1ndose a la oposici\u00f3n de la puritana vieja guardia de Harvard, los intelectuales deber\u00e1n convertirse en detectives y pasar a la acci\u00f3n. Nicholas Ray, el primer polic\u00eda negro del departamento de Boston, dirigir\u00e1 la investigaci\u00f3n oficial mientras los miembros del club llevan a cabo sus ins\u00f3litas pesquisas. Un dantesco infierno medieval se cierne sobre las calles de la ciudad, en una \u00e9poca que toca a su fin, convulsa por la reci\u00e9n terminada guerra civil, el asesinato del presidente Lincoln y los disturbios raciales. Comparada insistentemente con El nombre de la rosa, de Umberto Eco, aclamada por la cr\u00edtica con una unanimidad asombrosa y refrendada por el p\u00fablico con su presencia en las listas de los libros m\u00e1s vendidos de New York Times, Boston Globe, Washington Post, Los Angeles Times, The Guardian, entre otros. Matthew Pearl ha logrado un equilibrio perfecto entre realidad y ficci\u00f3n, una novela hist\u00f3rica de suspense que sorprende de principio a fin.<\/p>\n<p>Cabe destacar que Pearl logra unir sus conocimientos acad\u00e9micos, como estudioso no solo de Dante sino de los poetas Rom\u00e1nticos en general (Milton, Emerson, etc.) a sus conocimientos legales, demostr\u00e1ndolo a trav\u00e9s de la estructura narrativa de forma detectivesca. La ficci\u00f3n es narrada desde una voz omnisciente que expone los puntos de vista de los personajes en tercera persona.<\/p>\n","protected":false},"excerpt":{"rendered":"<p>Boston, 1865. Importantes personalidades est\u00e1n siendo brutalmente asesinadas por un criminal inspirado en los tormentos del Infierno de Dante. S\u00f3lo los miembros del club Dante \u2014poetas y profesores de Harvard dirigidos por Henry Wadsworth Longfellow\u2014 pueden anticiparse al asesino e identificarle. Mientras preparan la primera traducci\u00f3n americana de La divina comedia enfrent\u00e1ndose a la oposici\u00f3n [&hellip;]<\/p>\n","protected":false},"featured_media":1901,"template":"","meta":[],"product_brand":[],"product_cat":[25],"product_tag":[136,196,197,55],"class_list":{"0":"post-1904","1":"product","2":"type-product","3":"status-publish","4":"has-post-thumbnail","6":"product_cat-libros-digitales-ebooks","7":"product_tag-decargar-ebook","8":"product_tag-el-club-dante","9":"product_tag-matthew-pearl","10":"product_tag-novelas","12":"first","13":"instock","14":"shipping-taxable","15":"purchasable","16":"product-type-variable","17":"has-default-attributes"},"_links":{"self":[{"href":"https:\/\/www.taller-palabras.com\/WordPress_04\/wp-json\/wp\/v2\/product\/1904","targetHints":{"allow":["GET"]}}],"collection":[{"href":"https:\/\/www.taller-palabras.com\/WordPress_04\/wp-json\/wp\/v2\/product"}],"about":[{"href":"https:\/\/www.taller-palabras.com\/WordPress_04\/wp-json\/wp\/v2\/types\/product"}],"wp:featuredmedia":[{"embeddable":true,"href":"https:\/\/www.taller-palabras.com\/WordPress_04\/wp-json\/wp\/v2\/media\/1901"}],"wp:attachment":[{"href":"https:\/\/www.taller-palabras.com\/WordPress_04\/wp-json\/wp\/v2\/media?parent=1904"}],"wp:term":[{"taxonomy":"product_brand","embeddable":true,"href":"https:\/\/www.taller-palabras.com\/WordPress_04\/wp-json\/wp\/v2\/product_brand?post=1904"},{"taxonomy":"product_cat","embeddable":true,"href":"https:\/\/www.taller-palabras.com\/WordPress_04\/wp-json\/wp\/v2\/product_cat?post=1904"},{"taxonomy":"product_tag","embeddable":true,"href":"https:\/\/www.taller-palabras.com\/WordPress_04\/wp-json\/wp\/v2\/product_tag?post=1904"}],"curies":[{"name":"wp","href":"https:\/\/api.w.org\/{rel}","templated":true}]}}