{"id":191,"date":"2019-03-24T15:35:03","date_gmt":"2019-03-24T18:35:03","guid":{"rendered":"https:\/\/www.taller-palabras.com\/WordPress_04\/?post_type=product&#038;p=191"},"modified":"2024-06-03T13:38:05","modified_gmt":"2024-06-03T16:38:05","slug":"el-jardin-de-verano-paullina-simons","status":"publish","type":"product","link":"https:\/\/www.taller-palabras.com\/WordPress_04\/producto\/el-jardin-de-verano-paullina-simons","title":{"rendered":"Saga: El jard\u00edn de verano (3)  &#8211; Paullina Simons  \/ebook"},"content":{"rendered":"<figure id=\"attachment_192\" aria-describedby=\"caption-attachment-192\" style=\"width: 150px\" class=\"wp-caption alignleft\"><img loading=\"lazy\" decoding=\"async\" class=\"wp-image-192 size-thumbnail\" src=\"https:\/\/www.taller-palabras.com\/WordPress_04\/wp-content\/uploads\/2018\/10\/Paullina-150x150.jpg\" alt=\"\" width=\"150\" height=\"150\" srcset=\"https:\/\/www.taller-palabras.com\/WordPress_04\/wp-content\/uploads\/2018\/10\/Paullina-150x150.jpg 150w, https:\/\/www.taller-palabras.com\/WordPress_04\/wp-content\/uploads\/2018\/10\/Paullina-324x324.jpg 324w, https:\/\/www.taller-palabras.com\/WordPress_04\/wp-content\/uploads\/2018\/10\/Paullina-100x100.jpg 100w\" sizes=\"auto, (max-width: 150px) 100vw, 150px\" \/><figcaption id=\"caption-attachment-192\" class=\"wp-caption-text\">Autora Paullina Simons<\/figcaption><\/figure>\n<p>Milagrosamente reunidos en Am\u00e9rica junto a su hijo Anthony, Tatiana y Alexander afrontan su nueva vida en la que promete ser una tierra de libertad y oportunidades. Sin embargo, el peso de la guerra y de los a\u00f1os de separaci\u00f3n, y la presi\u00f3n de un entorno a menudo hostil con los reci\u00e9n llegados, pondr\u00e1n a prueba un amor que hasta ahora ha demostrado ser inquebrantable.<br \/>\nEl auge de las trilog\u00edas puede mirarse desde dos puntos de vista. Por un lado la mirada del lector: el amor por una historia apasionante, el placer de seguir a tus personajes favoritos hasta cuando van al ba\u00f1o, evitar la desaz\u00f3n de haber le\u00eddo una bella historia y esa especie de angustia que provoca el libro ya le\u00eddo pasando al segundo y luego al tercero. Pero por otro lado, est\u00e1 la mirada del autor y la editorial: si una primera parte apasiona, no escatimes segundas ni terceras en el af\u00e1n por seguir vendiendo, claro que tanto autor como editor conocen a la perfecci\u00f3n la idiosincrasia de todo lector que es la mirada anterior que les relataba. Y una armoniosa uni\u00f3n entre ambas situaciones dan por resultado que las trilog\u00edas sean hoy por hoy algo tan buscado como las sagas. Ni qu\u00e9 hablar cuando estas, como en el caso de Juego de Tronos o de Forastera y tantos otros, se convierten adem\u00e1s en \u00e9xitos de series televisivas<\/p>\n","protected":false},"excerpt":{"rendered":"<p>Milagrosamente reunidos en Am\u00e9rica junto a su hijo Anthony, Tatiana y Alexander afrontan su nueva vida en la que promete ser una tierra de libertad y oportunidades. Sin embargo, el peso de la guerra y de los a\u00f1os de separaci\u00f3n, y la presi\u00f3n de un entorno a menudo hostil con los reci\u00e9n llegados, pondr\u00e1n a [&hellip;]<\/p>\n","protected":false},"featured_media":9919,"template":"","meta":[],"product_brand":[],"product_cat":[25,47],"product_tag":[54,73,55,74],"class_list":{"0":"post-191","1":"product","2":"type-product","3":"status-publish","4":"has-post-thumbnail","6":"product_cat-libros-digitales-ebooks","7":"product_cat-libros-digitales-sagas","8":"product_tag-descargar-ebook","9":"product_tag-el-jardin-de-verano","10":"product_tag-novelas","11":"product_tag-paullina-simons","13":"first","14":"instock","15":"shipping-taxable","16":"purchasable","17":"product-type-variable","18":"has-default-attributes"},"_links":{"self":[{"href":"https:\/\/www.taller-palabras.com\/WordPress_04\/wp-json\/wp\/v2\/product\/191","targetHints":{"allow":["GET"]}}],"collection":[{"href":"https:\/\/www.taller-palabras.com\/WordPress_04\/wp-json\/wp\/v2\/product"}],"about":[{"href":"https:\/\/www.taller-palabras.com\/WordPress_04\/wp-json\/wp\/v2\/types\/product"}],"wp:featuredmedia":[{"embeddable":true,"href":"https:\/\/www.taller-palabras.com\/WordPress_04\/wp-json\/wp\/v2\/media\/9919"}],"wp:attachment":[{"href":"https:\/\/www.taller-palabras.com\/WordPress_04\/wp-json\/wp\/v2\/media?parent=191"}],"wp:term":[{"taxonomy":"product_brand","embeddable":true,"href":"https:\/\/www.taller-palabras.com\/WordPress_04\/wp-json\/wp\/v2\/product_brand?post=191"},{"taxonomy":"product_cat","embeddable":true,"href":"https:\/\/www.taller-palabras.com\/WordPress_04\/wp-json\/wp\/v2\/product_cat?post=191"},{"taxonomy":"product_tag","embeddable":true,"href":"https:\/\/www.taller-palabras.com\/WordPress_04\/wp-json\/wp\/v2\/product_tag?post=191"}],"curies":[{"name":"wp","href":"https:\/\/api.w.org\/{rel}","templated":true}]}}