{"id":1937,"date":"2020-04-30T17:25:03","date_gmt":"2020-04-30T20:25:03","guid":{"rendered":"https:\/\/www.taller-palabras.com\/WordPress_04\/?post_type=product&#038;p=1937"},"modified":"2023-11-13T19:19:32","modified_gmt":"2023-11-13T22:19:32","slug":"las-dos-torres-ii-j-r-r-tolkien-ebook","status":"publish","type":"product","link":"https:\/\/www.taller-palabras.com\/WordPress_04\/producto\/las-dos-torres-ii-j-r-r-tolkien-ebook","title":{"rendered":"Saga: Las dos Torres (2) &#8211;  J. R. R. Tolkien  \/ebook ilustrado"},"content":{"rendered":"<figure id=\"attachment_1912\" aria-describedby=\"caption-attachment-1912\" style=\"width: 150px\" class=\"wp-caption alignleft\"><img loading=\"lazy\" decoding=\"async\" class=\"wp-image-1912 size-thumbnail\" src=\"https:\/\/www.taller-palabras.com\/WordPress_04\/wp-content\/uploads\/2020\/04\/JRR-Tolkien-150x150.jpg\" alt=\"\" width=\"150\" height=\"150\" srcset=\"https:\/\/www.taller-palabras.com\/WordPress_04\/wp-content\/uploads\/2020\/04\/JRR-Tolkien-150x150.jpg 150w, https:\/\/www.taller-palabras.com\/WordPress_04\/wp-content\/uploads\/2020\/04\/JRR-Tolkien-324x324.jpg 324w, https:\/\/www.taller-palabras.com\/WordPress_04\/wp-content\/uploads\/2020\/04\/JRR-Tolkien-100x100.jpg 100w\" sizes=\"auto, (max-width: 150px) 100vw, 150px\" \/><figcaption id=\"caption-attachment-1912\" class=\"wp-caption-text\">Autor J.R.R. Tolkien<\/figcaption><\/figure>\n<p>En la adormecida e id\u00edlica Comarca, un joven hobbit recibe un encargo: custodiar el Anillo \u00danico y emprender el viaje para su destrucci\u00f3n en las Grietas del Destino. Consciente de la importancia de su misi\u00f3n, Frodo abandona la Comarca e inicia el camino hacia Mordor con la compa\u00f1\u00eda inesperada de Sam, Pippin y Merry. Pero s\u00f3lo con la ayuda de Aragorn conseguir\u00e1n vencer a los jinetes Negros y alcanzar el refugio de la Casa de Elrond en Rivendel. Segunda entrega de una de las trilog\u00edas m\u00e1s importantes de la literatura fant\u00e1stica, <strong>El se\u00f1or de los anillos<\/strong>, obra del autor brit\u00e1nico\u00a0<strong>J. R. R. Tolkien<\/strong>.<\/p>\n<p>\u00abEl libro es un nudo perfecto para una saga. Est\u00e1 perfectamente conectado con los acontecimientos que se desencadenar\u00e1n en el desenlace. Monumental, como toda la obra de Tolkien.\u00bb<\/p>\n<p>&nbsp;<\/p>\n<p>&nbsp;<\/p>\n","protected":false},"excerpt":{"rendered":"<p>En la adormecida e id\u00edlica Comarca, un joven hobbit recibe un encargo: custodiar el Anillo \u00danico y emprender el viaje para su destrucci\u00f3n en las Grietas del Destino. Consciente de la importancia de su misi\u00f3n, Frodo abandona la Comarca e inicia el camino hacia Mordor con la compa\u00f1\u00eda inesperada de Sam, Pippin y Merry. Pero [&hellip;]<\/p>\n","protected":false},"featured_media":1941,"template":"","meta":[],"product_brand":[],"product_cat":[25,47],"product_tag":[54,120,121,116],"class_list":{"0":"post-1937","1":"product","2":"type-product","3":"status-publish","4":"has-post-thumbnail","6":"product_cat-libros-digitales-ebooks","7":"product_cat-libros-digitales-sagas","8":"product_tag-descargar-ebook","9":"product_tag-las-dos-torres","10":"product_tag-novela-fantastica","11":"product_tag-tolkien","13":"first","14":"instock","15":"shipping-taxable","16":"purchasable","17":"product-type-variable","18":"has-default-attributes"},"_links":{"self":[{"href":"https:\/\/www.taller-palabras.com\/WordPress_04\/wp-json\/wp\/v2\/product\/1937","targetHints":{"allow":["GET"]}}],"collection":[{"href":"https:\/\/www.taller-palabras.com\/WordPress_04\/wp-json\/wp\/v2\/product"}],"about":[{"href":"https:\/\/www.taller-palabras.com\/WordPress_04\/wp-json\/wp\/v2\/types\/product"}],"wp:featuredmedia":[{"embeddable":true,"href":"https:\/\/www.taller-palabras.com\/WordPress_04\/wp-json\/wp\/v2\/media\/1941"}],"wp:attachment":[{"href":"https:\/\/www.taller-palabras.com\/WordPress_04\/wp-json\/wp\/v2\/media?parent=1937"}],"wp:term":[{"taxonomy":"product_brand","embeddable":true,"href":"https:\/\/www.taller-palabras.com\/WordPress_04\/wp-json\/wp\/v2\/product_brand?post=1937"},{"taxonomy":"product_cat","embeddable":true,"href":"https:\/\/www.taller-palabras.com\/WordPress_04\/wp-json\/wp\/v2\/product_cat?post=1937"},{"taxonomy":"product_tag","embeddable":true,"href":"https:\/\/www.taller-palabras.com\/WordPress_04\/wp-json\/wp\/v2\/product_tag?post=1937"}],"curies":[{"name":"wp","href":"https:\/\/api.w.org\/{rel}","templated":true}]}}