{"id":1968,"date":"2020-05-02T11:34:23","date_gmt":"2020-05-02T14:34:23","guid":{"rendered":"https:\/\/www.taller-palabras.com\/WordPress_04\/?post_type=product&#038;p=1968"},"modified":"2023-11-17T13:55:45","modified_gmt":"2023-11-17T16:55:45","slug":"4321-paul-auster-ebook-copia","status":"publish","type":"product","link":"https:\/\/www.taller-palabras.com\/WordPress_04\/producto\/4321-paul-auster-ebook-copia","title":{"rendered":"4321 &#8211;  Paul Auster  \/ebook"},"content":{"rendered":"<p>&nbsp;<\/p>\n<figure id=\"attachment_2239\" aria-describedby=\"caption-attachment-2239\" style=\"width: 150px\" class=\"wp-caption alignleft\"><img loading=\"lazy\" decoding=\"async\" class=\"wp-image-2239 size-thumbnail\" src=\"https:\/\/www.taller-palabras.com\/WordPress_04\/wp-content\/uploads\/2020\/07\/PaulAuster-150x150.jpg\" alt=\"\" width=\"150\" height=\"150\" srcset=\"https:\/\/www.taller-palabras.com\/WordPress_04\/wp-content\/uploads\/2020\/07\/PaulAuster-150x150.jpg 150w, https:\/\/www.taller-palabras.com\/WordPress_04\/wp-content\/uploads\/2020\/07\/PaulAuster-324x324.jpg 324w, https:\/\/www.taller-palabras.com\/WordPress_04\/wp-content\/uploads\/2020\/07\/PaulAuster-100x100.jpg 100w\" sizes=\"auto, (max-width: 150px) 100vw, 150px\" \/><figcaption id=\"caption-attachment-2239\" class=\"wp-caption-text\">Autor Paul Auster<\/figcaption><\/figure>\n<p>El \u00fanico hecho inmutable en la vida de Ferguson es que naci\u00f3 el 3 de marzo de 1947 en Newark, Nueva Jersey. A partir de ese momento, varios caminos se abrir\u00e1n ante \u00e9l y le llevar\u00e1n a vivir cuatro vidas completamente distintas, a crecer y a explorar de formas diferentes el amor, la amistad, la familia, el arte, la pol\u00edtica e incluso la muerte, con algunos de los acontecimientos que han marcado la segunda mitad del siglo XX americano como tel\u00f3n de fondo.<br \/>\nY si hubieras tomado un camino diferente en un momento crucial de tu vida?<\/p>\n<p>En 4 3 2 1, su primera novela despu\u00e9s de siete a\u00f1os, Paul Auster explora de forma magistral los l\u00edmites del azar y las consecuencias de nuestras decisiones. Porque todo suceso, por m\u00ednimo que parezca, abre unos caminos y cierra otros. \u00abSiento que he estado prepar\u00e1ndome toda la vida para escribir este libro\u00bb, reconoc\u00eda el autor de La trilog\u00eda de Nueva York en una entrevista con el director de cine Wim Wenders. Acogida por los medios como \u00abla mejor novela de Auster\u00bb (Harper\u2019s Magazine), estamos ante una obra maestra de la precisi\u00f3n narrativa y la imaginaci\u00f3n, llamada a coronar la carrera literaria de uno de los grandes escritores de nuestra \u00e9poca.<\/p>\n<p>&nbsp;<\/p>\n","protected":false},"excerpt":{"rendered":"<p>&nbsp; El \u00fanico hecho inmutable en la vida de Ferguson es que naci\u00f3 el 3 de marzo de 1947 en Newark, Nueva Jersey. A partir de ese momento, varios caminos se abrir\u00e1n ante \u00e9l y le llevar\u00e1n a vivir cuatro vidas completamente distintas, a crecer y a explorar de formas diferentes el amor, la amistad, [&hellip;]<\/p>\n","protected":false},"featured_media":1958,"template":"","meta":[],"product_brand":[],"product_cat":[25],"product_tag":[1178,233],"class_list":{"0":"post-1968","1":"product","2":"type-product","3":"status-publish","4":"has-post-thumbnail","6":"product_cat-libros-digitales-ebooks","7":"product_tag-1178","8":"product_tag-paul-auster","10":"first","11":"instock","12":"shipping-taxable","13":"purchasable","14":"product-type-variable","15":"has-default-attributes"},"_links":{"self":[{"href":"https:\/\/www.taller-palabras.com\/WordPress_04\/wp-json\/wp\/v2\/product\/1968","targetHints":{"allow":["GET"]}}],"collection":[{"href":"https:\/\/www.taller-palabras.com\/WordPress_04\/wp-json\/wp\/v2\/product"}],"about":[{"href":"https:\/\/www.taller-palabras.com\/WordPress_04\/wp-json\/wp\/v2\/types\/product"}],"wp:featuredmedia":[{"embeddable":true,"href":"https:\/\/www.taller-palabras.com\/WordPress_04\/wp-json\/wp\/v2\/media\/1958"}],"wp:attachment":[{"href":"https:\/\/www.taller-palabras.com\/WordPress_04\/wp-json\/wp\/v2\/media?parent=1968"}],"wp:term":[{"taxonomy":"product_brand","embeddable":true,"href":"https:\/\/www.taller-palabras.com\/WordPress_04\/wp-json\/wp\/v2\/product_brand?post=1968"},{"taxonomy":"product_cat","embeddable":true,"href":"https:\/\/www.taller-palabras.com\/WordPress_04\/wp-json\/wp\/v2\/product_cat?post=1968"},{"taxonomy":"product_tag","embeddable":true,"href":"https:\/\/www.taller-palabras.com\/WordPress_04\/wp-json\/wp\/v2\/product_tag?post=1968"}],"curies":[{"name":"wp","href":"https:\/\/api.w.org\/{rel}","templated":true}]}}