{"id":199,"date":"2018-10-28T14:09:50","date_gmt":"2018-10-28T17:09:50","guid":{"rendered":"https:\/\/www.taller-palabras.com\/WordPress_04\/?post_type=product&#038;p=199"},"modified":"2025-07-05T14:20:47","modified_gmt":"2025-07-05T17:20:47","slug":"199","status":"publish","type":"product","link":"https:\/\/www.taller-palabras.com\/WordPress_04\/producto\/199","title":{"rendered":"El jard\u00edn olvidado &#8211; Kate Morton  \/ebook"},"content":{"rendered":"<figure id=\"attachment_11394\" aria-describedby=\"caption-attachment-11394\" style=\"width: 150px\" class=\"wp-caption alignleft\"><img loading=\"lazy\" decoding=\"async\" class=\"wp-image-11394 size-thumbnail\" src=\"https:\/\/www.taller-palabras.com\/WordPress_04\/wp-content\/uploads\/2025\/07\/kate_morton-242x300-1-150x150.jpg\" alt=\"\" width=\"150\" height=\"150\" srcset=\"https:\/\/www.taller-palabras.com\/WordPress_04\/wp-content\/uploads\/2025\/07\/kate_morton-242x300-1-150x150.jpg 150w, https:\/\/www.taller-palabras.com\/WordPress_04\/wp-content\/uploads\/2025\/07\/kate_morton-242x300-1-100x100.jpg 100w\" sizes=\"auto, (max-width: 150px) 100vw, 150px\" \/><figcaption id=\"caption-attachment-11394\" class=\"wp-caption-text\">Autora Kate Morton<\/figcaption><\/figure>\n<p>Una ni\u00f1a desaparecida en el siglo XX. En v\u00edsperas de la Primera Guerra Mundial, una ni\u00f1a es abandonada en un barco con destino a Australia. Una misteriosa mujer llamada la Autora ha prometido cuidar de ella, pero la Autora desaparece sin dejar rastro\u2026 Un terrible secreto sale a la luz\u2026 En la noche de su veinti\u00fan cumplea\u00f1os, Nell O\u2019Connor descubre que es adoptada, lo que cambiar\u00e1 su vida para siempre.<br \/>\nD\u00e9cadas m\u00e1s tarde, se embarca en la b\u00fasqueda de la verdad de sus antepasados que la lleva a la ventosa costa de Cornualles. Una misteriosa herencia que llega en el siglo XXI. A la muerte de Nell, su nieta Casandra recibe una inesperada herencia: una caba\u00f1a y su olvidado jard\u00edn en las tierras de Cornualles que es conocido por la gente por los secretos que estos esconden. Aqu\u00ed es donde Casandra descubrir\u00e1 finalmente la verdad sobre la familia y resolver\u00e1 el misterio, que se remonta un siglo, de una ni\u00f1a desaparecida.<\/p>\n<p>Entrar en cualquier historia de Kate Morton es descubrir su clara obsesi\u00f3n: la estrecha relaci\u00f3n entre el ayer y el hoy. Y es descubrir\u00a0 su innegable habilidad para echar un manto de claridad sobre esos dos opuestos temporales. A la manera de las antiguas sagas familiares de la novelas inglesas cl\u00e1sicas, nos a\u00fapa en brazos del ayer y nos deposita en las faldas de la realidad. La literatura inglesa es su ancestral legado y el amplio sentido de continuidad hist\u00f3rica que los ingleses han sabido instaurar en las letras sigue inc\u00f3lume. Heredera de los grandes que la precedieron, Kate Morton es capaz de acercarnos el eco de Dickens, de las hermanas Br\u00f6nte de Lucy Clifford y tantos otros.<\/p>\n","protected":false},"excerpt":{"rendered":"<p>Una ni\u00f1a desaparecida en el siglo XX. En v\u00edsperas de la Primera Guerra Mundial, una ni\u00f1a es abandonada en un barco con destino a Australia. Una misteriosa mujer llamada la Autora ha prometido cuidar de ella, pero la Autora desaparece sin dejar rastro\u2026 Un terrible secreto sale a la luz\u2026 En la noche de su [&hellip;]<\/p>\n","protected":false},"featured_media":7939,"template":"","meta":[],"product_brand":[],"product_cat":[25],"product_tag":[54,76,75,77,55],"class_list":{"0":"post-199","1":"product","2":"type-product","3":"status-publish","4":"has-post-thumbnail","6":"product_cat-libros-digitales-ebooks","7":"product_tag-descargar-ebook","8":"product_tag-el-jardin-olvidado","9":"product_tag-kate-morton","10":"product_tag-literatura-inglesa","11":"product_tag-novelas","13":"first","14":"instock","15":"shipping-taxable","16":"purchasable","17":"product-type-variable","18":"has-default-attributes"},"_links":{"self":[{"href":"https:\/\/www.taller-palabras.com\/WordPress_04\/wp-json\/wp\/v2\/product\/199","targetHints":{"allow":["GET"]}}],"collection":[{"href":"https:\/\/www.taller-palabras.com\/WordPress_04\/wp-json\/wp\/v2\/product"}],"about":[{"href":"https:\/\/www.taller-palabras.com\/WordPress_04\/wp-json\/wp\/v2\/types\/product"}],"wp:featuredmedia":[{"embeddable":true,"href":"https:\/\/www.taller-palabras.com\/WordPress_04\/wp-json\/wp\/v2\/media\/7939"}],"wp:attachment":[{"href":"https:\/\/www.taller-palabras.com\/WordPress_04\/wp-json\/wp\/v2\/media?parent=199"}],"wp:term":[{"taxonomy":"product_brand","embeddable":true,"href":"https:\/\/www.taller-palabras.com\/WordPress_04\/wp-json\/wp\/v2\/product_brand?post=199"},{"taxonomy":"product_cat","embeddable":true,"href":"https:\/\/www.taller-palabras.com\/WordPress_04\/wp-json\/wp\/v2\/product_cat?post=199"},{"taxonomy":"product_tag","embeddable":true,"href":"https:\/\/www.taller-palabras.com\/WordPress_04\/wp-json\/wp\/v2\/product_tag?post=199"}],"curies":[{"name":"wp","href":"https:\/\/api.w.org\/{rel}","templated":true}]}}