{"id":1998,"date":"2022-03-06T10:12:20","date_gmt":"2022-03-06T13:12:20","guid":{"rendered":"https:\/\/www.taller-palabras.com\/WordPress_04\/?post_type=product&#038;p=1998"},"modified":"2026-02-04T11:36:55","modified_gmt":"2026-02-04T14:36:55","slug":"el-paraiso-en-la-otra-esquina-mario-vargas-llosa-ebook","status":"publish","type":"product","link":"https:\/\/www.taller-palabras.com\/WordPress_04\/producto\/el-paraiso-en-la-otra-esquina-mario-vargas-llosa-ebook","title":{"rendered":"El Para\u00edso en la otra esquina &#8211; Mario Vargas Llosa \/ebook"},"content":{"rendered":"<figure id=\"attachment_235\" aria-describedby=\"caption-attachment-235\" style=\"width: 150px\" class=\"wp-caption alignleft\"><img loading=\"lazy\" decoding=\"async\" class=\"wp-image-235 size-thumbnail\" src=\"https:\/\/www.taller-palabras.com\/WordPress_04\/wp-content\/uploads\/2018\/10\/vargas_llosa-150x150.jpg\" alt=\"\" width=\"150\" height=\"150\" srcset=\"https:\/\/www.taller-palabras.com\/WordPress_04\/wp-content\/uploads\/2018\/10\/vargas_llosa-150x150.jpg 150w, https:\/\/www.taller-palabras.com\/WordPress_04\/wp-content\/uploads\/2018\/10\/vargas_llosa-324x324.jpg 324w, https:\/\/www.taller-palabras.com\/WordPress_04\/wp-content\/uploads\/2018\/10\/vargas_llosa-100x100.jpg 100w\" sizes=\"auto, (max-width: 150px) 100vw, 150px\" \/><figcaption id=\"caption-attachment-235\" class=\"wp-caption-text\">Autor Mario Vargas Llosa<\/figcaption><\/figure>\n<p>Flora Trist\u00e1n y Paul Gauguin arrojaron su inconformismo a la faz de un siglo que les contest\u00f3 con su desprecio. Pero, qu\u00e9 ser\u00eda de nosotros si ya no supi\u00e9ramos so\u00f1ar lo que no existe. Qu\u00e9 ser\u00eda del mundo sin el impulso de todos los anhelos incumplidos, sin el esfuerzo bald\u00edo de los que se sintieron generosos, sin el contagio tard\u00edo de las promesas del iluminado. En qu\u00e9 clase de infierno vivir\u00edamos si ya no hubiera nadie capaz de entrever los para\u00edsos que juegan al escondite por las esquinas del universo.<\/p>\n<p>\u201cLa literatura es el reino de la imaginaci\u00f3n, de la fantas\u00eda, de la mentira. Dijo alguna vez Vargas Llosa. La Historia es el reino de la verdad. A\u00f1adi\u00f3. Pero las novelas, pueden llegar donde no llega la Historia. Cubrir esos huecos con la imaginaci\u00f3n y la fantas\u00eda.\u201d<br \/>\nEl escritor reivindic\u00f3 con pasi\u00f3n la fuerza persuasiva de los textos literarios. \u201cEl texto hist\u00f3rico explica lo que ha ocurrido fuera de \u00e9l, y el literario, lo que ha ocurrido dentro de \u00e9l\u201d.<\/p>\n<p>&nbsp;<\/p>\n","protected":false},"excerpt":{"rendered":"<p>Flora Trist\u00e1n y Paul Gauguin arrojaron su inconformismo a la faz de un siglo que les contest\u00f3 con su desprecio. Pero, qu\u00e9 ser\u00eda de nosotros si ya no supi\u00e9ramos so\u00f1ar lo que no existe. Qu\u00e9 ser\u00eda del mundo sin el impulso de todos los anhelos incumplidos, sin el esfuerzo bald\u00edo de los que se sintieron [&hellip;]<\/p>\n","protected":false},"featured_media":1997,"template":"","meta":[],"product_brand":[],"product_cat":[25],"product_tag":[],"class_list":{"0":"post-1998","1":"product","2":"type-product","3":"status-publish","4":"has-post-thumbnail","6":"product_cat-libros-digitales-ebooks","8":"first","9":"instock","10":"shipping-taxable","11":"purchasable","12":"product-type-variable","13":"has-default-attributes"},"_links":{"self":[{"href":"https:\/\/www.taller-palabras.com\/WordPress_04\/wp-json\/wp\/v2\/product\/1998","targetHints":{"allow":["GET"]}}],"collection":[{"href":"https:\/\/www.taller-palabras.com\/WordPress_04\/wp-json\/wp\/v2\/product"}],"about":[{"href":"https:\/\/www.taller-palabras.com\/WordPress_04\/wp-json\/wp\/v2\/types\/product"}],"wp:featuredmedia":[{"embeddable":true,"href":"https:\/\/www.taller-palabras.com\/WordPress_04\/wp-json\/wp\/v2\/media\/1997"}],"wp:attachment":[{"href":"https:\/\/www.taller-palabras.com\/WordPress_04\/wp-json\/wp\/v2\/media?parent=1998"}],"wp:term":[{"taxonomy":"product_brand","embeddable":true,"href":"https:\/\/www.taller-palabras.com\/WordPress_04\/wp-json\/wp\/v2\/product_brand?post=1998"},{"taxonomy":"product_cat","embeddable":true,"href":"https:\/\/www.taller-palabras.com\/WordPress_04\/wp-json\/wp\/v2\/product_cat?post=1998"},{"taxonomy":"product_tag","embeddable":true,"href":"https:\/\/www.taller-palabras.com\/WordPress_04\/wp-json\/wp\/v2\/product_tag?post=1998"}],"curies":[{"name":"wp","href":"https:\/\/api.w.org\/{rel}","templated":true}]}}