{"id":207,"date":"2018-11-02T10:52:44","date_gmt":"2018-11-02T13:52:44","guid":{"rendered":"https:\/\/www.taller-palabras.com\/WordPress_04\/?post_type=product&#038;p=207"},"modified":"2024-08-05T12:37:37","modified_gmt":"2024-08-05T15:37:37","slug":"207","status":"publish","type":"product","link":"https:\/\/www.taller-palabras.com\/WordPress_04\/producto\/207","title":{"rendered":"El juego del Angel(2) &#8211; Carlos Ruiz Zaf\u00f3n  \/ebook"},"content":{"rendered":"<figure id=\"attachment_210\" aria-describedby=\"caption-attachment-210\" style=\"width: 150px\" class=\"wp-caption alignleft\"><img loading=\"lazy\" decoding=\"async\" class=\"wp-image-210 size-thumbnail\" src=\"https:\/\/www.taller-palabras.com\/WordPress_04\/wp-content\/uploads\/2018\/10\/zafon-150x150.jpg\" alt=\"\" width=\"150\" height=\"150\" srcset=\"https:\/\/www.taller-palabras.com\/WordPress_04\/wp-content\/uploads\/2018\/10\/zafon-150x150.jpg 150w, https:\/\/www.taller-palabras.com\/WordPress_04\/wp-content\/uploads\/2018\/10\/zafon-324x324.jpg 324w, https:\/\/www.taller-palabras.com\/WordPress_04\/wp-content\/uploads\/2018\/10\/zafon-100x100.jpg 100w\" sizes=\"auto, (max-width: 150px) 100vw, 150px\" \/><figcaption id=\"caption-attachment-210\" class=\"wp-caption-text\">Autor Carlos Ruiz Zaf\u00f3n<\/figcaption><\/figure>\n<p>En la turbulenta Barcelona de los a\u00f1os 20 un joven escritor obsesionado con un amor imposible recibe la oferta de un misterioso editor para escribir un libro como no ha existido nunca, a cambio de una fortuna y, tal vez, mucho m\u00e1s. Con estilo deslumbrante e impecable precisi\u00f3n narrativa, el autor de La Sombra del Viento nos transporta de nuevo a la Barcelona de El Cementerio de los Libros Olvidados para ofrecernos una gran aventura de intriga, romance y tragedia, a trav\u00e9s de un laberinto de secretos donde el embrujo de los libros, la pasi\u00f3n y la amistad se conjugan en un relato magistral.<\/p>\n<p>El misterio que plantea un libro no se limita a las p\u00e1ginas donde se narra la historia. Las palabras son un misterio, son a veces c\u00e1rceles y otras veces las puertas que se abren, las ventanas que golpeadas por el viento de las posibilidades nos develan misterios y nos proponen alternativas para que la imaginaci\u00f3n pueda galopar m\u00e1s all\u00e1 incluso de la \u00faltima palabra de un libro. As\u00ed se sienten las novelas de Carlos Ruiz Zaf\u00f3n, un escritor cuya imaginaci\u00f3n contagia, un art\u00edfice de la palabra escrita y un artesano de historias.<\/p>\n","protected":false},"excerpt":{"rendered":"<p>En la turbulenta Barcelona de los a\u00f1os 20 un joven escritor obsesionado con un amor imposible recibe la oferta de un misterioso editor para escribir un libro como no ha existido nunca, a cambio de una fortuna y, tal vez, mucho m\u00e1s. Con estilo deslumbrante e impecable precisi\u00f3n narrativa, el autor de La Sombra del [&hellip;]<\/p>\n","protected":false},"featured_media":10342,"template":"","meta":[],"product_brand":[],"product_cat":[25],"product_tag":[78,54,79,55],"class_list":{"0":"post-207","1":"product","2":"type-product","3":"status-publish","4":"has-post-thumbnail","6":"product_cat-libros-digitales-ebooks","7":"product_tag-carlos-ruiz-zafon","8":"product_tag-descargar-ebook","9":"product_tag-el-juego-del-angel","10":"product_tag-novelas","12":"first","13":"instock","14":"shipping-taxable","15":"purchasable","16":"product-type-variable","17":"has-default-attributes"},"_links":{"self":[{"href":"https:\/\/www.taller-palabras.com\/WordPress_04\/wp-json\/wp\/v2\/product\/207","targetHints":{"allow":["GET"]}}],"collection":[{"href":"https:\/\/www.taller-palabras.com\/WordPress_04\/wp-json\/wp\/v2\/product"}],"about":[{"href":"https:\/\/www.taller-palabras.com\/WordPress_04\/wp-json\/wp\/v2\/types\/product"}],"wp:featuredmedia":[{"embeddable":true,"href":"https:\/\/www.taller-palabras.com\/WordPress_04\/wp-json\/wp\/v2\/media\/10342"}],"wp:attachment":[{"href":"https:\/\/www.taller-palabras.com\/WordPress_04\/wp-json\/wp\/v2\/media?parent=207"}],"wp:term":[{"taxonomy":"product_brand","embeddable":true,"href":"https:\/\/www.taller-palabras.com\/WordPress_04\/wp-json\/wp\/v2\/product_brand?post=207"},{"taxonomy":"product_cat","embeddable":true,"href":"https:\/\/www.taller-palabras.com\/WordPress_04\/wp-json\/wp\/v2\/product_cat?post=207"},{"taxonomy":"product_tag","embeddable":true,"href":"https:\/\/www.taller-palabras.com\/WordPress_04\/wp-json\/wp\/v2\/product_tag?post=207"}],"curies":[{"name":"wp","href":"https:\/\/api.w.org\/{rel}","templated":true}]}}