{"id":2118,"date":"2020-06-01T18:11:53","date_gmt":"2020-06-01T21:11:53","guid":{"rendered":"https:\/\/www.taller-palabras.com\/WordPress_04\/?post_type=product&#038;p=2118"},"modified":"2023-11-29T13:28:18","modified_gmt":"2023-11-29T16:28:18","slug":"una-mujer-dificil-john-irving-ebook","status":"publish","type":"product","link":"https:\/\/www.taller-palabras.com\/WordPress_04\/producto\/una-mujer-dificil-john-irving-ebook","title":{"rendered":"Una mujer dificil &#8211; John Irving \/ebook"},"content":{"rendered":"<figure id=\"attachment_2113\" aria-describedby=\"caption-attachment-2113\" style=\"width: 150px\" class=\"wp-caption alignleft\"><img loading=\"lazy\" decoding=\"async\" class=\"wp-image-2113 size-thumbnail\" src=\"https:\/\/www.taller-palabras.com\/WordPress_04\/wp-content\/uploads\/2020\/06\/jhon_Irving-150x150.jpg\" alt=\"\" width=\"150\" height=\"150\" srcset=\"https:\/\/www.taller-palabras.com\/WordPress_04\/wp-content\/uploads\/2020\/06\/jhon_Irving-150x150.jpg 150w, https:\/\/www.taller-palabras.com\/WordPress_04\/wp-content\/uploads\/2020\/06\/jhon_Irving-300x300.jpg 300w, https:\/\/www.taller-palabras.com\/WordPress_04\/wp-content\/uploads\/2020\/06\/jhon_Irving-324x324.jpg 324w, https:\/\/www.taller-palabras.com\/WordPress_04\/wp-content\/uploads\/2020\/06\/jhon_Irving-416x415.jpg 416w, https:\/\/www.taller-palabras.com\/WordPress_04\/wp-content\/uploads\/2020\/06\/jhon_Irving-100x100.jpg 100w, https:\/\/www.taller-palabras.com\/WordPress_04\/wp-content\/uploads\/2020\/06\/jhon_Irving.jpg 591w\" sizes=\"auto, (max-width: 150px) 100vw, 150px\" \/><figcaption id=\"caption-attachment-2113\" class=\"wp-caption-text\">Autor John Irving<\/figcaption><\/figure>\n<p>Nacida para sustituir, en cierto modo, a dos hermanos muertos en un accidente, Ruth Cole vive una infancia muy especial. En el verano de 1958, cuando ella tiene cuatro a\u00f1os, Marion, su madre, tras una t\u00f3rrida aventura con un jovencito de diecis\u00e9is, abandona el hogar. Ruth se queda con su padre, con el que mantiene una relaci\u00f3n de amor-odio marcada por la rivalidad. Pero, andando el tiempo, a sus treinta y seis a\u00f1os, Ruth se ha convertido en una mujer atractiva y en una escritora de \u00e9xito, y, pese a su personalidad compleja y dif\u00edcil, cuatro a\u00f1os despu\u00e9s no s\u00f3lo se ha casado, sino que tiene un hijo, enviuda y, por si fuera poco, se enamora por primera vez. Lo que no pod\u00eda prever era la reaparici\u00f3n de la inquietante Marion\u2026<\/p>\n<p>Sin lugar a dudas la literatura se nutre de la historia de los personajes m\u00e1s que de un argumento complicado aunque Una mujer dif\u00edcil tiene una sabia dosis de ambos que combinados dan como resultado una de las mejores novelas que llegaron a mis manos en los \u00faltimos tiempos a pesar de que lleva unos cuantos a\u00f1os escrita.<\/p>\n","protected":false},"excerpt":{"rendered":"<p>Nacida para sustituir, en cierto modo, a dos hermanos muertos en un accidente, Ruth Cole vive una infancia muy especial. En el verano de 1958, cuando ella tiene cuatro a\u00f1os, Marion, su madre, tras una t\u00f3rrida aventura con un jovencito de diecis\u00e9is, abandona el hogar. Ruth se queda con su padre, con el que mantiene [&hellip;]<\/p>\n","protected":false},"featured_media":2117,"template":"","meta":[],"product_brand":[],"product_cat":[25],"product_tag":[54,1185,225,1186],"class_list":{"0":"post-2118","1":"product","2":"type-product","3":"status-publish","4":"has-post-thumbnail","6":"product_cat-libros-digitales-ebooks","7":"product_tag-descargar-ebook","8":"product_tag-john-irving","9":"product_tag-mejores-novelas","10":"product_tag-una-mujer-dificil","12":"first","13":"instock","14":"shipping-taxable","15":"purchasable","16":"product-type-variable","17":"has-default-attributes"},"_links":{"self":[{"href":"https:\/\/www.taller-palabras.com\/WordPress_04\/wp-json\/wp\/v2\/product\/2118","targetHints":{"allow":["GET"]}}],"collection":[{"href":"https:\/\/www.taller-palabras.com\/WordPress_04\/wp-json\/wp\/v2\/product"}],"about":[{"href":"https:\/\/www.taller-palabras.com\/WordPress_04\/wp-json\/wp\/v2\/types\/product"}],"wp:featuredmedia":[{"embeddable":true,"href":"https:\/\/www.taller-palabras.com\/WordPress_04\/wp-json\/wp\/v2\/media\/2117"}],"wp:attachment":[{"href":"https:\/\/www.taller-palabras.com\/WordPress_04\/wp-json\/wp\/v2\/media?parent=2118"}],"wp:term":[{"taxonomy":"product_brand","embeddable":true,"href":"https:\/\/www.taller-palabras.com\/WordPress_04\/wp-json\/wp\/v2\/product_brand?post=2118"},{"taxonomy":"product_cat","embeddable":true,"href":"https:\/\/www.taller-palabras.com\/WordPress_04\/wp-json\/wp\/v2\/product_cat?post=2118"},{"taxonomy":"product_tag","embeddable":true,"href":"https:\/\/www.taller-palabras.com\/WordPress_04\/wp-json\/wp\/v2\/product_tag?post=2118"}],"curies":[{"name":"wp","href":"https:\/\/api.w.org\/{rel}","templated":true}]}}