{"id":2127,"date":"2020-06-01T19:25:10","date_gmt":"2020-06-01T22:25:10","guid":{"rendered":"https:\/\/www.taller-palabras.com\/WordPress_04\/?post_type=product&#038;p=2127"},"modified":"2023-10-25T14:55:45","modified_gmt":"2023-10-25T17:55:45","slug":"el-libro-negro-orhan-pamuk-ebook","status":"publish","type":"product","link":"https:\/\/www.taller-palabras.com\/WordPress_04\/producto\/el-libro-negro-orhan-pamuk-ebook","title":{"rendered":"El libro negro &#8211; Orhan Pamuk \/ebook"},"content":{"rendered":"<figure id=\"attachment_891\" aria-describedby=\"caption-attachment-891\" style=\"width: 150px\" class=\"wp-caption alignleft\"><img loading=\"lazy\" decoding=\"async\" class=\"wp-image-891 size-thumbnail\" src=\"https:\/\/www.taller-palabras.com\/WordPress_04\/wp-content\/uploads\/2020\/01\/orhanPamuk-150x150.jpg\" alt=\"\" width=\"150\" height=\"150\" srcset=\"https:\/\/www.taller-palabras.com\/WordPress_04\/wp-content\/uploads\/2020\/01\/orhanPamuk-150x150.jpg 150w, https:\/\/www.taller-palabras.com\/WordPress_04\/wp-content\/uploads\/2020\/01\/orhanPamuk-324x324.jpg 324w, https:\/\/www.taller-palabras.com\/WordPress_04\/wp-content\/uploads\/2020\/01\/orhanPamuk-100x100.jpg 100w\" sizes=\"auto, (max-width: 150px) 100vw, 150px\" \/><figcaption id=\"caption-attachment-891\" class=\"wp-caption-text\">Autor Orhan Pamuk<\/figcaption><\/figure>\n<p>\u00abUn d\u00eda la hermosa mujer de un hombre que la quer\u00eda much\u00edsimo lo abandon\u00f3. \u00c9l empez\u00f3 a buscarla. All\u00e1 donde fuera por la ciudad encontraba su rastro pero no a ella\u2026\u00bb. As\u00ed cuenta su caso Galip, un joven abogado que vive en Estambul y quiere reencontrarse con R\u00fcya, su esposa y prima. Sospecha que ha huido con otro hombre, con un hombre que bien podr\u00eda ser alguien muy cercano, casi tan cercano como su propio hermanastro, Cel\u00e2l, un periodista exc\u00e9ntrico que tambi\u00e9n ha desaparecido. En su persecuci\u00f3n alucinada, Galip recorre d\u00eda y noche las calles de un Estambul real y fabuloso que alberga en cada esquina una historia secreta, y donde todas las pistas, como si fueran cajas chinas, esconden nuevos misterios. Pero cuando Galip da su paso m\u00e1s audaz y asume la identidad de Cel\u00e2l, ignora el riesgo al que se expone. Porque hay juegos que desembocan en cr\u00edmenes inesperados. El libro negro es una novela polic\u00edaca, tan espectacular como poco convencional, donde la investigaci\u00f3n se centra en la identidad y la escritura. Con esta obra, que en Turqu\u00eda se convirti\u00f3 a la vez en lectura de culto y de masas, Orhan Pamuk se consagr\u00f3 como uno de los maestros actuales de la literatura mundial.<\/p>\n","protected":false},"excerpt":{"rendered":"<p>\u00abUn d\u00eda la hermosa mujer de un hombre que la quer\u00eda much\u00edsimo lo abandon\u00f3. \u00c9l empez\u00f3 a buscarla. All\u00e1 donde fuera por la ciudad encontraba su rastro pero no a ella\u2026\u00bb. As\u00ed cuenta su caso Galip, un joven abogado que vive en Estambul y quiere reencontrarse con R\u00fcya, su esposa y prima. Sospecha que ha [&hellip;]<\/p>\n","protected":false},"featured_media":2122,"template":"","meta":[],"product_brand":[],"product_cat":[25],"product_tag":[],"class_list":{"0":"post-2127","1":"product","2":"type-product","3":"status-publish","4":"has-post-thumbnail","6":"product_cat-libros-digitales-ebooks","8":"first","9":"instock","10":"shipping-taxable","11":"purchasable","12":"product-type-variable","13":"has-default-attributes"},"_links":{"self":[{"href":"https:\/\/www.taller-palabras.com\/WordPress_04\/wp-json\/wp\/v2\/product\/2127","targetHints":{"allow":["GET"]}}],"collection":[{"href":"https:\/\/www.taller-palabras.com\/WordPress_04\/wp-json\/wp\/v2\/product"}],"about":[{"href":"https:\/\/www.taller-palabras.com\/WordPress_04\/wp-json\/wp\/v2\/types\/product"}],"wp:featuredmedia":[{"embeddable":true,"href":"https:\/\/www.taller-palabras.com\/WordPress_04\/wp-json\/wp\/v2\/media\/2122"}],"wp:attachment":[{"href":"https:\/\/www.taller-palabras.com\/WordPress_04\/wp-json\/wp\/v2\/media?parent=2127"}],"wp:term":[{"taxonomy":"product_brand","embeddable":true,"href":"https:\/\/www.taller-palabras.com\/WordPress_04\/wp-json\/wp\/v2\/product_brand?post=2127"},{"taxonomy":"product_cat","embeddable":true,"href":"https:\/\/www.taller-palabras.com\/WordPress_04\/wp-json\/wp\/v2\/product_cat?post=2127"},{"taxonomy":"product_tag","embeddable":true,"href":"https:\/\/www.taller-palabras.com\/WordPress_04\/wp-json\/wp\/v2\/product_tag?post=2127"}],"curies":[{"name":"wp","href":"https:\/\/api.w.org\/{rel}","templated":true}]}}