{"id":2149,"date":"2020-06-02T11:51:05","date_gmt":"2020-06-02T14:51:05","guid":{"rendered":"https:\/\/www.taller-palabras.com\/WordPress_04\/?post_type=product&#038;p=2149"},"modified":"2023-11-29T14:15:29","modified_gmt":"2023-11-29T17:15:29","slug":"te-di-la-vida-entera-zoe-valdes-ebook","status":"publish","type":"product","link":"https:\/\/www.taller-palabras.com\/WordPress_04\/producto\/te-di-la-vida-entera-zoe-valdes-ebook","title":{"rendered":"Te di la vida entera &#8211; Z\u00f3e Vald\u00e9s \/ebook"},"content":{"rendered":"<figure id=\"attachment_2144\" aria-describedby=\"caption-attachment-2144\" style=\"width: 150px\" class=\"wp-caption alignleft\"><img loading=\"lazy\" decoding=\"async\" class=\"wp-image-2144 size-thumbnail\" src=\"https:\/\/www.taller-palabras.com\/WordPress_04\/wp-content\/uploads\/2020\/06\/ZoeValdes-150x150.jpg\" alt=\"\" width=\"150\" height=\"150\" srcset=\"https:\/\/www.taller-palabras.com\/WordPress_04\/wp-content\/uploads\/2020\/06\/ZoeValdes-150x150.jpg 150w, https:\/\/www.taller-palabras.com\/WordPress_04\/wp-content\/uploads\/2020\/06\/ZoeValdes-324x324.jpg 324w, https:\/\/www.taller-palabras.com\/WordPress_04\/wp-content\/uploads\/2020\/06\/ZoeValdes-100x100.jpg 100w\" sizes=\"auto, (max-width: 150px) 100vw, 150px\" \/><figcaption id=\"caption-attachment-2144\" class=\"wp-caption-text\">Autora Z\u00f3e Vald\u00e9s<\/figcaption><\/figure>\n<p>La Ni\u00f1a Cuca, despu\u00e9s de un baile enloquecido y un largo y apasionado beso, cae perdidamente enamorada de un hombre al que no volver\u00e1 a ver hasta ocho a\u00f1os m\u00e1s tarde, para iniciar una desenfrenada historia de amor. Pero la felicidad abandona pronto a Cuca, una mujer a quien la vida le cambia cada vez que escucha un bolero. Te di la vida entera es una novela rebosante de humor \u00e1cido y erotismo, que retrata sesenta a\u00f1os de la vida de una mujer cubana. Con mucho desparpajo y haciendo gala de un impresionante dominio del lenguaje, Zo\u00e9 Vald\u00e9s ha escrito una magn\u00edfica novela sobre el deseo, la esperanza y el desencanto. Finalista del Premio Planeta 1996.<\/p>\n<p>&nbsp;<\/p>\n","protected":false},"excerpt":{"rendered":"<p>La Ni\u00f1a Cuca, despu\u00e9s de un baile enloquecido y un largo y apasionado beso, cae perdidamente enamorada de un hombre al que no volver\u00e1 a ver hasta ocho a\u00f1os m\u00e1s tarde, para iniciar una desenfrenada historia de amor. Pero la felicidad abandona pronto a Cuca, una mujer a quien la vida le cambia cada vez [&hellip;]<\/p>\n","protected":false},"featured_media":2145,"template":"","meta":[],"product_brand":[],"product_cat":[25],"product_tag":[1181,225,1190,1189],"class_list":{"0":"post-2149","1":"product","2":"type-product","3":"status-publish","4":"has-post-thumbnail","6":"product_cat-libros-digitales-ebooks","7":"product_tag-descargar-ebooks","8":"product_tag-mejores-novelas","9":"product_tag-te-di-la-vida-entera","10":"product_tag-zoe-valdes","12":"first","13":"instock","14":"shipping-taxable","15":"purchasable","16":"product-type-variable","17":"has-default-attributes"},"_links":{"self":[{"href":"https:\/\/www.taller-palabras.com\/WordPress_04\/wp-json\/wp\/v2\/product\/2149","targetHints":{"allow":["GET"]}}],"collection":[{"href":"https:\/\/www.taller-palabras.com\/WordPress_04\/wp-json\/wp\/v2\/product"}],"about":[{"href":"https:\/\/www.taller-palabras.com\/WordPress_04\/wp-json\/wp\/v2\/types\/product"}],"wp:featuredmedia":[{"embeddable":true,"href":"https:\/\/www.taller-palabras.com\/WordPress_04\/wp-json\/wp\/v2\/media\/2145"}],"wp:attachment":[{"href":"https:\/\/www.taller-palabras.com\/WordPress_04\/wp-json\/wp\/v2\/media?parent=2149"}],"wp:term":[{"taxonomy":"product_brand","embeddable":true,"href":"https:\/\/www.taller-palabras.com\/WordPress_04\/wp-json\/wp\/v2\/product_brand?post=2149"},{"taxonomy":"product_cat","embeddable":true,"href":"https:\/\/www.taller-palabras.com\/WordPress_04\/wp-json\/wp\/v2\/product_cat?post=2149"},{"taxonomy":"product_tag","embeddable":true,"href":"https:\/\/www.taller-palabras.com\/WordPress_04\/wp-json\/wp\/v2\/product_tag?post=2149"}],"curies":[{"name":"wp","href":"https:\/\/api.w.org\/{rel}","templated":true}]}}