{"id":2158,"date":"2020-06-02T12:38:26","date_gmt":"2020-06-02T15:38:26","guid":{"rendered":"https:\/\/www.taller-palabras.com\/WordPress_04\/?post_type=product&#038;p=2158"},"modified":"2023-11-29T14:48:15","modified_gmt":"2023-11-29T17:48:15","slug":"otro-pais-james-baldwin-ebook","status":"publish","type":"product","link":"https:\/\/www.taller-palabras.com\/WordPress_04\/producto\/otro-pais-james-baldwin-ebook","title":{"rendered":"Otro pa\u00eds &#8211; James Baldwin \/ebook"},"content":{"rendered":"<figure id=\"attachment_2153\" aria-describedby=\"caption-attachment-2153\" style=\"width: 150px\" class=\"wp-caption alignleft\"><img loading=\"lazy\" decoding=\"async\" class=\"wp-image-2153 size-thumbnail\" src=\"https:\/\/www.taller-palabras.com\/WordPress_04\/wp-content\/uploads\/2020\/06\/JamesBaldwin-150x150.jpg\" alt=\"\" width=\"150\" height=\"150\" srcset=\"https:\/\/www.taller-palabras.com\/WordPress_04\/wp-content\/uploads\/2020\/06\/JamesBaldwin-150x150.jpg 150w, https:\/\/www.taller-palabras.com\/WordPress_04\/wp-content\/uploads\/2020\/06\/JamesBaldwin-324x324.jpg 324w, https:\/\/www.taller-palabras.com\/WordPress_04\/wp-content\/uploads\/2020\/06\/JamesBaldwin-100x100.jpg 100w\" sizes=\"auto, (max-width: 150px) 100vw, 150px\" \/><figcaption id=\"caption-attachment-2153\" class=\"wp-caption-text\">Autor James Baldwin<\/figcaption><\/figure>\n<p>Otro pa\u00eds es una evocaci\u00f3n de la felicidad. En el deslumbrante, estrecho y grandioso Nueva York de los a\u00f1os 50, los personajes de la m\u00e1s c\u00e9lebre novela de James Baldwin agotan sus vidas en el intento de comunicarse, de amarse, de buscar un consuelo en la piedad y el coraz\u00f3n del otro. Algunos fracasan, como Rufo, pero muchos, como Vivaldo e Ida, Cass y Eric, ejercen la suprema valent\u00eda de salvarse. En realidad, Otro pa\u00eds es el gran intento del amor: unos seres que existen en el enrarecido clima racial de esos a\u00f1os van a tratar de entender la injusticia de la marginaci\u00f3n, van a buscar en el abrazo, acaso fingido, los restos dispersos de la solidaridad, sintiendo por encima de todo la nostalgia de ese otro pa\u00eds, de \u00e9se pareciera lejano pa\u00eds, el pa\u00eds del amor.<\/p>\n<p>&nbsp;<\/p>\n","protected":false},"excerpt":{"rendered":"<p>Otro pa\u00eds es una evocaci\u00f3n de la felicidad. En el deslumbrante, estrecho y grandioso Nueva York de los a\u00f1os 50, los personajes de la m\u00e1s c\u00e9lebre novela de James Baldwin agotan sus vidas en el intento de comunicarse, de amarse, de buscar un consuelo en la piedad y el coraz\u00f3n del otro. Algunos fracasan, como [&hellip;]<\/p>\n","protected":false},"featured_media":2154,"template":"","meta":[],"product_brand":[],"product_cat":[25],"product_tag":[54,224,225,223],"class_list":{"0":"post-2158","1":"product","2":"type-product","3":"status-publish","4":"has-post-thumbnail","6":"product_cat-libros-digitales-ebooks","7":"product_tag-descargar-ebook","8":"product_tag-james-baldwin","9":"product_tag-mejores-novelas","10":"product_tag-otro-pais","12":"first","13":"instock","14":"shipping-taxable","15":"purchasable","16":"product-type-variable","17":"has-default-attributes"},"_links":{"self":[{"href":"https:\/\/www.taller-palabras.com\/WordPress_04\/wp-json\/wp\/v2\/product\/2158","targetHints":{"allow":["GET"]}}],"collection":[{"href":"https:\/\/www.taller-palabras.com\/WordPress_04\/wp-json\/wp\/v2\/product"}],"about":[{"href":"https:\/\/www.taller-palabras.com\/WordPress_04\/wp-json\/wp\/v2\/types\/product"}],"wp:featuredmedia":[{"embeddable":true,"href":"https:\/\/www.taller-palabras.com\/WordPress_04\/wp-json\/wp\/v2\/media\/2154"}],"wp:attachment":[{"href":"https:\/\/www.taller-palabras.com\/WordPress_04\/wp-json\/wp\/v2\/media?parent=2158"}],"wp:term":[{"taxonomy":"product_brand","embeddable":true,"href":"https:\/\/www.taller-palabras.com\/WordPress_04\/wp-json\/wp\/v2\/product_brand?post=2158"},{"taxonomy":"product_cat","embeddable":true,"href":"https:\/\/www.taller-palabras.com\/WordPress_04\/wp-json\/wp\/v2\/product_cat?post=2158"},{"taxonomy":"product_tag","embeddable":true,"href":"https:\/\/www.taller-palabras.com\/WordPress_04\/wp-json\/wp\/v2\/product_tag?post=2158"}],"curies":[{"name":"wp","href":"https:\/\/api.w.org\/{rel}","templated":true}]}}