{"id":2181,"date":"2020-07-28T11:27:49","date_gmt":"2020-07-28T14:27:49","guid":{"rendered":"https:\/\/www.taller-palabras.com\/WordPress_04\/?post_type=product&#038;p=2181"},"modified":"2023-12-18T11:42:56","modified_gmt":"2023-12-18T14:42:56","slug":"la-flor-purpura-chimamanda-ngozi-adichie-ebook","status":"publish","type":"product","link":"https:\/\/www.taller-palabras.com\/WordPress_04\/producto\/la-flor-purpura-chimamanda-ngozi-adichie-ebook","title":{"rendered":"La flor purpura &#8211; Chimamanda Ngozi Adichie  \/ebook"},"content":{"rendered":"<figure id=\"attachment_2188\" aria-describedby=\"caption-attachment-2188\" style=\"width: 150px\" class=\"wp-caption alignleft\"><img loading=\"lazy\" decoding=\"async\" class=\"wp-image-2188 size-thumbnail\" src=\"https:\/\/www.taller-palabras.com\/WordPress_04\/wp-content\/uploads\/2020\/07\/chimamanda-150x150.jpg\" alt=\"\" width=\"150\" height=\"150\" srcset=\"https:\/\/www.taller-palabras.com\/WordPress_04\/wp-content\/uploads\/2020\/07\/chimamanda-150x150.jpg 150w, https:\/\/www.taller-palabras.com\/WordPress_04\/wp-content\/uploads\/2020\/07\/chimamanda-100x100.jpg 100w\" sizes=\"auto, (max-width: 150px) 100vw, 150px\" \/><figcaption id=\"caption-attachment-2188\" class=\"wp-caption-text\">Autora Chimamanada Ngozi Adichie<\/figcaption><\/figure>\n<p>Una conmovedora historia sobre una virulenta relaci\u00f3n familiar ambientada en un \u00c1frica de conflictos pol\u00edticos y sociales.<br \/>\nLa joven Kambili, de quince a\u00f1os, y su hermano mayor Jaja llevan una vida privilegiada en la ciudad de Enugu. Viven en una hermosa casa y frecuentan un elitista colegio religioso, pero su vida familiar dista mucho de ser armoniosa. Su padre, un poderoso y respetado hombre de negocios, es un fan\u00e1tico cat\u00f3lico que alienta expectativas de cari\u00f1o imposibles de cumplir. Cuando los j\u00f3venes visitan durante unos d\u00edas a la cari\u00f1osa y atrevida t\u00eda Ifeoma en su humilde apartamento, descubren un mundo totalmente nuevo: el rico olor a curry que inunda el lugar, las continuas risas de sus primos, las flores exuberantes, la calidez, el respeto a las ideas, la libertad, el amor y la ausencia de castigos. Al regresar a su hogar, transformados por la libertad conquistada, la tensi\u00f3n familiar crece de forma alarmante.<\/p>\n<p>&nbsp;<\/p>\n","protected":false},"excerpt":{"rendered":"<p>Una conmovedora historia sobre una virulenta relaci\u00f3n familiar ambientada en un \u00c1frica de conflictos pol\u00edticos y sociales. La joven Kambili, de quince a\u00f1os, y su hermano mayor Jaja llevan una vida privilegiada en la ciudad de Enugu. Viven en una hermosa casa y frecuentan un elitista colegio religioso, pero su vida familiar dista mucho de [&hellip;]<\/p>\n","protected":false},"featured_media":2189,"template":"","meta":[],"product_brand":[],"product_cat":[25],"product_tag":[226,54,227,45],"class_list":{"0":"post-2181","1":"product","2":"type-product","3":"status-publish","4":"has-post-thumbnail","6":"product_cat-libros-digitales-ebooks","7":"product_tag-chimamanda-ggozi-adichie","8":"product_tag-descargar-ebook","9":"product_tag-la-flor-purpura","10":"product_tag-mejor-novela","12":"first","13":"instock","14":"shipping-taxable","15":"purchasable","16":"product-type-variable","17":"has-default-attributes"},"_links":{"self":[{"href":"https:\/\/www.taller-palabras.com\/WordPress_04\/wp-json\/wp\/v2\/product\/2181","targetHints":{"allow":["GET"]}}],"collection":[{"href":"https:\/\/www.taller-palabras.com\/WordPress_04\/wp-json\/wp\/v2\/product"}],"about":[{"href":"https:\/\/www.taller-palabras.com\/WordPress_04\/wp-json\/wp\/v2\/types\/product"}],"wp:featuredmedia":[{"embeddable":true,"href":"https:\/\/www.taller-palabras.com\/WordPress_04\/wp-json\/wp\/v2\/media\/2189"}],"wp:attachment":[{"href":"https:\/\/www.taller-palabras.com\/WordPress_04\/wp-json\/wp\/v2\/media?parent=2181"}],"wp:term":[{"taxonomy":"product_brand","embeddable":true,"href":"https:\/\/www.taller-palabras.com\/WordPress_04\/wp-json\/wp\/v2\/product_brand?post=2181"},{"taxonomy":"product_cat","embeddable":true,"href":"https:\/\/www.taller-palabras.com\/WordPress_04\/wp-json\/wp\/v2\/product_cat?post=2181"},{"taxonomy":"product_tag","embeddable":true,"href":"https:\/\/www.taller-palabras.com\/WordPress_04\/wp-json\/wp\/v2\/product_tag?post=2181"}],"curies":[{"name":"wp","href":"https:\/\/api.w.org\/{rel}","templated":true}]}}