{"id":2209,"date":"2020-07-28T12:58:46","date_gmt":"2020-07-28T15:58:46","guid":{"rendered":"https:\/\/www.taller-palabras.com\/WordPress_04\/?post_type=product&#038;p=2209"},"modified":"2023-12-18T12:10:35","modified_gmt":"2023-12-18T15:10:35","slug":"el-nombre-de-la-rosa-umberto-eco-ebook","status":"publish","type":"product","link":"https:\/\/www.taller-palabras.com\/WordPress_04\/producto\/el-nombre-de-la-rosa-umberto-eco-ebook","title":{"rendered":"El nombre de la rosa &#8211; Umberto Eco \/ebook"},"content":{"rendered":"<figure id=\"attachment_2208\" aria-describedby=\"caption-attachment-2208\" style=\"width: 150px\" class=\"wp-caption alignleft\"><img loading=\"lazy\" decoding=\"async\" class=\"wp-image-2208 size-thumbnail\" src=\"https:\/\/www.taller-palabras.com\/WordPress_04\/wp-content\/uploads\/2020\/07\/umberto-eco-150x150.jpg\" alt=\"\" width=\"150\" height=\"150\" srcset=\"https:\/\/www.taller-palabras.com\/WordPress_04\/wp-content\/uploads\/2020\/07\/umberto-eco-150x150.jpg 150w, https:\/\/www.taller-palabras.com\/WordPress_04\/wp-content\/uploads\/2020\/07\/umberto-eco-100x100.jpg 100w\" sizes=\"auto, (max-width: 150px) 100vw, 150px\" \/><figcaption id=\"caption-attachment-2208\" class=\"wp-caption-text\">Autor Umberto Eco<\/figcaption><\/figure>\n<p>Participando de caracter\u00edsticas propias de la novela g\u00f3tica, la cr\u00f3nica medieval, la novela polic\u00edaca, el relato ideol\u00f3gico en clave, y la alegor\u00eda narrativa, El nombre de la rosa ofrece distintos puntos de inter\u00e9s: primero, una trama apasionante y constelada de golpes de efecto, que narra las actividades detectivescas de Guillermo de Baskerville para esclarecer los cr\u00edmenes de una abad\u00eda benedictina; segundo, la reconstrucci\u00f3n portentosa de una \u00e9poca especialmente conflictiva, reconstrucci\u00f3n que no se para en lo exterior, sino que se centra en las formas de pensar y sentir del siglo XIV; y tercero, el modo en que Umberto Eco el te\u00f3rico, Umberto Eco el ensayista, ha construido su primera novela, escrita \u2014nos dice\u2014 por haber descubierto, en edad madura, \u00abaquello\u00bb sobre lo cual no se puede teorizar, aquello que hay que narrar.<\/p>\n<p>&nbsp;<\/p>\n","protected":false},"excerpt":{"rendered":"<p>Participando de caracter\u00edsticas propias de la novela g\u00f3tica, la cr\u00f3nica medieval, la novela polic\u00edaca, el relato ideol\u00f3gico en clave, y la alegor\u00eda narrativa, El nombre de la rosa ofrece distintos puntos de inter\u00e9s: primero, una trama apasionante y constelada de golpes de efecto, que narra las actividades detectivescas de Guillermo de Baskerville para esclarecer los [&hellip;]<\/p>\n","protected":false},"featured_media":2204,"template":"","meta":[],"product_brand":[],"product_cat":[25],"product_tag":[54,230,45,231],"class_list":{"0":"post-2209","1":"product","2":"type-product","3":"status-publish","4":"has-post-thumbnail","6":"product_cat-libros-digitales-ebooks","7":"product_tag-descargar-ebook","8":"product_tag-el-nombre-de-la-rosa","9":"product_tag-mejor-novela","10":"product_tag-umerto-eco","12":"first","13":"instock","14":"shipping-taxable","15":"purchasable","16":"product-type-variable","17":"has-default-attributes"},"_links":{"self":[{"href":"https:\/\/www.taller-palabras.com\/WordPress_04\/wp-json\/wp\/v2\/product\/2209","targetHints":{"allow":["GET"]}}],"collection":[{"href":"https:\/\/www.taller-palabras.com\/WordPress_04\/wp-json\/wp\/v2\/product"}],"about":[{"href":"https:\/\/www.taller-palabras.com\/WordPress_04\/wp-json\/wp\/v2\/types\/product"}],"wp:featuredmedia":[{"embeddable":true,"href":"https:\/\/www.taller-palabras.com\/WordPress_04\/wp-json\/wp\/v2\/media\/2204"}],"wp:attachment":[{"href":"https:\/\/www.taller-palabras.com\/WordPress_04\/wp-json\/wp\/v2\/media?parent=2209"}],"wp:term":[{"taxonomy":"product_brand","embeddable":true,"href":"https:\/\/www.taller-palabras.com\/WordPress_04\/wp-json\/wp\/v2\/product_brand?post=2209"},{"taxonomy":"product_cat","embeddable":true,"href":"https:\/\/www.taller-palabras.com\/WordPress_04\/wp-json\/wp\/v2\/product_cat?post=2209"},{"taxonomy":"product_tag","embeddable":true,"href":"https:\/\/www.taller-palabras.com\/WordPress_04\/wp-json\/wp\/v2\/product_tag?post=2209"}],"curies":[{"name":"wp","href":"https:\/\/api.w.org\/{rel}","templated":true}]}}