{"id":221,"date":"2018-10-28T17:18:37","date_gmt":"2018-10-28T20:18:37","guid":{"rendered":"https:\/\/www.taller-palabras.com\/WordPress_04\/?post_type=product&#038;p=221"},"modified":"2023-09-25T12:14:56","modified_gmt":"2023-09-25T15:14:56","slug":"el-nombre-del-viento-patrick-rothfuss","status":"publish","type":"product","link":"https:\/\/www.taller-palabras.com\/WordPress_04\/producto\/el-nombre-del-viento-patrick-rothfuss","title":{"rendered":"El nombre del viento &#8211; Patrick Rothfuss  \/ebook"},"content":{"rendered":"<figure id=\"attachment_215\" aria-describedby=\"caption-attachment-215\" style=\"width: 150px\" class=\"wp-caption alignleft\"><img loading=\"lazy\" decoding=\"async\" class=\"wp-image-215 size-thumbnail\" src=\"https:\/\/www.taller-palabras.com\/WordPress_04\/wp-content\/uploads\/2018\/10\/rothfuss-150x150.jpg\" alt=\"\" width=\"150\" height=\"150\" srcset=\"https:\/\/www.taller-palabras.com\/WordPress_04\/wp-content\/uploads\/2018\/10\/rothfuss-150x150.jpg 150w, https:\/\/www.taller-palabras.com\/WordPress_04\/wp-content\/uploads\/2018\/10\/rothfuss-324x324.jpg 324w, https:\/\/www.taller-palabras.com\/WordPress_04\/wp-content\/uploads\/2018\/10\/rothfuss-100x100.jpg 100w\" sizes=\"auto, (max-width: 150px) 100vw, 150px\" \/><figcaption id=\"caption-attachment-215\" class=\"wp-caption-text\">Autor Patrick Rothfuss<\/figcaption><\/figure>\n<p>En una posada en tierra de nadie, un hombre se dispone a relatar, por primera vez, la aut\u00e9ntica historia de su vida. Una historia que \u00fanicamente \u00e9l conoce y que ha quedado diluida tras los rumores, las conjeturas y los cuentos de taberna que le han convertido en un personaje legendario a quien todos daban ya por muerto: Kvothe, m\u00fasico, mendigo, ladr\u00f3n, estudiante, mago, h\u00e9roe y asesino. Ahora va a revelar la verdad sobre s\u00ed mismo. Y para ello debe empezar por el principio: su infancia en una troupe de artistas itinerantes, los a\u00f1os malviviendo como un ladronzuelo en las calles de una gran ciudad y su llegada a una universidad donde esperaba encontrar todas las respuestas que hab\u00eda estado buscando. \u00abViaj\u00e9, am\u00e9, perd\u00ed, confi\u00e9 y me traicionaron.\u00bb \u00abHe robado princesas a reyes ag\u00f3nicos. Incendi\u00e9 la ciudad de Trebon. He pasado la noche con Felurian y he despertado vivo y cuerdo. Me expulsaron de la Universidad a una edad a la que a la mayor\u00eda todav\u00eda no los dejan entrar. He recorrido de noche caminos de los que otros no se atreven a hablar ni siquiera de d\u00eda. He hablado con dioses, he amado a mujeres y he escrito canciones que hacen llorar a los bardos. \u00bbMe llamo Kvothe. Quiz\u00e1 hayas o\u00eddo hablar de m\u00ed.\u00bb<\/p>\n","protected":false},"excerpt":{"rendered":"<p>En una posada en tierra de nadie, un hombre se dispone a relatar, por primera vez, la aut\u00e9ntica historia de su vida. Una historia que \u00fanicamente \u00e9l conoce y que ha quedado diluida tras los rumores, las conjeturas y los cuentos de taberna que le han convertido en un personaje legendario a quien todos daban [&hellip;]<\/p>\n","protected":false},"featured_media":216,"template":"","meta":[],"product_brand":[],"product_cat":[25],"product_tag":[54,80,55,81],"class_list":{"0":"post-221","1":"product","2":"type-product","3":"status-publish","4":"has-post-thumbnail","6":"product_cat-libros-digitales-ebooks","7":"product_tag-descargar-ebook","8":"product_tag-el-nombre-del-viento","9":"product_tag-novelas","10":"product_tag-patrick-rothfuss","12":"first","13":"instock","14":"shipping-taxable","15":"purchasable","16":"product-type-variable","17":"has-default-attributes"},"_links":{"self":[{"href":"https:\/\/www.taller-palabras.com\/WordPress_04\/wp-json\/wp\/v2\/product\/221","targetHints":{"allow":["GET"]}}],"collection":[{"href":"https:\/\/www.taller-palabras.com\/WordPress_04\/wp-json\/wp\/v2\/product"}],"about":[{"href":"https:\/\/www.taller-palabras.com\/WordPress_04\/wp-json\/wp\/v2\/types\/product"}],"wp:featuredmedia":[{"embeddable":true,"href":"https:\/\/www.taller-palabras.com\/WordPress_04\/wp-json\/wp\/v2\/media\/216"}],"wp:attachment":[{"href":"https:\/\/www.taller-palabras.com\/WordPress_04\/wp-json\/wp\/v2\/media?parent=221"}],"wp:term":[{"taxonomy":"product_brand","embeddable":true,"href":"https:\/\/www.taller-palabras.com\/WordPress_04\/wp-json\/wp\/v2\/product_brand?post=221"},{"taxonomy":"product_cat","embeddable":true,"href":"https:\/\/www.taller-palabras.com\/WordPress_04\/wp-json\/wp\/v2\/product_cat?post=221"},{"taxonomy":"product_tag","embeddable":true,"href":"https:\/\/www.taller-palabras.com\/WordPress_04\/wp-json\/wp\/v2\/product_tag?post=221"}],"curies":[{"name":"wp","href":"https:\/\/api.w.org\/{rel}","templated":true}]}}