{"id":2246,"date":"2020-07-31T12:19:32","date_gmt":"2020-07-31T15:19:32","guid":{"rendered":"https:\/\/www.taller-palabras.com\/WordPress_04\/?post_type=product&#038;p=2246"},"modified":"2023-12-18T12:25:58","modified_gmt":"2023-12-18T15:25:58","slug":"kafka-y-la-muneca-viajera-jordi-sierra-i-fabra-ebook","status":"publish","type":"product","link":"https:\/\/www.taller-palabras.com\/WordPress_04\/producto\/kafka-y-la-muneca-viajera-jordi-sierra-i-fabra-ebook","title":{"rendered":"Kafka y la mu\u00f1eca viajera &#8211; Jordi Sierra i Fabra \/ebook"},"content":{"rendered":"<figure id=\"attachment_2238\" aria-describedby=\"caption-attachment-2238\" style=\"width: 144px\" class=\"wp-caption alignleft\"><img loading=\"lazy\" decoding=\"async\" class=\"wp-image-2238 size-thumbnail\" src=\"https:\/\/www.taller-palabras.com\/WordPress_04\/wp-content\/uploads\/2020\/07\/JordiSierra-144x150.jpg\" alt=\"\" width=\"144\" height=\"150\" \/><figcaption id=\"caption-attachment-2238\" class=\"wp-caption-text\">Autor Jordi Sierra i Fabra<\/figcaption><\/figure>\n<p>Un a\u00f1o antes de su muerte, Franz Kafka vivi\u00f3 una experiencia muy ins\u00f3lita. Paseando por el parque Steglitz, en Berl\u00edn, encontr\u00f3 a una ni\u00f1a llorando desconsolada: hab\u00eda perdido su mu\u00f1eca. Para calmar a la peque\u00f1a, el autor de La metamorfosis se invent\u00f3 una peculiar historia: la mu\u00f1eca no se hab\u00eda perdido, se hab\u00eda ido de viaje, y \u00e9l, convertido en cartero de mu\u00f1ecas, ten\u00eda una carta que le llevar\u00eda al d\u00eda siguiente al parque. Aquella noche Franz escribi\u00f3 la primera de las muchas cartas que, durante tres semanas, entreg\u00f3 a la ni\u00f1a puntualmente, narrando las peripecias de la extraordinaria mu\u00f1eca desde todos los rincones del mundo. Seg\u00fan cuenta Dora Dymant, su compa\u00f1era en aquellos d\u00edas, el estado febril con el que Kafka escrib\u00eda esas cartas era comparable al de cualquiera de sus inmortales obras. \u00c9ste es el relato de aquella experiencia, en la que Franz Kafka fue un mago de la palabra para una ni\u00f1a desconocida de la que jam\u00e1s volvi\u00f3 a saberse nada, como tampoco de aquellas cartas que constituyen uno de los misterios m\u00e1s hermosos de la narrativa del siglo XX.<\/p>\n","protected":false},"excerpt":{"rendered":"<p>Un a\u00f1o antes de su muerte, Franz Kafka vivi\u00f3 una experiencia muy ins\u00f3lita. Paseando por el parque Steglitz, en Berl\u00edn, encontr\u00f3 a una ni\u00f1a llorando desconsolada: hab\u00eda perdido su mu\u00f1eca. Para calmar a la peque\u00f1a, el autor de La metamorfosis se invent\u00f3 una peculiar historia: la mu\u00f1eca no se hab\u00eda perdido, se hab\u00eda ido de [&hellip;]<\/p>\n","protected":false},"featured_media":2241,"template":"","meta":[],"product_brand":[],"product_cat":[25],"product_tag":[54,235,236,45],"class_list":{"0":"post-2246","1":"product","2":"type-product","3":"status-publish","4":"has-post-thumbnail","6":"product_cat-libros-digitales-ebooks","7":"product_tag-descargar-ebook","8":"product_tag-jordi-sierra-i-fabra","9":"product_tag-kafka-y-la-muneca-viajera","10":"product_tag-mejor-novela","12":"first","13":"instock","14":"shipping-taxable","15":"purchasable","16":"product-type-variable","17":"has-default-attributes"},"_links":{"self":[{"href":"https:\/\/www.taller-palabras.com\/WordPress_04\/wp-json\/wp\/v2\/product\/2246","targetHints":{"allow":["GET"]}}],"collection":[{"href":"https:\/\/www.taller-palabras.com\/WordPress_04\/wp-json\/wp\/v2\/product"}],"about":[{"href":"https:\/\/www.taller-palabras.com\/WordPress_04\/wp-json\/wp\/v2\/types\/product"}],"wp:featuredmedia":[{"embeddable":true,"href":"https:\/\/www.taller-palabras.com\/WordPress_04\/wp-json\/wp\/v2\/media\/2241"}],"wp:attachment":[{"href":"https:\/\/www.taller-palabras.com\/WordPress_04\/wp-json\/wp\/v2\/media?parent=2246"}],"wp:term":[{"taxonomy":"product_brand","embeddable":true,"href":"https:\/\/www.taller-palabras.com\/WordPress_04\/wp-json\/wp\/v2\/product_brand?post=2246"},{"taxonomy":"product_cat","embeddable":true,"href":"https:\/\/www.taller-palabras.com\/WordPress_04\/wp-json\/wp\/v2\/product_cat?post=2246"},{"taxonomy":"product_tag","embeddable":true,"href":"https:\/\/www.taller-palabras.com\/WordPress_04\/wp-json\/wp\/v2\/product_tag?post=2246"}],"curies":[{"name":"wp","href":"https:\/\/api.w.org\/{rel}","templated":true}]}}