{"id":2273,"date":"2020-08-09T17:04:10","date_gmt":"2020-08-09T20:04:10","guid":{"rendered":"https:\/\/www.taller-palabras.com\/WordPress_04\/?post_type=product&#038;p=2273"},"modified":"2023-12-20T11:44:45","modified_gmt":"2023-12-20T14:44:45","slug":"y-julia-reto-a-los-dioses-santiago-posteguillo-ebook","status":"publish","type":"product","link":"https:\/\/www.taller-palabras.com\/WordPress_04\/producto\/y-julia-reto-a-los-dioses-santiago-posteguillo-ebook","title":{"rendered":"Y Julia ret\u00f3 a los dioses &#8211; Santiago Posteguillo \/ebook"},"content":{"rendered":"<figure id=\"attachment_2255\" aria-describedby=\"caption-attachment-2255\" style=\"width: 150px\" class=\"wp-caption alignleft\"><img loading=\"lazy\" decoding=\"async\" class=\"wp-image-2255 size-thumbnail\" src=\"https:\/\/www.taller-palabras.com\/WordPress_04\/wp-content\/uploads\/2020\/08\/SantiagoPosteguillo-150x150.jpg\" alt=\"\" width=\"150\" height=\"150\" srcset=\"https:\/\/www.taller-palabras.com\/WordPress_04\/wp-content\/uploads\/2020\/08\/SantiagoPosteguillo-150x150.jpg 150w, https:\/\/www.taller-palabras.com\/WordPress_04\/wp-content\/uploads\/2020\/08\/SantiagoPosteguillo-100x100.jpg 100w\" sizes=\"auto, (max-width: 150px) 100vw, 150px\" \/><figcaption id=\"caption-attachment-2255\" class=\"wp-caption-text\">Autor Santiago Posteguillo<\/figcaption><\/figure>\n<p>Cuando el enemigo es tu propio hijo\u2026, \u00bfexiste la victoria?<br \/>\nMantenerse en lo alto es mucho m\u00e1s dif\u00edcil que llegar. Julia est\u00e1 en la c\u00faspide de su poder, pero la traici\u00f3n y la divisi\u00f3n familiar amenazan con echarlo todo a perder. Para colmo de males, el m\u00e9dico Galeno diagnostica que la emperatriz padece lo que \u00e9l, en griego, llama karkinos, y que los romanos, en lat\u00edn, denominan c\u00e1ncer. El enfrentamiento brutal entre sus dos hijos aboca la dinast\u00eda de Julia al colapso. En medio del dolor f\u00edsico y moral que padece la augusta, cualquiera se hubiera rendido. Se acumulan tantos desastres que Julia siente que es como si luchara contra los dioses de Roma. Pero, en medio del caos, una historia de amor m\u00e1s fuerte que la muerte, una pasi\u00f3n capaz de superar pruebas imposibles emerge al rescate de Julia. Nada est\u00e1 perdido. La partida por el control del imperio contin\u00faa.<\/p>\n","protected":false},"excerpt":{"rendered":"<p>Cuando el enemigo es tu propio hijo\u2026, \u00bfexiste la victoria? Mantenerse en lo alto es mucho m\u00e1s dif\u00edcil que llegar. Julia est\u00e1 en la c\u00faspide de su poder, pero la traici\u00f3n y la divisi\u00f3n familiar amenazan con echarlo todo a perder. Para colmo de males, el m\u00e9dico Galeno diagnostica que la emperatriz padece lo que [&hellip;]<\/p>\n","protected":false},"featured_media":2265,"template":"","meta":[],"product_brand":[],"product_cat":[25],"product_tag":[54,45,238,240],"class_list":{"0":"post-2273","1":"product","2":"type-product","3":"status-publish","4":"has-post-thumbnail","6":"product_cat-libros-digitales-ebooks","7":"product_tag-descargar-ebook","8":"product_tag-mejor-novela","9":"product_tag-santiago-posteguillo","10":"product_tag-y-julia-reto-a-los-dioses","12":"first","13":"instock","14":"shipping-taxable","15":"purchasable","16":"product-type-variable","17":"has-default-attributes"},"_links":{"self":[{"href":"https:\/\/www.taller-palabras.com\/WordPress_04\/wp-json\/wp\/v2\/product\/2273","targetHints":{"allow":["GET"]}}],"collection":[{"href":"https:\/\/www.taller-palabras.com\/WordPress_04\/wp-json\/wp\/v2\/product"}],"about":[{"href":"https:\/\/www.taller-palabras.com\/WordPress_04\/wp-json\/wp\/v2\/types\/product"}],"wp:featuredmedia":[{"embeddable":true,"href":"https:\/\/www.taller-palabras.com\/WordPress_04\/wp-json\/wp\/v2\/media\/2265"}],"wp:attachment":[{"href":"https:\/\/www.taller-palabras.com\/WordPress_04\/wp-json\/wp\/v2\/media?parent=2273"}],"wp:term":[{"taxonomy":"product_brand","embeddable":true,"href":"https:\/\/www.taller-palabras.com\/WordPress_04\/wp-json\/wp\/v2\/product_brand?post=2273"},{"taxonomy":"product_cat","embeddable":true,"href":"https:\/\/www.taller-palabras.com\/WordPress_04\/wp-json\/wp\/v2\/product_cat?post=2273"},{"taxonomy":"product_tag","embeddable":true,"href":"https:\/\/www.taller-palabras.com\/WordPress_04\/wp-json\/wp\/v2\/product_tag?post=2273"}],"curies":[{"name":"wp","href":"https:\/\/api.w.org\/{rel}","templated":true}]}}