{"id":2300,"date":"2020-08-12T13:46:42","date_gmt":"2020-08-12T16:46:42","guid":{"rendered":"https:\/\/www.taller-palabras.com\/WordPress_04\/?post_type=product&#038;p=2300"},"modified":"2023-12-20T17:18:42","modified_gmt":"2023-12-20T20:18:42","slug":"la-catedral-del-mar-ildefonso-falcones-ebook","status":"publish","type":"product","link":"https:\/\/www.taller-palabras.com\/WordPress_04\/producto\/la-catedral-del-mar-ildefonso-falcones-ebook","title":{"rendered":"La catedral del mar &#8211; Ildefonso Falcones \/ebook"},"content":{"rendered":"<figure id=\"attachment_2281\" aria-describedby=\"caption-attachment-2281\" style=\"width: 150px\" class=\"wp-caption alignleft\"><img loading=\"lazy\" decoding=\"async\" class=\"wp-image-2281 size-thumbnail\" src=\"https:\/\/www.taller-palabras.com\/WordPress_04\/wp-content\/uploads\/2020\/08\/IldefonsoFalcones-150x150.jpg\" alt=\"\" width=\"150\" height=\"150\" srcset=\"https:\/\/www.taller-palabras.com\/WordPress_04\/wp-content\/uploads\/2020\/08\/IldefonsoFalcones-150x150.jpg 150w, https:\/\/www.taller-palabras.com\/WordPress_04\/wp-content\/uploads\/2020\/08\/IldefonsoFalcones-100x100.jpg 100w\" sizes=\"auto, (max-width: 150px) 100vw, 150px\" \/><figcaption id=\"caption-attachment-2281\" class=\"wp-caption-text\">Autor Ildefonso Falcones<\/figcaption><\/figure>\n<p>Siglo XIV. La ciudad de Barcelona se encuentra en su momento de mayor prosperidad; ha crecido hacia la Ribera, el humilde barrio de los pescadores, cuyos habitantes deciden construir, con el dinero de unos y el esfuerzo de otros, el mayor templo mariano jam\u00e1s conocido: Santa Mar\u00eda de la Mar. Una construcci\u00f3n que es paralela a la azarosa historia de Arnau, un siervo de la tierra que huye de los abusos de su se\u00f1or feudal y se refugia en Barcelona, donde se convierte en ciudadano y, con ello, en hombre libre. El joven Arnau trabaja como palafrenero, estibador, soldado y cambista. Una vida extenuante, siempre al amparo de la catedral de la Mar, que le iba a llevar de la miseria del fugitivo a la nobleza y la riqueza. Pero con esta posici\u00f3n privilegiada tambi\u00e9n le llega la envidia de sus pares, que urden una s\u00f3rdida conjura que pone su vida en manos de la Inquisici\u00f3n&#8230;<\/p>\n<p>La catedral del mar es una trama en la que se entrecruzan lealtad y venganza, traici\u00f3n y amor, guerra y peste, en un mundo marcado por la intolerancia religiosa, la ambici\u00f3n material y la segregaci\u00f3n social. Todo ello convierte a esta obra no solo en una novela absorbente, sino tambi\u00e9n en la m\u00e1s fascinante y ambiciosa recreaci\u00f3n de las luces y sombras de la \u00e9poca feudal.<\/p>\n","protected":false},"excerpt":{"rendered":"<p>Siglo XIV. La ciudad de Barcelona se encuentra en su momento de mayor prosperidad; ha crecido hacia la Ribera, el humilde barrio de los pescadores, cuyos habitantes deciden construir, con el dinero de unos y el esfuerzo de otros, el mayor templo mariano jam\u00e1s conocido: Santa Mar\u00eda de la Mar. Una construcci\u00f3n que es paralela [&hellip;]<\/p>\n","protected":false},"featured_media":2293,"template":"","meta":[],"product_brand":[],"product_cat":[25],"product_tag":[242,54,241,45],"class_list":{"0":"post-2300","1":"product","2":"type-product","3":"status-publish","4":"has-post-thumbnail","6":"product_cat-libros-digitales-ebooks","7":"product_tag-catedral-del-mar","8":"product_tag-descargar-ebook","9":"product_tag-ildefonso-falcones","10":"product_tag-mejor-novela","12":"first","13":"instock","14":"shipping-taxable","15":"purchasable","16":"product-type-variable","17":"has-default-attributes"},"_links":{"self":[{"href":"https:\/\/www.taller-palabras.com\/WordPress_04\/wp-json\/wp\/v2\/product\/2300","targetHints":{"allow":["GET"]}}],"collection":[{"href":"https:\/\/www.taller-palabras.com\/WordPress_04\/wp-json\/wp\/v2\/product"}],"about":[{"href":"https:\/\/www.taller-palabras.com\/WordPress_04\/wp-json\/wp\/v2\/types\/product"}],"wp:featuredmedia":[{"embeddable":true,"href":"https:\/\/www.taller-palabras.com\/WordPress_04\/wp-json\/wp\/v2\/media\/2293"}],"wp:attachment":[{"href":"https:\/\/www.taller-palabras.com\/WordPress_04\/wp-json\/wp\/v2\/media?parent=2300"}],"wp:term":[{"taxonomy":"product_brand","embeddable":true,"href":"https:\/\/www.taller-palabras.com\/WordPress_04\/wp-json\/wp\/v2\/product_brand?post=2300"},{"taxonomy":"product_cat","embeddable":true,"href":"https:\/\/www.taller-palabras.com\/WordPress_04\/wp-json\/wp\/v2\/product_cat?post=2300"},{"taxonomy":"product_tag","embeddable":true,"href":"https:\/\/www.taller-palabras.com\/WordPress_04\/wp-json\/wp\/v2\/product_tag?post=2300"}],"curies":[{"name":"wp","href":"https:\/\/api.w.org\/{rel}","templated":true}]}}