{"id":2343,"date":"2020-08-29T11:16:47","date_gmt":"2020-08-29T14:16:47","guid":{"rendered":"https:\/\/www.taller-palabras.com\/WordPress_04\/?post_type=product&#038;p=2343"},"modified":"2023-12-23T14:23:02","modified_gmt":"2023-12-23T17:23:02","slug":"historias-de-terramar-ursula-k-le-guin-ebook","status":"publish","type":"product","link":"https:\/\/www.taller-palabras.com\/WordPress_04\/producto\/historias-de-terramar-ursula-k-le-guin-ebook","title":{"rendered":"Historias de Terramar  &#8211; Ursula K. Le Guin \/ebook"},"content":{"rendered":"<figure id=\"attachment_2347\" aria-describedby=\"caption-attachment-2347\" style=\"width: 150px\" class=\"wp-caption alignleft\"><img loading=\"lazy\" decoding=\"async\" class=\"wp-image-2347 size-thumbnail\" src=\"https:\/\/www.taller-palabras.com\/WordPress_04\/wp-content\/uploads\/2020\/08\/UrsulaKLeguin-150x150.jpg\" alt=\"\" width=\"150\" height=\"150\" srcset=\"https:\/\/www.taller-palabras.com\/WordPress_04\/wp-content\/uploads\/2020\/08\/UrsulaKLeguin-150x150.jpg 150w, https:\/\/www.taller-palabras.com\/WordPress_04\/wp-content\/uploads\/2020\/08\/UrsulaKLeguin-100x100.jpg 100w\" sizes=\"auto, (max-width: 150px) 100vw, 150px\" \/><figcaption id=\"caption-attachment-2347\" class=\"wp-caption-text\">Autora Ursula K. Le Guin<\/figcaption><\/figure>\n<p>En el archipi\u00e9lago de Terramar hay dragones, magos y espectros, talismanes y poderes. Es un mundo gobernado por la magia y, ante todo, por las palabras, pues cada cosa posee su nombre verdadero, el designado durante la Creaci\u00f3n, que otorga a los hechiceros el dominio sobre los elementos y los animales. Sus gentes, sencillas y tranquilas, tienen como \u00fanico objetivo conseguir paz y sabidur\u00eda.<br \/>\nEste volumen recoge las dos primeras novelas de la saga. Sus respectivos protagonistas, el joven mago Ged y la sacerdotisa Tenar, experimentar\u00e1n una serie de aventuras que los transformar\u00e1n profundamente, les har\u00e1n crecer y liberarse de sus miedos y represiones para convertirse en aut\u00e9nticos h\u00e9roes que colaboren en el restablecimiento del equilibrio c\u00f3smico.<\/p>\n","protected":false},"excerpt":{"rendered":"<p>En el archipi\u00e9lago de Terramar hay dragones, magos y espectros, talismanes y poderes. Es un mundo gobernado por la magia y, ante todo, por las palabras, pues cada cosa posee su nombre verdadero, el designado durante la Creaci\u00f3n, que otorga a los hechiceros el dominio sobre los elementos y los animales. Sus gentes, sencillas y [&hellip;]<\/p>\n","protected":false},"featured_media":2351,"template":"","meta":[],"product_brand":[],"product_cat":[25],"product_tag":[54,254,45,253],"class_list":{"0":"post-2343","1":"product","2":"type-product","3":"status-publish","4":"has-post-thumbnail","6":"product_cat-libros-digitales-ebooks","7":"product_tag-descargar-ebook","8":"product_tag-historias-de-terramar","9":"product_tag-mejor-novela","10":"product_tag-ursula-k-le-guin","12":"first","13":"instock","14":"shipping-taxable","15":"purchasable","16":"product-type-variable","17":"has-default-attributes"},"_links":{"self":[{"href":"https:\/\/www.taller-palabras.com\/WordPress_04\/wp-json\/wp\/v2\/product\/2343","targetHints":{"allow":["GET"]}}],"collection":[{"href":"https:\/\/www.taller-palabras.com\/WordPress_04\/wp-json\/wp\/v2\/product"}],"about":[{"href":"https:\/\/www.taller-palabras.com\/WordPress_04\/wp-json\/wp\/v2\/types\/product"}],"wp:featuredmedia":[{"embeddable":true,"href":"https:\/\/www.taller-palabras.com\/WordPress_04\/wp-json\/wp\/v2\/media\/2351"}],"wp:attachment":[{"href":"https:\/\/www.taller-palabras.com\/WordPress_04\/wp-json\/wp\/v2\/media?parent=2343"}],"wp:term":[{"taxonomy":"product_brand","embeddable":true,"href":"https:\/\/www.taller-palabras.com\/WordPress_04\/wp-json\/wp\/v2\/product_brand?post=2343"},{"taxonomy":"product_cat","embeddable":true,"href":"https:\/\/www.taller-palabras.com\/WordPress_04\/wp-json\/wp\/v2\/product_cat?post=2343"},{"taxonomy":"product_tag","embeddable":true,"href":"https:\/\/www.taller-palabras.com\/WordPress_04\/wp-json\/wp\/v2\/product_tag?post=2343"}],"curies":[{"name":"wp","href":"https:\/\/api.w.org\/{rel}","templated":true}]}}