{"id":2363,"date":"2020-08-29T13:55:55","date_gmt":"2020-08-29T16:55:55","guid":{"rendered":"https:\/\/www.taller-palabras.com\/WordPress_04\/?post_type=product&#038;p=2363"},"modified":"2023-12-24T12:41:13","modified_gmt":"2023-12-24T15:41:13","slug":"canciones-para-paula-blue-jeans-ebook","status":"publish","type":"product","link":"https:\/\/www.taller-palabras.com\/WordPress_04\/producto\/canciones-para-paula-blue-jeans-ebook","title":{"rendered":"Canciones para Paula &#8211; Blue Jeans \/ebook"},"content":{"rendered":"<figure id=\"attachment_2370\" aria-describedby=\"caption-attachment-2370\" style=\"width: 150px\" class=\"wp-caption alignleft\"><img loading=\"lazy\" decoding=\"async\" class=\"wp-image-2370 size-thumbnail\" src=\"https:\/\/www.taller-palabras.com\/WordPress_04\/wp-content\/uploads\/2020\/08\/blue_jeans-150x150.jpg\" alt=\"\" width=\"150\" height=\"150\" srcset=\"https:\/\/www.taller-palabras.com\/WordPress_04\/wp-content\/uploads\/2020\/08\/blue_jeans-150x150.jpg 150w, https:\/\/www.taller-palabras.com\/WordPress_04\/wp-content\/uploads\/2020\/08\/blue_jeans-100x100.jpg 100w\" sizes=\"auto, (max-width: 150px) 100vw, 150px\" \/><figcaption id=\"caption-attachment-2370\" class=\"wp-caption-text\">Autor Blue Jeans<\/figcaption><\/figure>\n<p>Paula, una joven a punto de cumplir los 17, se ha citado con \u00c1ngel, un chico de 22 a\u00f1os al que ha conocido por internet. Est\u00e1 nerviosa e ilusionada. Los minutos pasan y el chico no llega, por lo que ella decide meterse en un caf\u00e9 cercano. All\u00ed tiene un divertido encuentro con \u00c1lex, un desconocido, que casualmente est\u00e1 leyendo el mismo libro que ella. Ambos son j\u00f3venes y guapos&#8230; \u00c1lex tiene que irse precipitadamente porque tiene un compromiso. Cuando Paula ya se dispone a salir, aparece \u00c1ngel y se disculpa por el gran retraso. \u00c9l es periodista y esa tarde ha tenido que entrevistar a Katia, la cantante de moda&#8230; Canciones Para Paula es una novela fresca y juvenil que cuenta la historia de Paula, una adolescente de casi 17 a\u00f1os que se enamora de \u00c1ngel, un chico un poco mayor que ella que conoce por internet. Sin embargo, cuando todo les va genial aparece \u00c1lex, a quien s\u00f3lo conoce de un ratito pero cuyo encuentro es de cine. Adem\u00e1s, Paula no sabe que tiene un admirador y que est\u00e1 m\u00e1s cerca de lo que se podr\u00eda esperar\u2026 Todo un embrollo de amores y desamores de los que ser\u00e1n testigos sus mejores amigas, \u201cLas Sugus\u201d, que no se separar\u00e1n de Paula. Amor, desamor, encuentros, mentiras, amistad, m\u00fasica\u2026 Todo tiene cabida en esta rom\u00e1ntica historia que sin duda te mantendr\u00e1 sin pesta\u00f1ear hasta el final.<\/p>\n","protected":false},"excerpt":{"rendered":"<p>Paula, una joven a punto de cumplir los 17, se ha citado con \u00c1ngel, un chico de 22 a\u00f1os al que ha conocido por internet. Est\u00e1 nerviosa e ilusionada. Los minutos pasan y el chico no llega, por lo que ella decide meterse en un caf\u00e9 cercano. All\u00ed tiene un divertido encuentro con \u00c1lex, un [&hellip;]<\/p>\n","protected":false},"featured_media":2371,"template":"","meta":[],"product_brand":[],"product_cat":[25],"product_tag":[257,258,54,45],"class_list":{"0":"post-2363","1":"product","2":"type-product","3":"status-publish","4":"has-post-thumbnail","6":"product_cat-libros-digitales-ebooks","7":"product_tag-blue-jeans","8":"product_tag-canciones-para-paula","9":"product_tag-descargar-ebook","10":"product_tag-mejor-novela","12":"first","13":"instock","14":"shipping-taxable","15":"purchasable","16":"product-type-variable","17":"has-default-attributes"},"_links":{"self":[{"href":"https:\/\/www.taller-palabras.com\/WordPress_04\/wp-json\/wp\/v2\/product\/2363","targetHints":{"allow":["GET"]}}],"collection":[{"href":"https:\/\/www.taller-palabras.com\/WordPress_04\/wp-json\/wp\/v2\/product"}],"about":[{"href":"https:\/\/www.taller-palabras.com\/WordPress_04\/wp-json\/wp\/v2\/types\/product"}],"wp:featuredmedia":[{"embeddable":true,"href":"https:\/\/www.taller-palabras.com\/WordPress_04\/wp-json\/wp\/v2\/media\/2371"}],"wp:attachment":[{"href":"https:\/\/www.taller-palabras.com\/WordPress_04\/wp-json\/wp\/v2\/media?parent=2363"}],"wp:term":[{"taxonomy":"product_brand","embeddable":true,"href":"https:\/\/www.taller-palabras.com\/WordPress_04\/wp-json\/wp\/v2\/product_brand?post=2363"},{"taxonomy":"product_cat","embeddable":true,"href":"https:\/\/www.taller-palabras.com\/WordPress_04\/wp-json\/wp\/v2\/product_cat?post=2363"},{"taxonomy":"product_tag","embeddable":true,"href":"https:\/\/www.taller-palabras.com\/WordPress_04\/wp-json\/wp\/v2\/product_tag?post=2363"}],"curies":[{"name":"wp","href":"https:\/\/api.w.org\/{rel}","templated":true}]}}