{"id":2373,"date":"2020-08-31T12:10:17","date_gmt":"2020-08-31T15:10:17","guid":{"rendered":"https:\/\/www.taller-palabras.com\/WordPress_04\/?post_type=product&#038;p=2373"},"modified":"2023-12-30T10:34:33","modified_gmt":"2023-12-30T13:34:33","slug":"la-desaparicion-de-stephanie-mailer-joel-dicker-ebook","status":"publish","type":"product","link":"https:\/\/www.taller-palabras.com\/WordPress_04\/producto\/la-desaparicion-de-stephanie-mailer-joel-dicker-ebook","title":{"rendered":"La desaparici\u00f3n de Stephanie Mailer &#8211; Jo\u00ebl Dicker \/ebook"},"content":{"rendered":"<figure id=\"attachment_2377\" aria-describedby=\"caption-attachment-2377\" style=\"width: 150px\" class=\"wp-caption alignleft\"><img loading=\"lazy\" decoding=\"async\" class=\"wp-image-2377 size-thumbnail\" src=\"https:\/\/www.taller-palabras.com\/WordPress_04\/wp-content\/uploads\/2020\/08\/JoelDicker-150x150.jpg\" alt=\"\" width=\"150\" height=\"150\" srcset=\"https:\/\/www.taller-palabras.com\/WordPress_04\/wp-content\/uploads\/2020\/08\/JoelDicker-150x150.jpg 150w, https:\/\/www.taller-palabras.com\/WordPress_04\/wp-content\/uploads\/2020\/08\/JoelDicker-100x100.jpg 100w\" sizes=\"auto, (max-width: 150px) 100vw, 150px\" \/><figcaption id=\"caption-attachment-2377\" class=\"wp-caption-text\">Autor Jo\u00ebl Dicker<\/figcaption><\/figure>\n<p>La noche del 30 de julio de 1994, la apacible poblaci\u00f3n de Orphea, en la regi\u00f3n de los Hamptons, asiste a la gran apertura del festival de teatro. Pero el alcalde se retrasa\u2026 Mientras tanto, un hombre recorre las calles vac\u00edas buscando a su mujer, hasta hallar su cad\u00e1ver ante la casa del alcalde. Dentro, toda la familia ha sido asesinada. Jesse Rosenberg y Derek Scott, dos j\u00f3venes y brillantes polic\u00edas de Nueva York, resuelven el caso. Pero veinte a\u00f1os m\u00e1s tarde, en la ceremonia de despedida de la polic\u00eda a Rosenberg, la periodista Stephanie Mailer lo afronta: asegura que Dereck y Jesse se equivocaron de asesino a pesar de que la prueba estaba delante de sus ojos, y afirma poseer informaci\u00f3n clave. D\u00edas despu\u00e9s, desaparece. As\u00ed se inicia este colosal \u00abthriller\u00bb, que avanza en el pasado y el presente a ritmo vertiginoso, sumando tramas, personajes, sorpresas y vueltas de tuerca, sacudiendo y precipitando al lector sin freno posible hacia el inesperado e inolvidable desenlace.<\/p>\n","protected":false},"excerpt":{"rendered":"<p>La noche del 30 de julio de 1994, la apacible poblaci\u00f3n de Orphea, en la regi\u00f3n de los Hamptons, asiste a la gran apertura del festival de teatro. Pero el alcalde se retrasa\u2026 Mientras tanto, un hombre recorre las calles vac\u00edas buscando a su mujer, hasta hallar su cad\u00e1ver ante la casa del alcalde. Dentro, [&hellip;]<\/p>\n","protected":false},"featured_media":2380,"template":"","meta":[],"product_brand":[],"product_cat":[25],"product_tag":[54,259,260,45],"class_list":{"0":"post-2373","1":"product","2":"type-product","3":"status-publish","4":"has-post-thumbnail","6":"product_cat-libros-digitales-ebooks","7":"product_tag-descargar-ebook","8":"product_tag-joel-dicker","9":"product_tag-la-desaparicion-de-stephanie-mailer","10":"product_tag-mejor-novela","12":"first","13":"instock","14":"shipping-taxable","15":"purchasable","16":"product-type-variable","17":"has-default-attributes"},"_links":{"self":[{"href":"https:\/\/www.taller-palabras.com\/WordPress_04\/wp-json\/wp\/v2\/product\/2373","targetHints":{"allow":["GET"]}}],"collection":[{"href":"https:\/\/www.taller-palabras.com\/WordPress_04\/wp-json\/wp\/v2\/product"}],"about":[{"href":"https:\/\/www.taller-palabras.com\/WordPress_04\/wp-json\/wp\/v2\/types\/product"}],"wp:featuredmedia":[{"embeddable":true,"href":"https:\/\/www.taller-palabras.com\/WordPress_04\/wp-json\/wp\/v2\/media\/2380"}],"wp:attachment":[{"href":"https:\/\/www.taller-palabras.com\/WordPress_04\/wp-json\/wp\/v2\/media?parent=2373"}],"wp:term":[{"taxonomy":"product_brand","embeddable":true,"href":"https:\/\/www.taller-palabras.com\/WordPress_04\/wp-json\/wp\/v2\/product_brand?post=2373"},{"taxonomy":"product_cat","embeddable":true,"href":"https:\/\/www.taller-palabras.com\/WordPress_04\/wp-json\/wp\/v2\/product_cat?post=2373"},{"taxonomy":"product_tag","embeddable":true,"href":"https:\/\/www.taller-palabras.com\/WordPress_04\/wp-json\/wp\/v2\/product_tag?post=2373"}],"curies":[{"name":"wp","href":"https:\/\/api.w.org\/{rel}","templated":true}]}}