{"id":2387,"date":"2020-08-31T12:09:35","date_gmt":"2020-08-31T15:09:35","guid":{"rendered":"https:\/\/www.taller-palabras.com\/WordPress_04\/?post_type=product&#038;p=2387"},"modified":"2023-12-30T10:08:19","modified_gmt":"2023-12-30T13:08:19","slug":"los-hombres-que-no-amaban-a-las-mujeres-stieg-larsson-ebook","status":"publish","type":"product","link":"https:\/\/www.taller-palabras.com\/WordPress_04\/producto\/los-hombres-que-no-amaban-a-las-mujeres-stieg-larsson-ebook","title":{"rendered":"Los hombres que no amaban a las mujeres (1) &#8211; Stieg Larsson  \/ebook"},"content":{"rendered":"<figure id=\"attachment_2378\" aria-describedby=\"caption-attachment-2378\" style=\"width: 150px\" class=\"wp-caption alignleft\"><img loading=\"lazy\" decoding=\"async\" class=\"wp-image-2378 size-thumbnail\" src=\"https:\/\/www.taller-palabras.com\/WordPress_04\/wp-content\/uploads\/2020\/08\/StiegLarsson-150x150.jpg\" alt=\"\" width=\"150\" height=\"150\" srcset=\"https:\/\/www.taller-palabras.com\/WordPress_04\/wp-content\/uploads\/2020\/08\/StiegLarsson-150x150.jpg 150w, https:\/\/www.taller-palabras.com\/WordPress_04\/wp-content\/uploads\/2020\/08\/StiegLarsson-100x100.jpg 100w\" sizes=\"auto, (max-width: 150px) 100vw, 150px\" \/><figcaption id=\"caption-attachment-2378\" class=\"wp-caption-text\">Autor Stieg Larsson<\/figcaption><\/figure>\n<p>El protagonista de la novela se llama Mikael. Ha trabajado durante mucho tiempo en una revista de sociolog\u00eda y de econom\u00eda. Ese es su \u00fanico curr\u00edculo como \u00abinvestigador\u00bb. Sin embargo, en el ocaso de su vida recibe un encargo sorprendente. Un hombre llamado Henrik Vanger le pide que investigue una desaparici\u00f3n que se remonta muy atr\u00e1s en el tiempo. La de su sobrina, que quiz\u00e1s fue asesinada. En cualquier otro momento de su vida Mikael, que ha sido una aut\u00e9ntica estrella del periodismo, hubiera renunciado, pero \u00e9ste no es un momento cualquiera. Mikael tiene problemas con la justicia, est\u00e1 vigilado y encausado por una querella por difamaci\u00f3n y calumnia. Detr\u00e1s de la querella est\u00e1 un gran grupo industrial que amenaza con derrumbar su carrera y destruir su reputaci\u00f3n. De manera que se hace ayudar por Lisbeth Salander. Lisbeth es una mujer turbadora, incontrolable, socialmente inadaptada, con todas las partes del cuerpo o bien tatuadas o bien perforadas por piercings. Pero tiene extraordinarias cualidades como investigadora, entre ellas una excelente memoria fotogr\u00e1fica y un extraordinario dominio inform\u00e1tico que le permitir\u00e1n encontrar lo inencontrable. Stieg Larsson con esta su primera novela ha creado una marca y una tendencia en la literatura europea, coloc\u00e1ndole en las listas de m\u00e1s vendidos de todo el continente.<\/p>\n","protected":false},"excerpt":{"rendered":"<p>El protagonista de la novela se llama Mikael. Ha trabajado durante mucho tiempo en una revista de sociolog\u00eda y de econom\u00eda. Ese es su \u00fanico curr\u00edculo como \u00abinvestigador\u00bb. Sin embargo, en el ocaso de su vida recibe un encargo sorprendente. Un hombre llamado Henrik Vanger le pide que investigue una desaparici\u00f3n que se remonta muy [&hellip;]<\/p>\n","protected":false},"featured_media":2379,"template":"","meta":[],"product_brand":[],"product_cat":[25],"product_tag":[54,262,45,261],"class_list":{"0":"post-2387","1":"product","2":"type-product","3":"status-publish","4":"has-post-thumbnail","6":"product_cat-libros-digitales-ebooks","7":"product_tag-descargar-ebook","8":"product_tag-los-hombres-que-no-amaban-a-las-mujeres","9":"product_tag-mejor-novela","10":"product_tag-stieg-larsson","12":"first","13":"instock","14":"shipping-taxable","15":"purchasable","16":"product-type-variable","17":"has-default-attributes"},"_links":{"self":[{"href":"https:\/\/www.taller-palabras.com\/WordPress_04\/wp-json\/wp\/v2\/product\/2387","targetHints":{"allow":["GET"]}}],"collection":[{"href":"https:\/\/www.taller-palabras.com\/WordPress_04\/wp-json\/wp\/v2\/product"}],"about":[{"href":"https:\/\/www.taller-palabras.com\/WordPress_04\/wp-json\/wp\/v2\/types\/product"}],"wp:featuredmedia":[{"embeddable":true,"href":"https:\/\/www.taller-palabras.com\/WordPress_04\/wp-json\/wp\/v2\/media\/2379"}],"wp:attachment":[{"href":"https:\/\/www.taller-palabras.com\/WordPress_04\/wp-json\/wp\/v2\/media?parent=2387"}],"wp:term":[{"taxonomy":"product_brand","embeddable":true,"href":"https:\/\/www.taller-palabras.com\/WordPress_04\/wp-json\/wp\/v2\/product_brand?post=2387"},{"taxonomy":"product_cat","embeddable":true,"href":"https:\/\/www.taller-palabras.com\/WordPress_04\/wp-json\/wp\/v2\/product_cat?post=2387"},{"taxonomy":"product_tag","embeddable":true,"href":"https:\/\/www.taller-palabras.com\/WordPress_04\/wp-json\/wp\/v2\/product_tag?post=2387"}],"curies":[{"name":"wp","href":"https:\/\/api.w.org\/{rel}","templated":true}]}}