{"id":2392,"date":"2020-09-01T12:41:58","date_gmt":"2020-09-01T15:41:58","guid":{"rendered":"https:\/\/www.taller-palabras.com\/WordPress_04\/?post_type=product&#038;p=2392"},"modified":"2023-12-30T11:38:10","modified_gmt":"2023-12-30T14:38:10","slug":"seda-alessandro-baricco-ebook","status":"publish","type":"product","link":"https:\/\/www.taller-palabras.com\/WordPress_04\/producto\/seda-alessandro-baricco-ebook","title":{"rendered":"Seda &#8211; Alessandro Baricco  \/ebook"},"content":{"rendered":"<figure id=\"attachment_2406\" aria-describedby=\"caption-attachment-2406\" style=\"width: 150px\" class=\"wp-caption alignleft\"><img loading=\"lazy\" decoding=\"async\" class=\"wp-image-2406 size-thumbnail\" src=\"https:\/\/www.taller-palabras.com\/WordPress_04\/wp-content\/uploads\/2020\/09\/AlessandroBaricco-150x150.jpg\" alt=\"\" width=\"150\" height=\"150\" srcset=\"https:\/\/www.taller-palabras.com\/WordPress_04\/wp-content\/uploads\/2020\/09\/AlessandroBaricco-150x150.jpg 150w, https:\/\/www.taller-palabras.com\/WordPress_04\/wp-content\/uploads\/2020\/09\/AlessandroBaricco-100x100.jpg 100w, https:\/\/www.taller-palabras.com\/WordPress_04\/wp-content\/uploads\/2020\/09\/AlessandroBaricco.jpg 283w\" sizes=\"auto, (max-width: 150px) 100vw, 150px\" \/><figcaption id=\"caption-attachment-2406\" class=\"wp-caption-text\">Autor Alessandro Baricco<\/figcaption><\/figure>\n<p>Alessandro Baricco presentaba Seda en su pa\u00eds con estas palabras: \u00ab\u00c9sta no es una novela. Ni siquiera es un cuento. \u00c9sta es una historia, que empieza con un hombre que atraviesa el mundo, y acaba con un lago que permanece inm\u00f3vil, en una jornada de viento\u00bb. Con un ritmo cuidadosamente estudiado, el autor despliega una historia entre Francia y Jap\u00f3n y el comercio de seda, en la que se entremezclan con exquisita sencillez y serena elegancia el amor, el dolor, la melancol\u00eda y el deseo. Pero no es solamente una historia de amor. En palabras del propio autor, \u00absi s\u00f3lo fuera una historia de amor, no habr\u00eda valido la pena contarla\u00bb.<\/p>\n","protected":false},"excerpt":{"rendered":"<p>Alessandro Baricco presentaba Seda en su pa\u00eds con estas palabras: \u00ab\u00c9sta no es una novela. Ni siquiera es un cuento. \u00c9sta es una historia, que empieza con un hombre que atraviesa el mundo, y acaba con un lago que permanece inm\u00f3vil, en una jornada de viento\u00bb. Con un ritmo cuidadosamente estudiado, el autor despliega una [&hellip;]<\/p>\n","protected":false},"featured_media":2408,"template":"","meta":[],"product_brand":[],"product_cat":[25],"product_tag":[263,54,45,264],"class_list":{"0":"post-2392","1":"product","2":"type-product","3":"status-publish","4":"has-post-thumbnail","6":"product_cat-libros-digitales-ebooks","7":"product_tag-alessandro-baricco","8":"product_tag-descargar-ebook","9":"product_tag-mejor-novela","10":"product_tag-seda","12":"first","13":"instock","14":"shipping-taxable","15":"purchasable","16":"product-type-variable","17":"has-default-attributes"},"_links":{"self":[{"href":"https:\/\/www.taller-palabras.com\/WordPress_04\/wp-json\/wp\/v2\/product\/2392","targetHints":{"allow":["GET"]}}],"collection":[{"href":"https:\/\/www.taller-palabras.com\/WordPress_04\/wp-json\/wp\/v2\/product"}],"about":[{"href":"https:\/\/www.taller-palabras.com\/WordPress_04\/wp-json\/wp\/v2\/types\/product"}],"wp:featuredmedia":[{"embeddable":true,"href":"https:\/\/www.taller-palabras.com\/WordPress_04\/wp-json\/wp\/v2\/media\/2408"}],"wp:attachment":[{"href":"https:\/\/www.taller-palabras.com\/WordPress_04\/wp-json\/wp\/v2\/media?parent=2392"}],"wp:term":[{"taxonomy":"product_brand","embeddable":true,"href":"https:\/\/www.taller-palabras.com\/WordPress_04\/wp-json\/wp\/v2\/product_brand?post=2392"},{"taxonomy":"product_cat","embeddable":true,"href":"https:\/\/www.taller-palabras.com\/WordPress_04\/wp-json\/wp\/v2\/product_cat?post=2392"},{"taxonomy":"product_tag","embeddable":true,"href":"https:\/\/www.taller-palabras.com\/WordPress_04\/wp-json\/wp\/v2\/product_tag?post=2392"}],"curies":[{"name":"wp","href":"https:\/\/api.w.org\/{rel}","templated":true}]}}