{"id":2443,"date":"2020-09-14T13:05:15","date_gmt":"2020-09-14T16:05:15","guid":{"rendered":"https:\/\/www.taller-palabras.com\/WordPress_04\/?post_type=product&#038;p=2443"},"modified":"2024-01-01T17:30:09","modified_gmt":"2024-01-01T20:30:09","slug":"el-resplandor-stephen-king-ebook","status":"publish","type":"product","link":"https:\/\/www.taller-palabras.com\/WordPress_04\/producto\/el-resplandor-stephen-king-ebook","title":{"rendered":"El resplandor &#8211; Stephen King \/ebook"},"content":{"rendered":"<figure id=\"attachment_2450\" aria-describedby=\"caption-attachment-2450\" style=\"width: 150px\" class=\"wp-caption alignleft\"><img loading=\"lazy\" decoding=\"async\" class=\"wp-image-2450 size-thumbnail\" src=\"https:\/\/www.taller-palabras.com\/WordPress_04\/wp-content\/uploads\/2020\/09\/StephenKing-150x150.jpg\" alt=\"\" width=\"150\" height=\"150\" srcset=\"https:\/\/www.taller-palabras.com\/WordPress_04\/wp-content\/uploads\/2020\/09\/StephenKing-150x150.jpg 150w, https:\/\/www.taller-palabras.com\/WordPress_04\/wp-content\/uploads\/2020\/09\/StephenKing-100x100.jpg 100w\" sizes=\"auto, (max-width: 150px) 100vw, 150px\" \/><figcaption id=\"caption-attachment-2450\" class=\"wp-caption-text\">Autor Stephen King<\/figcaption><\/figure>\n<p>\u00c9ste es uno de los relatos m\u00e1s celebres del gran maestro del terror Stephen King. Luego que otro gran maestro, Stanley Kubrick, llevara una adaptaci\u00f3n de esta obra al cine, millones de copias de este libro se han vendido en todo el mundo. El Resplandor es la tercera novela publicada por King y \u00e9sta marca su carrera dentro de g\u00e9nero que le dar\u00e1 la fama.<br \/>\nJack es un hombre abrumado por un pasado que va m\u00e1s all\u00e1 de lo que \u00e9l puede recordar y, no estamos hablando de s\u00f3lo un problema de alcohol. Luego de aceptar un trabajo que supondr\u00e1 un cambio en su vida, la sombra de su pasado se cernir\u00e1 sobre sus seres m\u00e1s queridos: Su esposa y su hijo Danny de 5 a\u00f1os, quien puede presentir el mal rumbo que tomaran las cosas cuando su padre decida vivir aislados del mundo en un hotel que es un universo en s\u00ed mismo&#8230; pero un universo perverso.<\/p>\n","protected":false},"excerpt":{"rendered":"<p>\u00c9ste es uno de los relatos m\u00e1s celebres del gran maestro del terror Stephen King. Luego que otro gran maestro, Stanley Kubrick, llevara una adaptaci\u00f3n de esta obra al cine, millones de copias de este libro se han vendido en todo el mundo. El Resplandor es la tercera novela publicada por King y \u00e9sta marca [&hellip;]<\/p>\n","protected":false},"featured_media":2439,"template":"","meta":[],"product_brand":[],"product_cat":[25],"product_tag":[54,271,45,272],"class_list":{"0":"post-2443","1":"product","2":"type-product","3":"status-publish","4":"has-post-thumbnail","6":"product_cat-libros-digitales-ebooks","7":"product_tag-descargar-ebook","8":"product_tag-el-resplandor","9":"product_tag-mejor-novela","10":"product_tag-stephen-king","12":"first","13":"instock","14":"shipping-taxable","15":"purchasable","16":"product-type-variable","17":"has-default-attributes"},"_links":{"self":[{"href":"https:\/\/www.taller-palabras.com\/WordPress_04\/wp-json\/wp\/v2\/product\/2443","targetHints":{"allow":["GET"]}}],"collection":[{"href":"https:\/\/www.taller-palabras.com\/WordPress_04\/wp-json\/wp\/v2\/product"}],"about":[{"href":"https:\/\/www.taller-palabras.com\/WordPress_04\/wp-json\/wp\/v2\/types\/product"}],"wp:featuredmedia":[{"embeddable":true,"href":"https:\/\/www.taller-palabras.com\/WordPress_04\/wp-json\/wp\/v2\/media\/2439"}],"wp:attachment":[{"href":"https:\/\/www.taller-palabras.com\/WordPress_04\/wp-json\/wp\/v2\/media?parent=2443"}],"wp:term":[{"taxonomy":"product_brand","embeddable":true,"href":"https:\/\/www.taller-palabras.com\/WordPress_04\/wp-json\/wp\/v2\/product_brand?post=2443"},{"taxonomy":"product_cat","embeddable":true,"href":"https:\/\/www.taller-palabras.com\/WordPress_04\/wp-json\/wp\/v2\/product_cat?post=2443"},{"taxonomy":"product_tag","embeddable":true,"href":"https:\/\/www.taller-palabras.com\/WordPress_04\/wp-json\/wp\/v2\/product_tag?post=2443"}],"curies":[{"name":"wp","href":"https:\/\/api.w.org\/{rel}","templated":true}]}}