{"id":2456,"date":"2020-09-18T11:16:35","date_gmt":"2020-09-18T14:16:35","guid":{"rendered":"https:\/\/www.taller-palabras.com\/WordPress_04\/?post_type=product&#038;p=2456"},"modified":"2023-11-17T18:08:13","modified_gmt":"2023-11-17T21:08:13","slug":"tombuctu-paul-auster-ebook","status":"publish","type":"product","link":"https:\/\/www.taller-palabras.com\/WordPress_04\/producto\/tombuctu-paul-auster-ebook","title":{"rendered":"Tombuct\u00fa &#8211; Paul Auster \/ebook"},"content":{"rendered":"<figure id=\"attachment_2239\" aria-describedby=\"caption-attachment-2239\" style=\"width: 150px\" class=\"wp-caption alignleft\"><img loading=\"lazy\" decoding=\"async\" class=\"wp-image-2239 size-thumbnail\" src=\"https:\/\/www.taller-palabras.com\/WordPress_04\/wp-content\/uploads\/2020\/07\/PaulAuster-150x150.jpg\" alt=\"\" width=\"150\" height=\"150\" srcset=\"https:\/\/www.taller-palabras.com\/WordPress_04\/wp-content\/uploads\/2020\/07\/PaulAuster-150x150.jpg 150w, https:\/\/www.taller-palabras.com\/WordPress_04\/wp-content\/uploads\/2020\/07\/PaulAuster-324x324.jpg 324w, https:\/\/www.taller-palabras.com\/WordPress_04\/wp-content\/uploads\/2020\/07\/PaulAuster-100x100.jpg 100w\" sizes=\"auto, (max-width: 150px) 100vw, 150px\" \/><figcaption id=\"caption-attachment-2239\" class=\"wp-caption-text\">Autor Paul Auster<\/figcaption><\/figure>\n<p>M\u00edster Bones es un perro de raza indefinida, pero de una inteligencia muy precisa. No habla ingl\u00e9s \u2014quiz\u00e1 porque se lo impide la forma de sus fauces\u2014, pero tantos a\u00f1os escuchando el incesante torrente verbal de su amo han hecho que lo comprenda a la perfecci\u00f3n, y que pueda pensar e interpretar el mundo con una sensibilidad muy canina y una sintaxis muy humana. Porque M\u00edster Bones tiene siete a\u00f1os y ha vivido desde que era un cachorro con William Gurevitch, m\u00e1s conocido como Willy Christmas desde que Santa Claus le habl\u00f3 desde el televisor, provocando en \u00e9l una aut\u00e9ntica experiencia m\u00edstica. Willy es un vagabundo, un poeta errante, un exc\u00e9ntrico superviviente de las revoluciones de los sesenta. En un principio, se asoci\u00f3 con M\u00edster Bones en busca de protecci\u00f3n, porque la vida en las calles es muy dura, pero lo que podr\u00eda haber sido una mera alianza de conveniencia se convirti\u00f3 en algo mucho m\u00e1s intenso, un mutuo descubrimiento (Willy hasta lleg\u00f3 a crear una sinfon\u00eda de olores, una obra de arte canino para deleitar a M\u00edster Bones), un amor sin condiciones. Juntos han recorrido Am\u00e9rica, han sobrevivido a duros inviernos en Brooklyn y han vuelto a salir a la carretera con la llegada del buen tiempo. Y ahora est\u00e1n en Baltimore, viviendo la que quiz\u00e1 sea su \u00faltima aventura en com\u00fan: desde hace d\u00edas Willy presiente que est\u00e1 llegando al final del camino, y antes de dirigirse a ese otro mundo que \u00e9l y M\u00edster Bones llaman Tombuct\u00fa quiere encontrar a Bea Swanson, la profesora del instituto que le abri\u00f3 las altas puertas de la poes\u00eda, para confiarle lo \u00fanico que le importa en la vida, sus setenta y cuatro cuadernos de poemas y el leal, inteligente, notable M\u00edster Bones.<\/p>\n","protected":false},"excerpt":{"rendered":"<p>M\u00edster Bones es un perro de raza indefinida, pero de una inteligencia muy precisa. No habla ingl\u00e9s \u2014quiz\u00e1 porque se lo impide la forma de sus fauces\u2014, pero tantos a\u00f1os escuchando el incesante torrente verbal de su amo han hecho que lo comprenda a la perfecci\u00f3n, y que pueda pensar e interpretar el mundo con [&hellip;]<\/p>\n","protected":false},"featured_media":2466,"template":"","meta":[],"product_brand":[],"product_cat":[25],"product_tag":[54,45,233,275],"class_list":{"0":"post-2456","1":"product","2":"type-product","3":"status-publish","4":"has-post-thumbnail","6":"product_cat-libros-digitales-ebooks","7":"product_tag-descargar-ebook","8":"product_tag-mejor-novela","9":"product_tag-paul-auster","10":"product_tag-tombuctu","12":"first","13":"instock","14":"shipping-taxable","15":"purchasable","16":"product-type-variable","17":"has-default-attributes"},"_links":{"self":[{"href":"https:\/\/www.taller-palabras.com\/WordPress_04\/wp-json\/wp\/v2\/product\/2456","targetHints":{"allow":["GET"]}}],"collection":[{"href":"https:\/\/www.taller-palabras.com\/WordPress_04\/wp-json\/wp\/v2\/product"}],"about":[{"href":"https:\/\/www.taller-palabras.com\/WordPress_04\/wp-json\/wp\/v2\/types\/product"}],"wp:featuredmedia":[{"embeddable":true,"href":"https:\/\/www.taller-palabras.com\/WordPress_04\/wp-json\/wp\/v2\/media\/2466"}],"wp:attachment":[{"href":"https:\/\/www.taller-palabras.com\/WordPress_04\/wp-json\/wp\/v2\/media?parent=2456"}],"wp:term":[{"taxonomy":"product_brand","embeddable":true,"href":"https:\/\/www.taller-palabras.com\/WordPress_04\/wp-json\/wp\/v2\/product_brand?post=2456"},{"taxonomy":"product_cat","embeddable":true,"href":"https:\/\/www.taller-palabras.com\/WordPress_04\/wp-json\/wp\/v2\/product_cat?post=2456"},{"taxonomy":"product_tag","embeddable":true,"href":"https:\/\/www.taller-palabras.com\/WordPress_04\/wp-json\/wp\/v2\/product_tag?post=2456"}],"curies":[{"name":"wp","href":"https:\/\/api.w.org\/{rel}","templated":true}]}}