{"id":2509,"date":"2020-10-06T09:47:35","date_gmt":"2020-10-06T12:47:35","guid":{"rendered":"https:\/\/www.taller-palabras.com\/WordPress_04\/?post_type=product&#038;p=2509"},"modified":"2024-01-02T13:42:48","modified_gmt":"2024-01-02T16:42:48","slug":"el-contador-de-historias-rabih-alameddine-ebook","status":"publish","type":"product","link":"https:\/\/www.taller-palabras.com\/WordPress_04\/producto\/el-contador-de-historias-rabih-alameddine-ebook","title":{"rendered":"El contador de historias &#8211; Rabih Alameddine  \/ebook"},"content":{"rendered":"<figure id=\"attachment_2487\" aria-describedby=\"caption-attachment-2487\" style=\"width: 150px\" class=\"wp-caption alignleft\"><img loading=\"lazy\" decoding=\"async\" class=\"wp-image-2487 size-thumbnail\" src=\"https:\/\/www.taller-palabras.com\/WordPress_04\/wp-content\/uploads\/2020\/10\/rabih_alameddine-150x150.jpg\" alt=\"\" width=\"150\" height=\"150\" srcset=\"https:\/\/www.taller-palabras.com\/WordPress_04\/wp-content\/uploads\/2020\/10\/rabih_alameddine-150x150.jpg 150w, https:\/\/www.taller-palabras.com\/WordPress_04\/wp-content\/uploads\/2020\/10\/rabih_alameddine-100x100.jpg 100w\" sizes=\"auto, (max-width: 150px) 100vw, 150px\" \/><figcaption id=\"caption-attachment-2487\" class=\"wp-caption-text\">Autor Rabih Alameddine<\/figcaption><\/figure>\n<p>Escuchad. Dejad que os cuente una historia. En 2003, Osama al-Kharrat regresa a Beirut, tras muchos a\u00f1os en Estados Unidos, para visitar a su padre agonizante. All\u00ed entra de nuevo en contacto con su infancia, con la traum\u00e1tica guerra contra Israel, pero sobre todo con la figura de su abuelo, un hakawati o contador de historias profesional. Sus historias sobre su llegada al L\u00edbano como hu\u00e9rfano de las guerras turcas se mezclan con cuentos tradicionales del Medio Oriente reimaginados, desde Abraham e Isaac hasta F\u00e1tima. Como un verdadero hakawati, Rabih Alameddine nos brinda Las mil y una noches de este siglo: una novela divertida y cautivadora que encanta desde sus primeras l\u00edneas. Una novela de gran calidad literaria que mezcla los mejores ingredientes de la narrativa de aventuras con la actualidad de Oriente medio.<\/p>\n","protected":false},"excerpt":{"rendered":"<p>Escuchad. Dejad que os cuente una historia. En 2003, Osama al-Kharrat regresa a Beirut, tras muchos a\u00f1os en Estados Unidos, para visitar a su padre agonizante. All\u00ed entra de nuevo en contacto con su infancia, con la traum\u00e1tica guerra contra Israel, pero sobre todo con la figura de su abuelo, un hakawati o contador de [&hellip;]<\/p>\n","protected":false},"featured_media":2490,"template":"","meta":[],"product_brand":[],"product_cat":[25],"product_tag":[54,282,45,280],"class_list":{"0":"post-2509","1":"product","2":"type-product","3":"status-publish","4":"has-post-thumbnail","6":"product_cat-libros-digitales-ebooks","7":"product_tag-descargar-ebook","8":"product_tag-el-contador-de-historias","9":"product_tag-mejor-novela","10":"product_tag-rabih-alameddine","12":"first","13":"instock","14":"shipping-taxable","15":"purchasable","16":"product-type-variable","17":"has-default-attributes"},"_links":{"self":[{"href":"https:\/\/www.taller-palabras.com\/WordPress_04\/wp-json\/wp\/v2\/product\/2509","targetHints":{"allow":["GET"]}}],"collection":[{"href":"https:\/\/www.taller-palabras.com\/WordPress_04\/wp-json\/wp\/v2\/product"}],"about":[{"href":"https:\/\/www.taller-palabras.com\/WordPress_04\/wp-json\/wp\/v2\/types\/product"}],"wp:featuredmedia":[{"embeddable":true,"href":"https:\/\/www.taller-palabras.com\/WordPress_04\/wp-json\/wp\/v2\/media\/2490"}],"wp:attachment":[{"href":"https:\/\/www.taller-palabras.com\/WordPress_04\/wp-json\/wp\/v2\/media?parent=2509"}],"wp:term":[{"taxonomy":"product_brand","embeddable":true,"href":"https:\/\/www.taller-palabras.com\/WordPress_04\/wp-json\/wp\/v2\/product_brand?post=2509"},{"taxonomy":"product_cat","embeddable":true,"href":"https:\/\/www.taller-palabras.com\/WordPress_04\/wp-json\/wp\/v2\/product_cat?post=2509"},{"taxonomy":"product_tag","embeddable":true,"href":"https:\/\/www.taller-palabras.com\/WordPress_04\/wp-json\/wp\/v2\/product_tag?post=2509"}],"curies":[{"name":"wp","href":"https:\/\/api.w.org\/{rel}","templated":true}]}}