{"id":2532,"date":"2020-10-17T17:16:04","date_gmt":"2020-10-17T20:16:04","guid":{"rendered":"https:\/\/www.taller-palabras.com\/WordPress_04\/?post_type=product&#038;p=2532"},"modified":"2023-12-30T10:46:13","modified_gmt":"2023-12-30T13:46:13","slug":"la-verdad-sobre-el-caso-harry-quebert-joel-dicker-ebook","status":"publish","type":"product","link":"https:\/\/www.taller-palabras.com\/WordPress_04\/producto\/la-verdad-sobre-el-caso-harry-quebert-joel-dicker-ebook","title":{"rendered":"La verdad sobre el caso Harry Quebert &#8211; J\u00f6el Dicker  \/ebook"},"content":{"rendered":"<figure id=\"attachment_2377\" aria-describedby=\"caption-attachment-2377\" style=\"width: 150px\" class=\"wp-caption alignleft\"><img loading=\"lazy\" decoding=\"async\" class=\"wp-image-2377 size-thumbnail\" src=\"https:\/\/www.taller-palabras.com\/WordPress_04\/wp-content\/uploads\/2020\/08\/JoelDicker-150x150.jpg\" alt=\"\" width=\"150\" height=\"150\" srcset=\"https:\/\/www.taller-palabras.com\/WordPress_04\/wp-content\/uploads\/2020\/08\/JoelDicker-150x150.jpg 150w, https:\/\/www.taller-palabras.com\/WordPress_04\/wp-content\/uploads\/2020\/08\/JoelDicker-100x100.jpg 100w\" sizes=\"auto, (max-width: 150px) 100vw, 150px\" \/><figcaption id=\"caption-attachment-2377\" class=\"wp-caption-text\">Autor J\u00f6el Dicker<\/figcaption><\/figure>\n<p>Qui\u00e9n mat\u00f3 a Nola Kellergan es la gran inc\u00f3gnita a desvelar en este thriller incomparable cuya experiencia de lectura escapa a cualquier tentativa de descripci\u00f3n. Intent\u00e9moslo: una gran novela policiaca y rom\u00e1ntica a tres tiempos \u22121975, 1998 y 2008\u2212 acerca del asesinato de una joven de quince a\u00f1os en la peque\u00f1a ciudad de Aurora, en New Hampshire. En 2008, Marcus Goldman, un joven escritor, visita a su mentor \u2212Harry Quebert, autor de una aclamada novela\u2212, y descubre que \u00e9ste tuvo una relaci\u00f3n secreta con Nola Kellergan. Poco despu\u00e9s, Harry es arrestado, acusado de asesinato, al encontrarse el cad\u00e1ver de Nola enterrado en su jard\u00edn. Marcus comienza a investigar y a escribir un libro sobre el caso. Mientras intenta demostrar la inocencia de Harry, una trama de secretos sale a la luz. La verdad s\u00f3lo llega al final de un largo, intrincado y apasionante recorrido.<\/p>\n","protected":false},"excerpt":{"rendered":"<p>Qui\u00e9n mat\u00f3 a Nola Kellergan es la gran inc\u00f3gnita a desvelar en este thriller incomparable cuya experiencia de lectura escapa a cualquier tentativa de descripci\u00f3n. Intent\u00e9moslo: una gran novela policiaca y rom\u00e1ntica a tres tiempos \u22121975, 1998 y 2008\u2212 acerca del asesinato de una joven de quince a\u00f1os en la peque\u00f1a ciudad de Aurora, en [&hellip;]<\/p>\n","protected":false},"featured_media":2519,"template":"","meta":[],"product_brand":[],"product_cat":[25],"product_tag":[54,259,285,45],"class_list":{"0":"post-2532","1":"product","2":"type-product","3":"status-publish","4":"has-post-thumbnail","6":"product_cat-libros-digitales-ebooks","7":"product_tag-descargar-ebook","8":"product_tag-joel-dicker","9":"product_tag-la-verdad-sobre-el-caso-harry-quebert","10":"product_tag-mejor-novela","12":"first","13":"instock","14":"shipping-taxable","15":"purchasable","16":"product-type-variable","17":"has-default-attributes"},"_links":{"self":[{"href":"https:\/\/www.taller-palabras.com\/WordPress_04\/wp-json\/wp\/v2\/product\/2532","targetHints":{"allow":["GET"]}}],"collection":[{"href":"https:\/\/www.taller-palabras.com\/WordPress_04\/wp-json\/wp\/v2\/product"}],"about":[{"href":"https:\/\/www.taller-palabras.com\/WordPress_04\/wp-json\/wp\/v2\/types\/product"}],"wp:featuredmedia":[{"embeddable":true,"href":"https:\/\/www.taller-palabras.com\/WordPress_04\/wp-json\/wp\/v2\/media\/2519"}],"wp:attachment":[{"href":"https:\/\/www.taller-palabras.com\/WordPress_04\/wp-json\/wp\/v2\/media?parent=2532"}],"wp:term":[{"taxonomy":"product_brand","embeddable":true,"href":"https:\/\/www.taller-palabras.com\/WordPress_04\/wp-json\/wp\/v2\/product_brand?post=2532"},{"taxonomy":"product_cat","embeddable":true,"href":"https:\/\/www.taller-palabras.com\/WordPress_04\/wp-json\/wp\/v2\/product_cat?post=2532"},{"taxonomy":"product_tag","embeddable":true,"href":"https:\/\/www.taller-palabras.com\/WordPress_04\/wp-json\/wp\/v2\/product_tag?post=2532"}],"curies":[{"name":"wp","href":"https:\/\/api.w.org\/{rel}","templated":true}]}}