{"id":2597,"date":"2020-11-08T14:23:35","date_gmt":"2020-11-08T17:23:35","guid":{"rendered":"https:\/\/www.taller-palabras.com\/WordPress_04\/?post_type=product&#038;p=2597"},"modified":"2024-01-12T11:50:13","modified_gmt":"2024-01-12T14:50:13","slug":"jane-eyre-charlotte-bronte-ebook","status":"publish","type":"product","link":"https:\/\/www.taller-palabras.com\/WordPress_04\/producto\/jane-eyre-charlotte-bronte-ebook","title":{"rendered":"Jane Eyre &#8211; Charlotte Br\u00f6nte \/ebook"},"content":{"rendered":"<figure id=\"attachment_2588\" aria-describedby=\"caption-attachment-2588\" style=\"width: 150px\" class=\"wp-caption alignleft\"><img loading=\"lazy\" decoding=\"async\" class=\"wp-image-2588 size-thumbnail\" src=\"https:\/\/www.taller-palabras.com\/WordPress_04\/wp-content\/uploads\/2020\/11\/charlotteBronte-150x150.jpg\" alt=\"\" width=\"150\" height=\"150\" srcset=\"https:\/\/www.taller-palabras.com\/WordPress_04\/wp-content\/uploads\/2020\/11\/charlotteBronte-150x150.jpg 150w, https:\/\/www.taller-palabras.com\/WordPress_04\/wp-content\/uploads\/2020\/11\/charlotteBronte-100x100.jpg 100w\" sizes=\"auto, (max-width: 150px) 100vw, 150px\" \/><figcaption id=\"caption-attachment-2588\" class=\"wp-caption-text\">Autora Charlotte Br\u00f6nte<\/figcaption><\/figure>\n<p>De \u00abJane Eyre\u00bb (1847), ciertamente una de las novelas m\u00e1s famosas de estos dos \u00faltimos siglos, solemos conservar la imagen ultra-rom\u00e1ntica de una azarosa historia de amor entre una institutriz pobre y su rico e imponente patr\u00f3n, todo en el marco truculento de una fantasmagor\u00eda g\u00f3tica. Y olvidamos que, antes y despu\u00e9s de la relaci\u00f3n central con el volc\u00e1nico se\u00f1or Rochester, la hero\u00edna tiene otras relaciones, otras historias: episodios escalofriantes de una infancia tan maltratada como rebelde, a\u00f1os de enfermedad y aprendizaje en un t\u00e9trico internado, inesperados golpes de fortuna, e incluso remansos de paz familiar y nuevas aunque enga\u00f1osas proposiciones de matrimonio. Olvidamos, en fin, que la novela es todo un libro de la vida, una confesi\u00f3n certera de un completo itinerario espiritual, y una exhaustiva ilustraci\u00f3n de la lucha entre conciencia y sentimiento, entre principios y deseos, entre legitimidad y car\u00e1cter, de una mujer que es la \u00abllama cautiva\u00bb entre los extremos que forman su naturaleza. Carmen Mart\u00edn Gaite ha rescatado el vigor, la riqueza y la naturalidad expresiva de un texto un tanto desvirtuado por la popularidad de sus m\u00faltiples versiones. Gracias a su traducci\u00f3n, hecha ex profeso para esta edici\u00f3n, quien creyera conocer esta novela, al leerla de nuevo, m\u00e1s que recordarla, la descubrir\u00e1.<\/p>\n","protected":false},"excerpt":{"rendered":"<p>De \u00abJane Eyre\u00bb (1847), ciertamente una de las novelas m\u00e1s famosas de estos dos \u00faltimos siglos, solemos conservar la imagen ultra-rom\u00e1ntica de una azarosa historia de amor entre una institutriz pobre y su rico e imponente patr\u00f3n, todo en el marco truculento de una fantasmagor\u00eda g\u00f3tica. Y olvidamos que, antes y despu\u00e9s de la relaci\u00f3n [&hellip;]<\/p>\n","protected":false},"featured_media":2590,"template":"","meta":[],"product_brand":[],"product_cat":[25],"product_tag":[298,54,297,45],"class_list":{"0":"post-2597","1":"product","2":"type-product","3":"status-publish","4":"has-post-thumbnail","6":"product_cat-libros-digitales-ebooks","7":"product_tag-charlotte-bronte","8":"product_tag-descargar-ebook","9":"product_tag-jane-eyre","10":"product_tag-mejor-novela","12":"first","13":"instock","14":"shipping-taxable","15":"purchasable","16":"product-type-variable","17":"has-default-attributes"},"_links":{"self":[{"href":"https:\/\/www.taller-palabras.com\/WordPress_04\/wp-json\/wp\/v2\/product\/2597","targetHints":{"allow":["GET"]}}],"collection":[{"href":"https:\/\/www.taller-palabras.com\/WordPress_04\/wp-json\/wp\/v2\/product"}],"about":[{"href":"https:\/\/www.taller-palabras.com\/WordPress_04\/wp-json\/wp\/v2\/types\/product"}],"wp:featuredmedia":[{"embeddable":true,"href":"https:\/\/www.taller-palabras.com\/WordPress_04\/wp-json\/wp\/v2\/media\/2590"}],"wp:attachment":[{"href":"https:\/\/www.taller-palabras.com\/WordPress_04\/wp-json\/wp\/v2\/media?parent=2597"}],"wp:term":[{"taxonomy":"product_brand","embeddable":true,"href":"https:\/\/www.taller-palabras.com\/WordPress_04\/wp-json\/wp\/v2\/product_brand?post=2597"},{"taxonomy":"product_cat","embeddable":true,"href":"https:\/\/www.taller-palabras.com\/WordPress_04\/wp-json\/wp\/v2\/product_cat?post=2597"},{"taxonomy":"product_tag","embeddable":true,"href":"https:\/\/www.taller-palabras.com\/WordPress_04\/wp-json\/wp\/v2\/product_tag?post=2597"}],"curies":[{"name":"wp","href":"https:\/\/api.w.org\/{rel}","templated":true}]}}