{"id":2613,"date":"2020-11-09T10:37:39","date_gmt":"2020-11-09T13:37:39","guid":{"rendered":"https:\/\/www.taller-palabras.com\/WordPress_04\/?post_type=product&#038;p=2613"},"modified":"2024-01-12T12:16:10","modified_gmt":"2024-01-12T15:16:10","slug":"crepusculo-stephenie-meyer-ebook","status":"publish","type":"product","link":"https:\/\/www.taller-palabras.com\/WordPress_04\/producto\/crepusculo-stephenie-meyer-ebook","title":{"rendered":"Crep\u00fasculo &#8211; Stephenie Meyer \/ebook"},"content":{"rendered":"<figure id=\"attachment_2617\" aria-describedby=\"caption-attachment-2617\" style=\"width: 150px\" class=\"wp-caption alignleft\"><img loading=\"lazy\" decoding=\"async\" class=\"wp-image-2617 size-thumbnail\" src=\"https:\/\/www.taller-palabras.com\/WordPress_04\/wp-content\/uploads\/2020\/11\/StephenieMeyer-150x150.jpg\" alt=\"\" width=\"150\" height=\"150\" srcset=\"https:\/\/www.taller-palabras.com\/WordPress_04\/wp-content\/uploads\/2020\/11\/StephenieMeyer-150x150.jpg 150w, https:\/\/www.taller-palabras.com\/WordPress_04\/wp-content\/uploads\/2020\/11\/StephenieMeyer-100x100.jpg 100w, https:\/\/www.taller-palabras.com\/WordPress_04\/wp-content\/uploads\/2020\/11\/StephenieMeyer.jpg 283w\" sizes=\"auto, (max-width: 150px) 100vw, 150px\" \/><figcaption id=\"caption-attachment-2617\" class=\"wp-caption-text\">Autora Stephenie Meyer<\/figcaption><\/figure>\n<p>Cuando Isabella Swan se muda a Forks, una peque\u00f1a localidad del estado de Washington en la que nunca deja de llover, piensa que es lo m\u00e1s aburrido que le pod\u00eda haber ocurrido en la vida. Pero su vida da un giro excitante y aterrador una vez que se encuentra con el misterioso y seductor Edward Cullen. Hasta ese momento, Edward se las ha arreglado para mantener en secreto su identidad vamp\u00edrica, pero ahora nadie se encuentra a salvo, y sobre todo Isabella, la persona a quien m\u00e1s quiere Edward&#8230;<\/p>\n","protected":false},"excerpt":{"rendered":"<p>Cuando Isabella Swan se muda a Forks, una peque\u00f1a localidad del estado de Washington en la que nunca deja de llover, piensa que es lo m\u00e1s aburrido que le pod\u00eda haber ocurrido en la vida. Pero su vida da un giro excitante y aterrador una vez que se encuentra con el misterioso y seductor Edward [&hellip;]<\/p>\n","protected":false},"featured_media":2618,"template":"","meta":[],"product_brand":[],"product_cat":[25],"product_tag":[301,54,45,1231],"class_list":{"0":"post-2613","1":"product","2":"type-product","3":"status-publish","4":"has-post-thumbnail","6":"product_cat-libros-digitales-ebooks","7":"product_tag-crepusculo","8":"product_tag-descargar-ebook","9":"product_tag-mejor-novela","10":"product_tag-stephenie-meyer","12":"first","13":"instock","14":"shipping-taxable","15":"purchasable","16":"product-type-variable","17":"has-default-attributes"},"_links":{"self":[{"href":"https:\/\/www.taller-palabras.com\/WordPress_04\/wp-json\/wp\/v2\/product\/2613","targetHints":{"allow":["GET"]}}],"collection":[{"href":"https:\/\/www.taller-palabras.com\/WordPress_04\/wp-json\/wp\/v2\/product"}],"about":[{"href":"https:\/\/www.taller-palabras.com\/WordPress_04\/wp-json\/wp\/v2\/types\/product"}],"wp:featuredmedia":[{"embeddable":true,"href":"https:\/\/www.taller-palabras.com\/WordPress_04\/wp-json\/wp\/v2\/media\/2618"}],"wp:attachment":[{"href":"https:\/\/www.taller-palabras.com\/WordPress_04\/wp-json\/wp\/v2\/media?parent=2613"}],"wp:term":[{"taxonomy":"product_brand","embeddable":true,"href":"https:\/\/www.taller-palabras.com\/WordPress_04\/wp-json\/wp\/v2\/product_brand?post=2613"},{"taxonomy":"product_cat","embeddable":true,"href":"https:\/\/www.taller-palabras.com\/WordPress_04\/wp-json\/wp\/v2\/product_cat?post=2613"},{"taxonomy":"product_tag","embeddable":true,"href":"https:\/\/www.taller-palabras.com\/WordPress_04\/wp-json\/wp\/v2\/product_tag?post=2613"}],"curies":[{"name":"wp","href":"https:\/\/api.w.org\/{rel}","templated":true}]}}