{"id":2625,"date":"2020-11-09T10:46:15","date_gmt":"2020-11-09T13:46:15","guid":{"rendered":"https:\/\/www.taller-palabras.com\/WordPress_04\/?post_type=product&#038;p=2625"},"modified":"2024-01-12T12:54:34","modified_gmt":"2024-01-12T15:54:34","slug":"el-caballero-de-la-armadura-oxidada-robert-fisher-ebook","status":"publish","type":"product","link":"https:\/\/www.taller-palabras.com\/WordPress_04\/producto\/el-caballero-de-la-armadura-oxidada-robert-fisher-ebook","title":{"rendered":"El caballero de la armadura oxidada &#8211; Robert Fisher \/ebook)"},"content":{"rendered":"<figure id=\"attachment_2629\" aria-describedby=\"caption-attachment-2629\" style=\"width: 150px\" class=\"wp-caption alignleft\"><img loading=\"lazy\" decoding=\"async\" class=\"wp-image-2629 size-thumbnail\" src=\"https:\/\/www.taller-palabras.com\/WordPress_04\/wp-content\/uploads\/2020\/11\/RobertFisher-150x150.jpg\" alt=\"\" width=\"150\" height=\"150\" srcset=\"https:\/\/www.taller-palabras.com\/WordPress_04\/wp-content\/uploads\/2020\/11\/RobertFisher-150x150.jpg 150w, https:\/\/www.taller-palabras.com\/WordPress_04\/wp-content\/uploads\/2020\/11\/RobertFisher-100x100.jpg 100w, https:\/\/www.taller-palabras.com\/WordPress_04\/wp-content\/uploads\/2020\/11\/RobertFisher.jpg 283w\" sizes=\"auto, (max-width: 150px) 100vw, 150px\" \/><figcaption id=\"caption-attachment-2629\" class=\"wp-caption-text\">Autor Robert Fisher<\/figcaption><\/figure>\n<p>&#8216;El caballero de la armadura oxidada&#8217; (en ingl\u00e9s, &#8216;The Knight in Rusty Armor&#8217;) es una novela del escritor estadounidense Robert Fisher, en el g\u00e9nero de autoayuda con elementos de ficci\u00f3n. Es un best seller del que se han vendido m\u00e1s de un mill\u00f3n de copias y ha tenido un gran impacto tanto en ni\u00f1os como en adultos. Este libro refleja el proceso de un ser humano que no expresa sus sentimientos. Los cambios y los sentimientos que un hombre con coraz\u00f3n deber\u00eda tener est\u00e1n reflejados en los castillos que tiene que atravesar y la confianza que debe tener.<\/p>\n","protected":false},"excerpt":{"rendered":"<p>&#8216;El caballero de la armadura oxidada&#8217; (en ingl\u00e9s, &#8216;The Knight in Rusty Armor&#8217;) es una novela del escritor estadounidense Robert Fisher, en el g\u00e9nero de autoayuda con elementos de ficci\u00f3n. Es un best seller del que se han vendido m\u00e1s de un mill\u00f3n de copias y ha tenido un gran impacto tanto en ni\u00f1os como [&hellip;]<\/p>\n","protected":false},"featured_media":2630,"template":"","meta":[],"product_brand":[],"product_cat":[25],"product_tag":[54,303,45,302],"class_list":{"0":"post-2625","1":"product","2":"type-product","3":"status-publish","4":"has-post-thumbnail","6":"product_cat-libros-digitales-ebooks","7":"product_tag-descargar-ebook","8":"product_tag-el-caballero-de-la-armadura-oxidada","9":"product_tag-mejor-novela","10":"product_tag-robert-fisher","12":"first","13":"instock","14":"shipping-taxable","15":"purchasable","16":"product-type-variable","17":"has-default-attributes"},"_links":{"self":[{"href":"https:\/\/www.taller-palabras.com\/WordPress_04\/wp-json\/wp\/v2\/product\/2625","targetHints":{"allow":["GET"]}}],"collection":[{"href":"https:\/\/www.taller-palabras.com\/WordPress_04\/wp-json\/wp\/v2\/product"}],"about":[{"href":"https:\/\/www.taller-palabras.com\/WordPress_04\/wp-json\/wp\/v2\/types\/product"}],"wp:featuredmedia":[{"embeddable":true,"href":"https:\/\/www.taller-palabras.com\/WordPress_04\/wp-json\/wp\/v2\/media\/2630"}],"wp:attachment":[{"href":"https:\/\/www.taller-palabras.com\/WordPress_04\/wp-json\/wp\/v2\/media?parent=2625"}],"wp:term":[{"taxonomy":"product_brand","embeddable":true,"href":"https:\/\/www.taller-palabras.com\/WordPress_04\/wp-json\/wp\/v2\/product_brand?post=2625"},{"taxonomy":"product_cat","embeddable":true,"href":"https:\/\/www.taller-palabras.com\/WordPress_04\/wp-json\/wp\/v2\/product_cat?post=2625"},{"taxonomy":"product_tag","embeddable":true,"href":"https:\/\/www.taller-palabras.com\/WordPress_04\/wp-json\/wp\/v2\/product_tag?post=2625"}],"curies":[{"name":"wp","href":"https:\/\/api.w.org\/{rel}","templated":true}]}}