{"id":2631,"date":"2020-11-09T10:52:11","date_gmt":"2020-11-09T13:52:11","guid":{"rendered":"https:\/\/www.taller-palabras.com\/WordPress_04\/?post_type=product&#038;p=2631"},"modified":"2024-01-12T17:21:14","modified_gmt":"2024-01-12T20:21:14","slug":"el-cementerio-de-praga-umberto-eco-ebook","status":"publish","type":"product","link":"https:\/\/www.taller-palabras.com\/WordPress_04\/producto\/el-cementerio-de-praga-umberto-eco-ebook","title":{"rendered":"El cementerio de Praga &#8211; Umberto Eco \/ebook)"},"content":{"rendered":"<figure id=\"attachment_2208\" aria-describedby=\"caption-attachment-2208\" style=\"width: 150px\" class=\"wp-caption alignleft\"><img loading=\"lazy\" decoding=\"async\" class=\"wp-image-2208 size-thumbnail\" src=\"https:\/\/www.taller-palabras.com\/WordPress_04\/wp-content\/uploads\/2020\/07\/umberto-eco-150x150.jpg\" alt=\"\" width=\"150\" height=\"150\" srcset=\"https:\/\/www.taller-palabras.com\/WordPress_04\/wp-content\/uploads\/2020\/07\/umberto-eco-150x150.jpg 150w, https:\/\/www.taller-palabras.com\/WordPress_04\/wp-content\/uploads\/2020\/07\/umberto-eco-100x100.jpg 100w\" sizes=\"auto, (max-width: 150px) 100vw, 150px\" \/><figcaption id=\"caption-attachment-2208\" class=\"wp-caption-text\">Autor Umberto Eco<\/figcaption><\/figure>\n<p>Me da verg\u00fcenza ponerme a escribir, como si desnudara mi alma.\u00bb As\u00ed empieza el relato vital del capit\u00e1n Simonini, un piamont\u00e9s afincado en Par\u00eds que desde joven se dedica al noble oficio de crear documentos falsos. Estamos en marzo de 1897 pero las memorias de este curioso individuo abarcar\u00e1n todo el siglo XIX. Es un homenaje a la novela propia de la \u00e9poca, el follet\u00edn, son las novelas de Dumas y Sue las que inspiran al falsario en la creaci\u00f3n de sus documentos, de lo cual se deduce que es la realidad la que copia a la literatura y no viceversa. En El cementerio de Praga, nada es lo que parece y nadie es quien realmente dice ser: todo es seg\u00fan convenga, pues, bien mirado, la diferencia entre un hada y una bruja es solo una cuesti\u00f3n de edad y encanto\u2026<\/p>\n","protected":false},"excerpt":{"rendered":"<p>Me da verg\u00fcenza ponerme a escribir, como si desnudara mi alma.\u00bb As\u00ed empieza el relato vital del capit\u00e1n Simonini, un piamont\u00e9s afincado en Par\u00eds que desde joven se dedica al noble oficio de crear documentos falsos. Estamos en marzo de 1897 pero las memorias de este curioso individuo abarcar\u00e1n todo el siglo XIX. Es un [&hellip;]<\/p>\n","protected":false},"featured_media":2638,"template":"","meta":[],"product_brand":[],"product_cat":[25],"product_tag":[54,304,45,305],"class_list":{"0":"post-2631","1":"product","2":"type-product","3":"status-publish","4":"has-post-thumbnail","6":"product_cat-libros-digitales-ebooks","7":"product_tag-descargar-ebook","8":"product_tag-el-cementerio-de-praga","9":"product_tag-mejor-novela","10":"product_tag-umberto-eco","12":"first","13":"instock","14":"shipping-taxable","15":"purchasable","16":"product-type-variable","17":"has-default-attributes"},"_links":{"self":[{"href":"https:\/\/www.taller-palabras.com\/WordPress_04\/wp-json\/wp\/v2\/product\/2631","targetHints":{"allow":["GET"]}}],"collection":[{"href":"https:\/\/www.taller-palabras.com\/WordPress_04\/wp-json\/wp\/v2\/product"}],"about":[{"href":"https:\/\/www.taller-palabras.com\/WordPress_04\/wp-json\/wp\/v2\/types\/product"}],"wp:featuredmedia":[{"embeddable":true,"href":"https:\/\/www.taller-palabras.com\/WordPress_04\/wp-json\/wp\/v2\/media\/2638"}],"wp:attachment":[{"href":"https:\/\/www.taller-palabras.com\/WordPress_04\/wp-json\/wp\/v2\/media?parent=2631"}],"wp:term":[{"taxonomy":"product_brand","embeddable":true,"href":"https:\/\/www.taller-palabras.com\/WordPress_04\/wp-json\/wp\/v2\/product_brand?post=2631"},{"taxonomy":"product_cat","embeddable":true,"href":"https:\/\/www.taller-palabras.com\/WordPress_04\/wp-json\/wp\/v2\/product_cat?post=2631"},{"taxonomy":"product_tag","embeddable":true,"href":"https:\/\/www.taller-palabras.com\/WordPress_04\/wp-json\/wp\/v2\/product_tag?post=2631"}],"curies":[{"name":"wp","href":"https:\/\/api.w.org\/{rel}","templated":true}]}}